{"id":16384,"date":"2021-02-15T23:15:04","date_gmt":"2021-02-15T23:15:04","guid":{"rendered":"https:\/\/campingsingirona.com\/evaringen\/family-friendly\/"},"modified":"2023-08-01T11:05:00","modified_gmt":"2023-08-01T11:05:00","slug":"family-friendly","status":"publish","type":"page","link":"https:\/\/campingsingirona.com\/nl\/ervaringen\/family-friendly\/","title":{"rendered":"Kids &#038; Fun"},"content":{"rendered":"\n<h2 class=\"wp-block-heading\">Activiteiten voor alle leeftijden<\/h2>\n\n\n\n<p>Campings in Girona biedt een grote verscheidenheid aan campings met Kids &amp; Fun certificering, gericht op gezinnen met kinderen van alle leeftijden. In totaal zijn er 35 familiecampings verspreid over de Costa Brava en in de Pyrenee\u00ebn. Allen onderscheiden zich door speciale service voor gezinnen, aangepaste infrastructuur en ontelbare activiteiten voor alle leeftijden, evenals door de natuurlijke omgeving, ideaal om van te genieten met het hele gezin.<\/p>\n\n\n\n<p>Of je nu kiest voor een bestemming aan zee of in de bergen, we garanderen je een fantastische familievakantie midden in de natuur en in de openlucht. De aangeboden service en activiteiten van de Kids &amp; Fun campings zijn zeer gevarieerd, maar de meest gevraagde zijn: kinderentertainment, voetbal- en basketbalvelden, zwembaden en aquaparken, restaurants met kindermenu, cr\u00e8ches en feesten voor volwassenen en kinderen, om maar een aantal activiteiten te noemen die gezinsplezier en vrijheid voor elk gezinslid combineren.<\/p>\n\n\n\n<p>Bovendien zijn Kids &amp; Fun campings een magische plek voor jongens en meisjes van alle leeftijden: ze zullen vrienden maken van verschillende nationaliteiten, andere culturen leren kennen en hun sociale vaardigheden ontwikkelen in een veilige en gezonde omgeving. Dankzij de activiteiten onder leiding van het animatieteam zullen de kleintjes de camping nooit meer willen verlaten. Volgend jaar zullen ze opnieuw willen gaan om n\u00f3g een keer met hun vrienden te genieten!<\/p>\n\n\n\n<h2 class=\"wp-block-heading\">Campings met kinderen in Girona<\/h2>\n\n\n\n<p>Laten we niet vergeten dat veel van de Kids &amp; Fun campings in gemeenten ligger die zijn gecertificeerd met het zegel Turismo Familiar (Familietoerisme). Dit zegel identificeert al die gemeenten die gespecialiseerd zijn in de opvang van gezinnen en die faciliteiten voor familietoerisme bieden. De bestemmingen voor Turismo Familiar (Familietoerisme) aan de Costa Brava en in de Pyrenee\u00ebn van Girona zijn: Blanes, Lloret de Mar, Torroella de Montgr\u00ed, Calonge-Sant Antoni, Roses, Castell &#8211; Platja d&#8217;Aro, Sant Feliu de Gu\u00edxols, Sant Pere Pescador en de Vall d&#8217;en Bas &#8211; Les Preses. In sommige van deze plaatsen vind je <a href=\"https:\/\/translate.google.com\/translate?hl=es&amp;prev=_t&amp;sl=es&amp;tl=nl&amp;u=https:\/\/campingsingirona.com\/inspirat\/en\/7-platges-per-gaudir-en-familia\/\">ideale familiestranden.<\/a><\/p>\n","protected":false},"excerpt":{"rendered":"<p>Activiteiten voor alle leeftijden Campings in Girona biedt een grote verscheidenheid aan campings met Kids &amp; Fun certificering, gericht op gezinnen met kinderen van alle leeftijden. In totaal zijn er 35 familiecampings verspreid over de Costa Brava en in de Pyrenee\u00ebn. Allen onderscheiden zich door speciale service voor gezinnen, aangepaste infrastructuur en ontelbare activiteiten voor [&hellip;]<\/p>\n","protected":false},"author":1,"featured_media":16135,"parent":15899,"menu_order":0,"comment_status":"closed","ping_status":"closed","template":"template-experiencia.php","meta":{"_acf_changed":false,"footnotes":""},"class_list":["post-16384","page","type-page","status-publish","has-post-thumbnail","hentry"],"acf":[],"_links":{"self":[{"href":"https:\/\/campingsingirona.com\/nl\/wp-json\/wp\/v2\/pages\/16384","targetHints":{"allow":["GET"]}}],"collection":[{"href":"https:\/\/campingsingirona.com\/nl\/wp-json\/wp\/v2\/pages"}],"about":[{"href":"https:\/\/campingsingirona.com\/nl\/wp-json\/wp\/v2\/types\/page"}],"author":[{"embeddable":true,"href":"https:\/\/campingsingirona.com\/nl\/wp-json\/wp\/v2\/users\/1"}],"replies":[{"embeddable":true,"href":"https:\/\/campingsingirona.com\/nl\/wp-json\/wp\/v2\/comments?post=16384"}],"version-history":[{"count":5,"href":"https:\/\/campingsingirona.com\/nl\/wp-json\/wp\/v2\/pages\/16384\/revisions"}],"predecessor-version":[{"id":103642,"href":"https:\/\/campingsingirona.com\/nl\/wp-json\/wp\/v2\/pages\/16384\/revisions\/103642"}],"up":[{"embeddable":true,"href":"https:\/\/campingsingirona.com\/nl\/wp-json\/wp\/v2\/pages\/15899"}],"wp:featuredmedia":[{"embeddable":true,"href":"https:\/\/campingsingirona.com\/nl\/wp-json\/wp\/v2\/media\/16135"}],"wp:attachment":[{"href":"https:\/\/campingsingirona.com\/nl\/wp-json\/wp\/v2\/media?parent=16384"}],"curies":[{"name":"wp","href":"https:\/\/api.w.org\/{rel}","templated":true}]}}