{"id":27650,"date":"2021-10-27T08:00:25","date_gmt":"2021-10-27T08:00:25","guid":{"rendered":"https:\/\/campingsingirona.com\/experiences\/open-365\/"},"modified":"2021-11-08T08:43:24","modified_gmt":"2021-11-08T08:43:24","slug":"open-365","status":"publish","type":"page","link":"https:\/\/campingsingirona.com\/fr\/experiences\/open-365\/","title":{"rendered":"Open 365"},"content":{"rendered":"\n<h2 class=\"wp-block-heading\"><strong>Les Campings de G\u00e9rone se vivent toute l\u2019ann\u00e9e<\/strong><\/h2>\n\n\n\n<p>Partir en camping est une exp\u00e9rience fantastique pour d\u00e9couvrir la Costa Brava et les Pyr\u00e9n\u00e9es, que vous pouvez r\u00e9aliser et vivre \u00e0 n\u2019importe quelle \u00e9poque.<\/p>\n\n\n\n<p>Vous pourrez <strong>s\u00e9journer les 365 jours de l\u2019ann\u00e9e<\/strong> dans les Campings de G\u00e9rone. Ils vous feront vivre mille aventures et d\u00e9couvrir le territoire de mille mani\u00e8res diff\u00e9rentes. Vous pr\u00e9f\u00e9rez vous baigner \u00e0 la piscine ou un bain de mer en \u00e9t\u00e9, ou vous promener dans les for\u00eats magiques d\u2019arbres \u00e0 feuilles caduques en automne&nbsp;? Vous n\u2019avez pas \u00e0 attendre. Vous pouvez partir en camping quand vous en avez envie.<\/p>\n\n\n\n<p>En outre, les campings de la Costa Brava et des Pyr\u00e9n\u00e9es, ouverts toute l\u2019ann\u00e9e, proposent des <strong>logements confortables, climatis\u00e9s et avec tout type de services<\/strong> pour que vous vous sentiez comme chez vous.<\/p>\n\n\n\n<p>Vous avez envie de partir en camping&nbsp;? D\u00e9couvrez les Campings Open 365 et venez nous rendre visite d\u00e8s que vous le souhaitez&nbsp;! \ud83d\udc47<\/p>\n","protected":false},"excerpt":{"rendered":"<p>Les Campings de G\u00e9rone se vivent toute l\u2019ann\u00e9e Partir en camping est une exp\u00e9rience fantastique pour d\u00e9couvrir la Costa Brava et les Pyr\u00e9n\u00e9es, que vous pouvez r\u00e9aliser et vivre \u00e0 n\u2019importe quelle \u00e9poque. Vous pourrez s\u00e9journer les 365 jours de l\u2019ann\u00e9e dans les Campings de G\u00e9rone. Ils vous feront vivre mille aventures et d\u00e9couvrir le [&hellip;]<\/p>\n","protected":false},"author":1,"featured_media":26076,"parent":15910,"menu_order":0,"comment_status":"closed","ping_status":"closed","template":"template-experiencia.php","meta":{"_acf_changed":false,"footnotes":""},"class_list":["post-27650","page","type-page","status-publish","has-post-thumbnail","hentry"],"acf":[],"_links":{"self":[{"href":"https:\/\/campingsingirona.com\/fr\/wp-json\/wp\/v2\/pages\/27650","targetHints":{"allow":["GET"]}}],"collection":[{"href":"https:\/\/campingsingirona.com\/fr\/wp-json\/wp\/v2\/pages"}],"about":[{"href":"https:\/\/campingsingirona.com\/fr\/wp-json\/wp\/v2\/types\/page"}],"author":[{"embeddable":true,"href":"https:\/\/campingsingirona.com\/fr\/wp-json\/wp\/v2\/users\/1"}],"replies":[{"embeddable":true,"href":"https:\/\/campingsingirona.com\/fr\/wp-json\/wp\/v2\/comments?post=27650"}],"version-history":[{"count":5,"href":"https:\/\/campingsingirona.com\/fr\/wp-json\/wp\/v2\/pages\/27650\/revisions"}],"predecessor-version":[{"id":27672,"href":"https:\/\/campingsingirona.com\/fr\/wp-json\/wp\/v2\/pages\/27650\/revisions\/27672"}],"up":[{"embeddable":true,"href":"https:\/\/campingsingirona.com\/fr\/wp-json\/wp\/v2\/pages\/15910"}],"wp:featuredmedia":[{"embeddable":true,"href":"https:\/\/campingsingirona.com\/fr\/wp-json\/wp\/v2\/media\/26076"}],"wp:attachment":[{"href":"https:\/\/campingsingirona.com\/fr\/wp-json\/wp\/v2\/media?parent=27650"}],"curies":[{"name":"wp","href":"https:\/\/api.w.org\/{rel}","templated":true}]}}