{"id":16780,"date":"2021-02-18T14:42:38","date_gmt":"2021-02-18T14:42:38","guid":{"rendered":"https:\/\/campingsingirona.com\/destinos\/punts-accessibles\/"},"modified":"2021-04-19T21:08:02","modified_gmt":"2021-04-19T21:08:02","slug":"points-accessibles","status":"publish","type":"page","link":"https:\/\/campingsingirona.com\/fr\/points-dinteret\/points-accessibles\/","title":{"rendered":"Points accessibles"},"content":{"rendered":"\n<p class=\"has-text-align-center\">Divertissement sans limites\u00a0! Explorez tous les points accessibles aux personnes \u00e0 mobilit\u00e9 r\u00e9duite, et utilisez des services adapt\u00e9s sur les plages, les chemins, les mus\u00e9es, entre autres; pour des vacances sans obstacles. D\u00e9couvrez-les tous\u00a0!<\/p>\n","protected":false},"excerpt":{"rendered":"<p>Divertissement sans limites\u00a0! Explorez tous les points accessibles aux personnes \u00e0 mobilit\u00e9 r\u00e9duite, et utilisez des services adapt\u00e9s sur les plages, les chemins, les mus\u00e9es, entre autres; pour des vacances sans obstacles. D\u00e9couvrez-les tous\u00a0!<\/p>\n","protected":false},"author":1,"featured_media":15806,"parent":15923,"menu_order":0,"comment_status":"closed","ping_status":"closed","template":"template-tipo-destino.php","meta":{"_acf_changed":false,"footnotes":""},"class_list":["post-16780","page","type-page","status-publish","has-post-thumbnail","hentry"],"acf":[],"_links":{"self":[{"href":"https:\/\/campingsingirona.com\/fr\/wp-json\/wp\/v2\/pages\/16780","targetHints":{"allow":["GET"]}}],"collection":[{"href":"https:\/\/campingsingirona.com\/fr\/wp-json\/wp\/v2\/pages"}],"about":[{"href":"https:\/\/campingsingirona.com\/fr\/wp-json\/wp\/v2\/types\/page"}],"author":[{"embeddable":true,"href":"https:\/\/campingsingirona.com\/fr\/wp-json\/wp\/v2\/users\/1"}],"replies":[{"embeddable":true,"href":"https:\/\/campingsingirona.com\/fr\/wp-json\/wp\/v2\/comments?post=16780"}],"version-history":[{"count":1,"href":"https:\/\/campingsingirona.com\/fr\/wp-json\/wp\/v2\/pages\/16780\/revisions"}],"predecessor-version":[{"id":16781,"href":"https:\/\/campingsingirona.com\/fr\/wp-json\/wp\/v2\/pages\/16780\/revisions\/16781"}],"up":[{"embeddable":true,"href":"https:\/\/campingsingirona.com\/fr\/wp-json\/wp\/v2\/pages\/15923"}],"wp:featuredmedia":[{"embeddable":true,"href":"https:\/\/campingsingirona.com\/fr\/wp-json\/wp\/v2\/media\/15806"}],"wp:attachment":[{"href":"https:\/\/campingsingirona.com\/fr\/wp-json\/wp\/v2\/media?parent=16780"}],"curies":[{"name":"wp","href":"https:\/\/api.w.org\/{rel}","templated":true}]}}