{"id":16755,"date":"2021-02-18T14:41:48","date_gmt":"2021-02-18T14:41:48","guid":{"rendered":"https:\/\/campingsingirona.com\/destinos\/cultural-heritage\/"},"modified":"2021-04-19T20:38:08","modified_gmt":"2021-04-19T20:38:08","slug":"patrimoine-culturel","status":"publish","type":"page","link":"https:\/\/campingsingirona.com\/fr\/points-dinteret\/patrimoine-culturel\/","title":{"rendered":"Patrimoine culturel"},"content":{"rendered":"\n<p class=\"has-text-align-center\">Plongez dans la culture, et les traditions de la Costa Brava et des Pyr\u00e9n\u00e9es. Une terre sculpt\u00e9e par le passage de nombreuses civilisations et une source d\u2019inspiration pour les artistes du monde entier. Immergez-vous dans le territoire et vivez une exp\u00e9rience culturelle imbattable\u00a0!<\/p>\n","protected":false},"excerpt":{"rendered":"<p>Plongez dans la culture, et les traditions de la Costa Brava et des Pyr\u00e9n\u00e9es. Une terre sculpt\u00e9e par le passage de nombreuses civilisations et une source d\u2019inspiration pour les artistes du monde entier. Immergez-vous dans le territoire et vivez une exp\u00e9rience culturelle imbattable\u00a0!<\/p>\n","protected":false},"author":1,"featured_media":15774,"parent":15923,"menu_order":0,"comment_status":"closed","ping_status":"closed","template":"template-tipo-destino.php","meta":{"_acf_changed":false,"footnotes":""},"class_list":["post-16755","page","type-page","status-publish","has-post-thumbnail","hentry"],"acf":[],"_links":{"self":[{"href":"https:\/\/campingsingirona.com\/fr\/wp-json\/wp\/v2\/pages\/16755","targetHints":{"allow":["GET"]}}],"collection":[{"href":"https:\/\/campingsingirona.com\/fr\/wp-json\/wp\/v2\/pages"}],"about":[{"href":"https:\/\/campingsingirona.com\/fr\/wp-json\/wp\/v2\/types\/page"}],"author":[{"embeddable":true,"href":"https:\/\/campingsingirona.com\/fr\/wp-json\/wp\/v2\/users\/1"}],"replies":[{"embeddable":true,"href":"https:\/\/campingsingirona.com\/fr\/wp-json\/wp\/v2\/comments?post=16755"}],"version-history":[{"count":1,"href":"https:\/\/campingsingirona.com\/fr\/wp-json\/wp\/v2\/pages\/16755\/revisions"}],"predecessor-version":[{"id":16757,"href":"https:\/\/campingsingirona.com\/fr\/wp-json\/wp\/v2\/pages\/16755\/revisions\/16757"}],"up":[{"embeddable":true,"href":"https:\/\/campingsingirona.com\/fr\/wp-json\/wp\/v2\/pages\/15923"}],"wp:featuredmedia":[{"embeddable":true,"href":"https:\/\/campingsingirona.com\/fr\/wp-json\/wp\/v2\/media\/15774"}],"wp:attachment":[{"href":"https:\/\/campingsingirona.com\/fr\/wp-json\/wp\/v2\/media?parent=16755"}],"curies":[{"name":"wp","href":"https:\/\/api.w.org\/{rel}","templated":true}]}}