{"id":16738,"date":"2021-02-18T14:40:34","date_gmt":"2021-02-18T14:40:34","guid":{"rendered":"https:\/\/campingsingirona.com\/destinos\/chill-out-areas\/"},"modified":"2021-04-19T19:31:03","modified_gmt":"2021-04-19T19:31:03","slug":"espaces-detente","status":"publish","type":"page","link":"https:\/\/campingsingirona.com\/fr\/points-dinteret\/espaces-detente\/","title":{"rendered":"Espaces de d\u00e9tente"},"content":{"rendered":"\n<p>Chut\u00a0! Reposez-vous en silence, dans le havre de paix et de tranquillit\u00e9, qui entoure la Costa Brava et les Pyr\u00e9n\u00e9es. Plongez dans une destination id\u00e9ale pour d\u00e9connecter et vous retrouver. Localisez des centres de Spa, des cours de yoga, d\u2019ayurv\u00e9da sur la plage, des retraites, des ateliers d\u2019alimentation consciente et bien plus encore. Pr\u00eat pour une pause\u00a0?<\/p>\n","protected":false},"excerpt":{"rendered":"<p>Chut\u00a0! Reposez-vous en silence, dans le havre de paix et de tranquillit\u00e9, qui entoure la Costa Brava et les Pyr\u00e9n\u00e9es. Plongez dans une destination id\u00e9ale pour d\u00e9connecter et vous retrouver. Localisez des centres de Spa, des cours de yoga, d\u2019ayurv\u00e9da sur la plage, des retraites, des ateliers d\u2019alimentation consciente et bien plus encore. Pr\u00eat pour [&hellip;]<\/p>\n","protected":false},"author":1,"featured_media":15748,"parent":15923,"menu_order":0,"comment_status":"closed","ping_status":"closed","template":"template-tipo-destino.php","meta":{"_acf_changed":false,"footnotes":""},"class_list":["post-16738","page","type-page","status-publish","has-post-thumbnail","hentry"],"acf":[],"_links":{"self":[{"href":"https:\/\/campingsingirona.com\/fr\/wp-json\/wp\/v2\/pages\/16738","targetHints":{"allow":["GET"]}}],"collection":[{"href":"https:\/\/campingsingirona.com\/fr\/wp-json\/wp\/v2\/pages"}],"about":[{"href":"https:\/\/campingsingirona.com\/fr\/wp-json\/wp\/v2\/types\/page"}],"author":[{"embeddable":true,"href":"https:\/\/campingsingirona.com\/fr\/wp-json\/wp\/v2\/users\/1"}],"replies":[{"embeddable":true,"href":"https:\/\/campingsingirona.com\/fr\/wp-json\/wp\/v2\/comments?post=16738"}],"version-history":[{"count":1,"href":"https:\/\/campingsingirona.com\/fr\/wp-json\/wp\/v2\/pages\/16738\/revisions"}],"predecessor-version":[{"id":16739,"href":"https:\/\/campingsingirona.com\/fr\/wp-json\/wp\/v2\/pages\/16738\/revisions\/16739"}],"up":[{"embeddable":true,"href":"https:\/\/campingsingirona.com\/fr\/wp-json\/wp\/v2\/pages\/15923"}],"wp:featuredmedia":[{"embeddable":true,"href":"https:\/\/campingsingirona.com\/fr\/wp-json\/wp\/v2\/media\/15748"}],"wp:attachment":[{"href":"https:\/\/campingsingirona.com\/fr\/wp-json\/wp\/v2\/media?parent=16738"}],"curies":[{"name":"wp","href":"https:\/\/api.w.org\/{rel}","templated":true}]}}