{"id":16726,"date":"2021-02-18T14:40:07","date_gmt":"2021-02-18T14:40:07","guid":{"rendered":"https:\/\/campingsingirona.com\/destinos\/familietoegang\/"},"modified":"2021-04-29T07:49:08","modified_gmt":"2021-04-29T07:49:08","slug":"acces-familial","status":"publish","type":"page","link":"https:\/\/campingsingirona.com\/fr\/points-dinteret\/acces-familial\/","title":{"rendered":"Acc\u00e8s familial"},"content":{"rendered":"\n<p>Profitez de la Costa Brava et des Pyr\u00e9n\u00e9es en famille&nbsp;! Les r\u00e9gions de G\u00e9rone vous proposent des milliers d\u2019activit\u00e9s, d\u2019excursions et de visites aptes pour tous les membres de la famille, qui, nous en sommes s\u00fbrs, ne vous laisseront pas indiff\u00e9rents.<\/p>\n","protected":false},"excerpt":{"rendered":"<p>Profitez de la Costa Brava et des Pyr\u00e9n\u00e9es en famille&nbsp;! Les r\u00e9gions de G\u00e9rone vous proposent des milliers d\u2019activit\u00e9s, d\u2019excursions et de visites aptes pour tous les membres de la famille, qui, nous en sommes s\u00fbrs, ne vous laisseront pas indiff\u00e9rents.<\/p>\n","protected":false},"author":1,"featured_media":15734,"parent":15923,"menu_order":0,"comment_status":"closed","ping_status":"closed","template":"template-tipo-destino.php","meta":{"_acf_changed":false,"footnotes":""},"class_list":["post-16726","page","type-page","status-publish","has-post-thumbnail","hentry"],"acf":[],"_links":{"self":[{"href":"https:\/\/campingsingirona.com\/fr\/wp-json\/wp\/v2\/pages\/16726","targetHints":{"allow":["GET"]}}],"collection":[{"href":"https:\/\/campingsingirona.com\/fr\/wp-json\/wp\/v2\/pages"}],"about":[{"href":"https:\/\/campingsingirona.com\/fr\/wp-json\/wp\/v2\/types\/page"}],"author":[{"embeddable":true,"href":"https:\/\/campingsingirona.com\/fr\/wp-json\/wp\/v2\/users\/1"}],"replies":[{"embeddable":true,"href":"https:\/\/campingsingirona.com\/fr\/wp-json\/wp\/v2\/comments?post=16726"}],"version-history":[{"count":2,"href":"https:\/\/campingsingirona.com\/fr\/wp-json\/wp\/v2\/pages\/16726\/revisions"}],"predecessor-version":[{"id":17539,"href":"https:\/\/campingsingirona.com\/fr\/wp-json\/wp\/v2\/pages\/16726\/revisions\/17539"}],"up":[{"embeddable":true,"href":"https:\/\/campingsingirona.com\/fr\/wp-json\/wp\/v2\/pages\/15923"}],"wp:featuredmedia":[{"embeddable":true,"href":"https:\/\/campingsingirona.com\/fr\/wp-json\/wp\/v2\/media\/15734"}],"wp:attachment":[{"href":"https:\/\/campingsingirona.com\/fr\/wp-json\/wp\/v2\/media?parent=16726"}],"curies":[{"name":"wp","href":"https:\/\/api.w.org\/{rel}","templated":true}]}}