{"id":16717,"date":"2021-02-18T14:39:35","date_gmt":"2021-02-18T14:39:35","guid":{"rendered":"https:\/\/campingsingirona.com\/points-dinteret\/enogastronomia\/"},"modified":"2021-04-29T07:48:11","modified_gmt":"2021-04-29T07:48:11","slug":"enogastronomie","status":"publish","type":"page","link":"https:\/\/campingsingirona.com\/fr\/points-dinteret\/enogastronomie\/","title":{"rendered":"\u0152nogastronomie"},"content":{"rendered":"\n<p>D\u00e9couvrez la culture gastronomique, et les vins de la Costa Brava et des Pyr\u00e9n\u00e9es, qui, au fil des ans, sont devenus un grand faire-valoir international. D\u00e9gustez une cuisine singuli\u00e8re qui associe tradition et modernit\u00e9 au produit de proximit\u00e9, en m\u00e9langeant les saveurs de la mer et de la montagne.<\/p>\n","protected":false},"excerpt":{"rendered":"<p>D\u00e9couvrez la culture gastronomique, et les vins de la Costa Brava et des Pyr\u00e9n\u00e9es, qui, au fil des ans, sont devenus un grand faire-valoir international. D\u00e9gustez une cuisine singuli\u00e8re qui associe tradition et modernit\u00e9 au produit de proximit\u00e9, en m\u00e9langeant les saveurs de la mer et de la montagne.<\/p>\n","protected":false},"author":1,"featured_media":15721,"parent":15923,"menu_order":0,"comment_status":"closed","ping_status":"closed","template":"template-tipo-destino.php","meta":{"_acf_changed":false,"footnotes":""},"class_list":["post-16717","page","type-page","status-publish","has-post-thumbnail","hentry"],"acf":[],"_links":{"self":[{"href":"https:\/\/campingsingirona.com\/fr\/wp-json\/wp\/v2\/pages\/16717","targetHints":{"allow":["GET"]}}],"collection":[{"href":"https:\/\/campingsingirona.com\/fr\/wp-json\/wp\/v2\/pages"}],"about":[{"href":"https:\/\/campingsingirona.com\/fr\/wp-json\/wp\/v2\/types\/page"}],"author":[{"embeddable":true,"href":"https:\/\/campingsingirona.com\/fr\/wp-json\/wp\/v2\/users\/1"}],"replies":[{"embeddable":true,"href":"https:\/\/campingsingirona.com\/fr\/wp-json\/wp\/v2\/comments?post=16717"}],"version-history":[{"count":1,"href":"https:\/\/campingsingirona.com\/fr\/wp-json\/wp\/v2\/pages\/16717\/revisions"}],"predecessor-version":[{"id":16719,"href":"https:\/\/campingsingirona.com\/fr\/wp-json\/wp\/v2\/pages\/16717\/revisions\/16719"}],"up":[{"embeddable":true,"href":"https:\/\/campingsingirona.com\/fr\/wp-json\/wp\/v2\/pages\/15923"}],"wp:featuredmedia":[{"embeddable":true,"href":"https:\/\/campingsingirona.com\/fr\/wp-json\/wp\/v2\/media\/15721"}],"wp:attachment":[{"href":"https:\/\/campingsingirona.com\/fr\/wp-json\/wp\/v2\/media?parent=16717"}],"curies":[{"name":"wp","href":"https:\/\/api.w.org\/{rel}","templated":true}]}}