{"id":16380,"date":"2021-02-15T23:15:04","date_gmt":"2021-02-15T23:15:04","guid":{"rendered":"https:\/\/campingsingirona.com\/experiences\/family-friendly\/"},"modified":"2023-08-01T11:11:00","modified_gmt":"2023-08-01T11:11:00","slug":"family-friendly","status":"publish","type":"page","link":"https:\/\/campingsingirona.com\/fr\/experiences\/family-friendly\/","title":{"rendered":"Kids &#038; Fun"},"content":{"rendered":"\n<h2 class=\"wp-block-heading\">Activit\u00e9s pour tout \u00e2ge<\/h2>\n\n\n\n<p>Les Campings de G\u00e9rone disposent d\u2019une grande vari\u00e9t\u00e9 de campings avec la certification Kids &amp; Fun, qui axent leur offre sur les familles avec enfants de tout \u00e2ge. Au total, vous pourrez trouver 35 campings familiaux r\u00e9partis sur la Costa Brava et les Pyr\u00e9n\u00e9es. Ceux-ci se caract\u00e9risent par l\u2019offre d\u2019un traitement sp\u00e9cial aux familles, des infrastructures adapt\u00e9es et des milliers d\u2019activit\u00e9s pour tout \u00e2ge\u00a0; ainsi qu\u2019un environnement naturel apte pour que la famille puisse profiter pleinement.<\/p>\n\n\n\n<p>Que vous choisissiez une destination de mer ou de montagne, vous allez pouvoir profiter de fantastiques vacances en famille, entour\u00e9 par la nature et en plein air. Les services et activit\u00e9s offerts par les campings Kids &amp; Fun sont tr\u00e8s vari\u00e9s, mais parmi les plus demand\u00e9s nous soulignons\u00a0: Les animations pour enfants, les terrains de football et de basket-ball, les piscines et parcs aquatiques, les restaurants avec menu pour les enfants, les cr\u00e8ches, les f\u00eates pour adultes et enfants, parmi de nombreuses autres activit\u00e9s qui associent plaisir en famille et libert\u00e9 de chaque membre de la famille.<\/p>\n\n\n\n<p>En outre, les campings Kids &amp; Fun sont un lieu magique pour les gar\u00e7ons et les filles de tout \u00e2ge, car ils vont pouvoir se faire des amis de diff\u00e9rentes nationalit\u00e9s, ils conna\u00eetront d\u2019autres cultures et pourront d\u00e9velopper leurs comp\u00e9tences sociales dans un environnement s\u00fbr et sain. Les activit\u00e9s dirig\u00e9es par des animateurs du camping feront les plus petits pas ne veuillent jamais quitter le camping et l\u2019ann\u00e9e prochaine, ils voudront y revenir pour s\u2019amuser avec leurs amis et amies.<\/p>\n\n\n\n<h2 class=\"wp-block-heading\">Campings avec enfants \u00e0 G\u00e9rone<\/h2>\n\n\n\n<p>Ce label accorde une marque d\u2019identit\u00e9 \u00e0 toutes ces communes qui sont sp\u00e9cialis\u00e9es dans le traitement des familles, en faisant du tourisme familial une chose ais\u00e9e. Les destinations de tourisme familial de la Costa Brava et des Pyr\u00e9n\u00e9es sont&nbsp;: Blanes, Lloret de Mar, Torroella de Montgr\u00ed, Calonge-Sant Antoni, Roses, Castell &#8211; Platja d\u2019Aro, Sant Feliu de Gu\u00edxols, Sant Pere Pescador et la Vall d\u2019en Bas &#8211; Les Preses. Dans certains de ces villages, vous trouverez \u00e9galement des <a href=\"https:\/\/campingsingirona.com\/inspirat\/en\/7-platges-per-gaudir-en-familia\/\">plages id\u00e9ales pour profiter en famille.<\/a><\/p>\n","protected":false},"excerpt":{"rendered":"<p>Activit\u00e9s pour tout \u00e2ge Les Campings de G\u00e9rone disposent d\u2019une grande vari\u00e9t\u00e9 de campings avec la certification Kids &amp; Fun, qui axent leur offre sur les familles avec enfants de tout \u00e2ge. Au total, vous pourrez trouver 35 campings familiaux r\u00e9partis sur la Costa Brava et les Pyr\u00e9n\u00e9es. Ceux-ci se caract\u00e9risent par l\u2019offre d\u2019un traitement [&hellip;]<\/p>\n","protected":false},"author":1,"featured_media":16137,"parent":15910,"menu_order":0,"comment_status":"closed","ping_status":"closed","template":"template-experiencia.php","meta":{"_acf_changed":false,"footnotes":""},"class_list":["post-16380","page","type-page","status-publish","has-post-thumbnail","hentry"],"acf":[],"_links":{"self":[{"href":"https:\/\/campingsingirona.com\/fr\/wp-json\/wp\/v2\/pages\/16380","targetHints":{"allow":["GET"]}}],"collection":[{"href":"https:\/\/campingsingirona.com\/fr\/wp-json\/wp\/v2\/pages"}],"about":[{"href":"https:\/\/campingsingirona.com\/fr\/wp-json\/wp\/v2\/types\/page"}],"author":[{"embeddable":true,"href":"https:\/\/campingsingirona.com\/fr\/wp-json\/wp\/v2\/users\/1"}],"replies":[{"embeddable":true,"href":"https:\/\/campingsingirona.com\/fr\/wp-json\/wp\/v2\/comments?post=16380"}],"version-history":[{"count":5,"href":"https:\/\/campingsingirona.com\/fr\/wp-json\/wp\/v2\/pages\/16380\/revisions"}],"predecessor-version":[{"id":103649,"href":"https:\/\/campingsingirona.com\/fr\/wp-json\/wp\/v2\/pages\/16380\/revisions\/103649"}],"up":[{"embeddable":true,"href":"https:\/\/campingsingirona.com\/fr\/wp-json\/wp\/v2\/pages\/15910"}],"wp:featuredmedia":[{"embeddable":true,"href":"https:\/\/campingsingirona.com\/fr\/wp-json\/wp\/v2\/media\/16137"}],"wp:attachment":[{"href":"https:\/\/campingsingirona.com\/fr\/wp-json\/wp\/v2\/media?parent=16380"}],"curies":[{"name":"wp","href":"https:\/\/api.w.org\/{rel}","templated":true}]}}