{"id":16342,"date":"2021-02-15T23:10:01","date_gmt":"2021-02-15T23:10:01","guid":{"rendered":"https:\/\/campingsingirona.com\/experiences\/glamping\/"},"modified":"2021-05-05T11:17:24","modified_gmt":"2021-05-05T11:17:24","slug":"glamping","status":"publish","type":"page","link":"https:\/\/campingsingirona.com\/fr\/experiences\/glamping\/","title":{"rendered":"Glamping"},"content":{"rendered":"\n<h2 class=\"wp-block-heading\">Campings de luxe \u00e0 G\u00e9rone<\/h2>\n\n\n\n<p>Gr\u00e2ce \u00e0 l\u2019offre vari\u00e9e de campings portant le label Glamping Friendly, vous pourrez profiter de vacances dans un cadre d\u2019une beaut\u00e9 naturelle qui caract\u00e9rise la Costa Brava et les Pyr\u00e9n\u00e9es, sans renoncer au confort. L\u2019\u00e9volution du secteur du camping a permis d\u2019incorporer de nouveaux types de logements qui, au fil du temps, se sont adapt\u00e9s aux campeurs les plus exigeants qui souhaitent profiter du plein air et de l\u2019environnement naturel des campings, sans renoncer au confort et au luxe.<\/p>\n\n\n\n<p>Les Campings de G\u00e9rone proposent un total de seize campings de luxe portant le label de Glamping Friendly, qui vous offriront des vacances inoubliables dans le magnifique environnement de la Costa Brava et des Pyr\u00e9n\u00e9es. Certains de ces campings, outre des logements confortables, offrent \u00e9galement des activit\u00e9s telles que la location de v\u00e9los \u00e9lectriques, un Spa, des services d\u2019esth\u00e9tique, des terrains de golf, des casinos, des concerts et bien plus encore.<\/p>\n\n\n\n<p>Avec les campings Glaming Friendly, vous n\u2019avez plus d\u2019excuse pour sortir et profiter du magnifique environnement naturel de la Costa Brava et des Pyr\u00e9n\u00e9es. Des logements Glamping aux services exclusifs qui vous feront vous sentir comme \u00e0 la maison.<\/p>\n","protected":false},"excerpt":{"rendered":"<p>Campings de luxe \u00e0 G\u00e9rone Gr\u00e2ce \u00e0 l\u2019offre vari\u00e9e de campings portant le label Glamping Friendly, vous pourrez profiter de vacances dans un cadre d\u2019une beaut\u00e9 naturelle qui caract\u00e9rise la Costa Brava et les Pyr\u00e9n\u00e9es, sans renoncer au confort. L\u2019\u00e9volution du secteur du camping a permis d\u2019incorporer de nouveaux types de logements qui, au fil [&hellip;]<\/p>\n","protected":false},"author":1,"featured_media":16152,"parent":15910,"menu_order":0,"comment_status":"closed","ping_status":"closed","template":"template-experiencia.php","meta":{"_acf_changed":false,"footnotes":""},"class_list":["post-16342","page","type-page","status-publish","has-post-thumbnail","hentry"],"acf":[],"_links":{"self":[{"href":"https:\/\/campingsingirona.com\/fr\/wp-json\/wp\/v2\/pages\/16342","targetHints":{"allow":["GET"]}}],"collection":[{"href":"https:\/\/campingsingirona.com\/fr\/wp-json\/wp\/v2\/pages"}],"about":[{"href":"https:\/\/campingsingirona.com\/fr\/wp-json\/wp\/v2\/types\/page"}],"author":[{"embeddable":true,"href":"https:\/\/campingsingirona.com\/fr\/wp-json\/wp\/v2\/users\/1"}],"replies":[{"embeddable":true,"href":"https:\/\/campingsingirona.com\/fr\/wp-json\/wp\/v2\/comments?post=16342"}],"version-history":[{"count":5,"href":"https:\/\/campingsingirona.com\/fr\/wp-json\/wp\/v2\/pages\/16342\/revisions"}],"predecessor-version":[{"id":17712,"href":"https:\/\/campingsingirona.com\/fr\/wp-json\/wp\/v2\/pages\/16342\/revisions\/17712"}],"up":[{"embeddable":true,"href":"https:\/\/campingsingirona.com\/fr\/wp-json\/wp\/v2\/pages\/15910"}],"wp:featuredmedia":[{"embeddable":true,"href":"https:\/\/campingsingirona.com\/fr\/wp-json\/wp\/v2\/media\/16152"}],"wp:attachment":[{"href":"https:\/\/campingsingirona.com\/fr\/wp-json\/wp\/v2\/media?parent=16342"}],"curies":[{"name":"wp","href":"https:\/\/api.w.org\/{rel}","templated":true}]}}