{"id":16317,"date":"2021-02-15T23:15:33","date_gmt":"2021-02-15T23:15:33","guid":{"rendered":"https:\/\/campingsingirona.com\/experiences\/wellness\/"},"modified":"2021-08-03T05:44:40","modified_gmt":"2021-08-03T05:44:40","slug":"wellness","status":"publish","type":"page","link":"https:\/\/campingsingirona.com\/fr\/experiences\/wellness\/","title":{"rendered":"Wellness"},"content":{"rendered":"\n<h2 class=\"wp-block-heading\">Campings tranquilles \u00e0 G\u00e9rone<\/h2>\n\n\n\n<p>Sous le label Wellness Friendly, les Campings de G\u00e9rone portant cette identification sont ax\u00e9s sur la sant\u00e9 et le bien-\u00eatre de leurs clients en leur offrant des services et traitements de wellbeing. D\u00e9couvrez le vaste \u00e9ventail de services de ces campings o\u00f9 vous pourrez profiter d\u2019installations avec Spa, jacuzzis, saunas, piscines climatis\u00e9es et massages&nbsp;; \u00e0 des cours de yoga ou de m\u00e9ditation et des s\u00e9ances d\u2019ayurv\u00e9da sur la plage.<\/p>\n\n\n\n<p>Actuellement, vous trouverez 5 campings Wellness Friendly avec des services exclusifs de sant\u00e9 et de bien-\u00eatre. Ils sont tous situ\u00e9s dans un magnifique environnement qui vous transportera dans une oasis de d\u00e9connexion afin de vous lib\u00e9rer de vos soucis quotidiens et de reconnecter avec votre paix int\u00e9rieure.<\/p>\n","protected":false},"excerpt":{"rendered":"<p>Campings tranquilles \u00e0 G\u00e9rone Sous le label Wellness Friendly, les Campings de G\u00e9rone portant cette identification sont ax\u00e9s sur la sant\u00e9 et le bien-\u00eatre de leurs clients en leur offrant des services et traitements de wellbeing. D\u00e9couvrez le vaste \u00e9ventail de services de ces campings o\u00f9 vous pourrez profiter d\u2019installations avec Spa, jacuzzis, saunas, piscines [&hellip;]<\/p>\n","protected":false},"author":1,"featured_media":18576,"parent":15910,"menu_order":0,"comment_status":"closed","ping_status":"closed","template":"template-experiencia.php","meta":{"_acf_changed":false,"footnotes":""},"class_list":["post-16317","page","type-page","status-publish","has-post-thumbnail","hentry"],"acf":[],"_links":{"self":[{"href":"https:\/\/campingsingirona.com\/fr\/wp-json\/wp\/v2\/pages\/16317","targetHints":{"allow":["GET"]}}],"collection":[{"href":"https:\/\/campingsingirona.com\/fr\/wp-json\/wp\/v2\/pages"}],"about":[{"href":"https:\/\/campingsingirona.com\/fr\/wp-json\/wp\/v2\/types\/page"}],"author":[{"embeddable":true,"href":"https:\/\/campingsingirona.com\/fr\/wp-json\/wp\/v2\/users\/1"}],"replies":[{"embeddable":true,"href":"https:\/\/campingsingirona.com\/fr\/wp-json\/wp\/v2\/comments?post=16317"}],"version-history":[{"count":5,"href":"https:\/\/campingsingirona.com\/fr\/wp-json\/wp\/v2\/pages\/16317\/revisions"}],"predecessor-version":[{"id":21327,"href":"https:\/\/campingsingirona.com\/fr\/wp-json\/wp\/v2\/pages\/16317\/revisions\/21327"}],"up":[{"embeddable":true,"href":"https:\/\/campingsingirona.com\/fr\/wp-json\/wp\/v2\/pages\/15910"}],"wp:featuredmedia":[{"embeddable":true,"href":"https:\/\/campingsingirona.com\/fr\/wp-json\/wp\/v2\/media\/18576"}],"wp:attachment":[{"href":"https:\/\/campingsingirona.com\/fr\/wp-json\/wp\/v2\/media?parent=16317"}],"curies":[{"name":"wp","href":"https:\/\/api.w.org\/{rel}","templated":true}]}}