{"id":16302,"date":"2021-02-15T23:17:51","date_gmt":"2021-02-15T23:17:51","guid":{"rendered":"https:\/\/campingsingirona.com\/experiences\/pet-friendly\/"},"modified":"2023-05-29T12:30:22","modified_gmt":"2023-05-29T12:30:22","slug":"pet-friendly","status":"publish","type":"page","link":"https:\/\/campingsingirona.com\/fr\/experiences\/pet-friendly\/","title":{"rendered":"Pet Friendly"},"content":{"rendered":"\n<h2 class=\"wp-block-heading\">Une exp\u00e9rience inoubliable<\/h2>\n\n\n\n<p>Hormis les services exclusifs pour nos animaux de compagnie tels que douches, niches, entre autres, les campings Pet Friendly vous offriront des exp\u00e9riences inoubliables aux c\u00f4t\u00e9s de votre coll\u00e8gue \u00e0 quatre pattes. Vous pourrez y trouver depuis des cartes de restaurant pour votre animal de compagnie, \u00e0 des environnements idylliques pour sortir vous promener ou faire des excursions, entour\u00e9 de nature, dans la for\u00eat, pr\u00e8s de la mer et des plages pour chiens telles que la plage de la Rubina, la plage del Mol\u00ed ou la plage de Sant Jordi \u00e0 Llan\u00e7\u00e0.<\/p>\n\n\n\n<h2 class=\"wp-block-heading\">Campings sur la Costa Brava qui acceptent les chiens<\/h2>\n\n\n\n<p>Si vous \u00eates \u00e0 la recherche d\u2019un camping Pet Friendly pour passer des vacances aux c\u00f4t\u00e9s de votre fid\u00e8le compagnon, vous devriez jeter un \u0153il aux campings Pet Friendly de la Costa Brava et des Pyr\u00e9n\u00e9es qui acceptent les chiens.&nbsp;<\/p>\n","protected":false},"excerpt":{"rendered":"<p>Une exp\u00e9rience inoubliable Hormis les services exclusifs pour nos animaux de compagnie tels que douches, niches, entre autres, les campings Pet Friendly vous offriront des exp\u00e9riences inoubliables aux c\u00f4t\u00e9s de votre coll\u00e8gue \u00e0 quatre pattes. Vous pourrez y trouver depuis des cartes de restaurant pour votre animal de compagnie, \u00e0 des environnements idylliques pour sortir [&hellip;]<\/p>\n","protected":false},"author":1,"featured_media":15817,"parent":15910,"menu_order":0,"comment_status":"closed","ping_status":"closed","template":"template-experiencia.php","meta":{"_acf_changed":false,"footnotes":""},"class_list":["post-16302","page","type-page","status-publish","has-post-thumbnail","hentry"],"acf":[],"_links":{"self":[{"href":"https:\/\/campingsingirona.com\/fr\/wp-json\/wp\/v2\/pages\/16302","targetHints":{"allow":["GET"]}}],"collection":[{"href":"https:\/\/campingsingirona.com\/fr\/wp-json\/wp\/v2\/pages"}],"about":[{"href":"https:\/\/campingsingirona.com\/fr\/wp-json\/wp\/v2\/types\/page"}],"author":[{"embeddable":true,"href":"https:\/\/campingsingirona.com\/fr\/wp-json\/wp\/v2\/users\/1"}],"replies":[{"embeddable":true,"href":"https:\/\/campingsingirona.com\/fr\/wp-json\/wp\/v2\/comments?post=16302"}],"version-history":[{"count":5,"href":"https:\/\/campingsingirona.com\/fr\/wp-json\/wp\/v2\/pages\/16302\/revisions"}],"predecessor-version":[{"id":99679,"href":"https:\/\/campingsingirona.com\/fr\/wp-json\/wp\/v2\/pages\/16302\/revisions\/99679"}],"up":[{"embeddable":true,"href":"https:\/\/campingsingirona.com\/fr\/wp-json\/wp\/v2\/pages\/15910"}],"wp:featuredmedia":[{"embeddable":true,"href":"https:\/\/campingsingirona.com\/fr\/wp-json\/wp\/v2\/media\/15817"}],"wp:attachment":[{"href":"https:\/\/campingsingirona.com\/fr\/wp-json\/wp\/v2\/media?parent=16302"}],"curies":[{"name":"wp","href":"https:\/\/api.w.org\/{rel}","templated":true}]}}