{"id":16280,"date":"2021-02-15T23:17:23","date_gmt":"2021-02-15T23:17:23","guid":{"rendered":"https:\/\/campingsingirona.com\/experiences\/bedbike\/"},"modified":"2021-05-05T11:02:38","modified_gmt":"2021-05-05T11:02:38","slug":"bed-bike","status":"publish","type":"page","link":"https:\/\/campingsingirona.com\/fr\/experiences\/bed-bike\/","title":{"rendered":"Bed&#038;Bike"},"content":{"rendered":"\n<h2 class=\"wp-block-heading\">Le plaisir de voyager \u00e0 v\u00e9lo<\/h2>\n\n\n\n<p>La Costa Brava et les Pyr\u00e9n\u00e9es sont la destination de r\u00e9f\u00e9rence pour des cyclistes du monde entier. Ceci est d\u00fb \u00e0 la grande richesse de paysages, aux chemins et routes qui paraissent sculpt\u00e9s pour la pratique de ce sport. Voici quelques-uns des itin\u00e9raires les plus populaires&nbsp;:<\/p>\n\n\n\n<ul class=\"wp-block-list\"><li><a href=\"https:\/\/www.viesverdes.cat\/es\/\" target=\"_blank\" rel=\"noopener\">Voies vertes de Catalogne.<\/a><\/li><li><a href=\"https:\/\/www.catalunya.com\/vias-verdes-ruta-pirinexus-24-1-527094?language=es\" target=\"_blank\" rel=\"noopener\">Itin\u00e9raire Pyr\u00e9n\u00e9es de Catalogne<\/a><\/li><li><a href=\"https:\/\/en.eurovelo.com\/\" target=\"_blank\" rel=\"noopener\">Pyr\u00e9n\u00e9es EuroVelo 8.<\/a><\/li><li><a href=\"https:\/\/www.ciclisme.cat\/\" target=\"_blank\" rel=\"noopener\">G\u00e9n\u00e9rales Cyclisme Itin\u00e9raire Campings.<\/a><\/li><li><a href=\"http:\/\/www.gironabikerides.com\/tria-la-teva-ruta\/?lang=es\" target=\"_blank\" rel=\"noopener\">Cr\u00e9ez votre itin\u00e9raire sur mesure.<\/a><\/li><\/ul>\n\n\n\n<p>Si vous songez \u00e0 organiser un itin\u00e9raire \u00e0 v\u00e9lo \u00e0 travers la Costa Brava ou les Pyr\u00e9n\u00e9es, les campings de G\u00e9rone portant le label Bed&amp;Bike Friendly vous offriront des services de logement sp\u00e9cialis\u00e9s pour les cyclistes. Parmi ceux-ci, vous trouverez&nbsp;: Armoires destin\u00e9es \u00e0 ranger les v\u00e9los, outils pour ajuster les pi\u00e8ces de votre v\u00e9lo, changement de pneus, aire de s\u00e9chage de v\u00eatements, excursions guid\u00e9es, location de v\u00e9los ou itin\u00e9raires \u00e0 travers la zone. En outre, si vous r\u00e9alisez un itin\u00e9raire \u00e0 v\u00e9lo \u00e0 travers diff\u00e9rents points du territoire, les Campings de G\u00e9rone portant le label Bed&amp;Bike Friendly vous offriront la possibilit\u00e9 de r\u00e9server une seule nuit.<\/p>\n\n\n\n<p>Profitez d\u2019une grande exp\u00e9rience cycliste dans les r\u00e9gions de G\u00e9rone, avec les campings que vous trouverez tout au long de l\u2019ensemble de la c\u00f4te ou \u00e0 l\u2019int\u00e9rieur du territoire. Si vous \u00eates amateur de cyclisme sur route, nous vous recommandons de r\u00e9aliser des itin\u00e9raires vers les cols de montagne des Pyr\u00e9n\u00e9es, l\u2019itin\u00e9raire \u00e0 travers les villages m\u00e9di\u00e9vaux de la Costa Brava, les incroyables vues de la route du Monast\u00e8re de Sant Pere de Rodes ou la multitude d\u2019itin\u00e9raires que vous pourrez trouver pr\u00e8s de la capitale du cyclisme, la ville de G\u00e9rone. Et pour les amateurs de VTT, nous vous recommandons de p\u00e9daler le long du lac de Banyoles ou des voies vertes qui parcourent des kilom\u00e8tres et des kilom\u00e8tres de nature entre la Costa Brava et les Pyr\u00e9n\u00e9es. Allez-vous rater ce beau spectacle&nbsp;?<\/p>\n","protected":false},"excerpt":{"rendered":"<p>Le plaisir de voyager \u00e0 v\u00e9lo La Costa Brava et les Pyr\u00e9n\u00e9es sont la destination de r\u00e9f\u00e9rence pour des cyclistes du monde entier. Ceci est d\u00fb \u00e0 la grande richesse de paysages, aux chemins et routes qui paraissent sculpt\u00e9s pour la pratique de ce sport. Voici quelques-uns des itin\u00e9raires les plus populaires&nbsp;: Voies vertes de [&hellip;]<\/p>\n","protected":false},"author":1,"featured_media":16189,"parent":15910,"menu_order":0,"comment_status":"closed","ping_status":"closed","template":"template-experiencia.php","meta":{"_acf_changed":false,"footnotes":""},"class_list":["post-16280","page","type-page","status-publish","has-post-thumbnail","hentry"],"acf":[],"_links":{"self":[{"href":"https:\/\/campingsingirona.com\/fr\/wp-json\/wp\/v2\/pages\/16280","targetHints":{"allow":["GET"]}}],"collection":[{"href":"https:\/\/campingsingirona.com\/fr\/wp-json\/wp\/v2\/pages"}],"about":[{"href":"https:\/\/campingsingirona.com\/fr\/wp-json\/wp\/v2\/types\/page"}],"author":[{"embeddable":true,"href":"https:\/\/campingsingirona.com\/fr\/wp-json\/wp\/v2\/users\/1"}],"replies":[{"embeddable":true,"href":"https:\/\/campingsingirona.com\/fr\/wp-json\/wp\/v2\/comments?post=16280"}],"version-history":[{"count":3,"href":"https:\/\/campingsingirona.com\/fr\/wp-json\/wp\/v2\/pages\/16280\/revisions"}],"predecessor-version":[{"id":17691,"href":"https:\/\/campingsingirona.com\/fr\/wp-json\/wp\/v2\/pages\/16280\/revisions\/17691"}],"up":[{"embeddable":true,"href":"https:\/\/campingsingirona.com\/fr\/wp-json\/wp\/v2\/pages\/15910"}],"wp:featuredmedia":[{"embeddable":true,"href":"https:\/\/campingsingirona.com\/fr\/wp-json\/wp\/v2\/media\/16189"}],"wp:attachment":[{"href":"https:\/\/campingsingirona.com\/fr\/wp-json\/wp\/v2\/media?parent=16280"}],"curies":[{"name":"wp","href":"https:\/\/api.w.org\/{rel}","templated":true}]}}