{"id":16275,"date":"2021-02-15T23:18:25","date_gmt":"2021-02-15T23:18:25","guid":{"rendered":"https:\/\/campingsingirona.com\/experiences\/wheelchair-friendly\/"},"modified":"2021-04-14T07:36:00","modified_gmt":"2021-04-14T07:36:00","slug":"wheelchair-friendly","status":"publish","type":"page","link":"https:\/\/campingsingirona.com\/fr\/experiences\/wheelchair-friendly\/","title":{"rendered":"Wheelchair Friendly"},"content":{"rendered":"\n<h2 class=\"wp-block-heading\">Campings pour tous<\/h2>\n\n\n\n<p>Si vous \u00eates \u00e0 la recherche d\u2019un camping accessible sur la Costa Brava ou dans les Pyr\u00e9n\u00e9es, libre de barri\u00e8res architecturales et avec des services exclusifs pour les personnes \u00e0 mobilit\u00e9 r\u00e9duite, nous vous recommandons de choisir un camping portant le label Wheelchair Friendly. Gr\u00e2ce \u00e0 ce symbole, vous identifierez ais\u00e9ment les campings accessibles dans les r\u00e9gions de G\u00e9rone qui offrent aux campeurs handicap\u00e9s des vacances sans limites, et des services et activit\u00e9s inclusifs.<\/p>\n\n\n\n<p>Les campings Wheelchair Friendly satisfont aux exigences d\u2019accessibilit\u00e9, en \u00e9liminant toutes les barri\u00e8res architecturales, tout en offrant des services con\u00e7us pour am\u00e9liorer le s\u00e9jour des personnes \u00e0 mobilit\u00e9 r\u00e9duite. Certains de ces services sont des piscines avec des rampes d\u2019acc\u00e8s ou des chaises hydrauliques, des rampes d\u2019acc\u00e8s aux logements et aux zones communes, des activit\u00e9s de divertissement inclusives, parmi de nombreuses autres facilit\u00e9s.<\/p>\n\n\n\n<p>En outre, certains des campings mettent \u00e0 la disposition des campeurs des propositions d\u2019activit\u00e9s accessibles \u00e0 r\u00e9aliser sur le territoire, ainsi que du mat\u00e9riel tel que des v\u00e9los pour personnes handicap\u00e9es, etc.<\/p>\n","protected":false},"excerpt":{"rendered":"<p>Campings pour tous Si vous \u00eates \u00e0 la recherche d\u2019un camping accessible sur la Costa Brava ou dans les Pyr\u00e9n\u00e9es, libre de barri\u00e8res architecturales et avec des services exclusifs pour les personnes \u00e0 mobilit\u00e9 r\u00e9duite, nous vous recommandons de choisir un camping portant le label Wheelchair Friendly. Gr\u00e2ce \u00e0 ce symbole, vous identifierez ais\u00e9ment les [&hellip;]<\/p>\n","protected":false},"author":1,"featured_media":16207,"parent":15910,"menu_order":0,"comment_status":"closed","ping_status":"closed","template":"template-experiencia.php","meta":{"_acf_changed":false,"footnotes":""},"class_list":["post-16275","page","type-page","status-publish","has-post-thumbnail","hentry"],"acf":[],"_links":{"self":[{"href":"https:\/\/campingsingirona.com\/fr\/wp-json\/wp\/v2\/pages\/16275","targetHints":{"allow":["GET"]}}],"collection":[{"href":"https:\/\/campingsingirona.com\/fr\/wp-json\/wp\/v2\/pages"}],"about":[{"href":"https:\/\/campingsingirona.com\/fr\/wp-json\/wp\/v2\/types\/page"}],"author":[{"embeddable":true,"href":"https:\/\/campingsingirona.com\/fr\/wp-json\/wp\/v2\/users\/1"}],"replies":[{"embeddable":true,"href":"https:\/\/campingsingirona.com\/fr\/wp-json\/wp\/v2\/comments?post=16275"}],"version-history":[{"count":2,"href":"https:\/\/campingsingirona.com\/fr\/wp-json\/wp\/v2\/pages\/16275\/revisions"}],"predecessor-version":[{"id":16277,"href":"https:\/\/campingsingirona.com\/fr\/wp-json\/wp\/v2\/pages\/16275\/revisions\/16277"}],"up":[{"embeddable":true,"href":"https:\/\/campingsingirona.com\/fr\/wp-json\/wp\/v2\/pages\/15910"}],"wp:featuredmedia":[{"embeddable":true,"href":"https:\/\/campingsingirona.com\/fr\/wp-json\/wp\/v2\/media\/16207"}],"wp:attachment":[{"href":"https:\/\/campingsingirona.com\/fr\/wp-json\/wp\/v2\/media?parent=16275"}],"curies":[{"name":"wp","href":"https:\/\/api.w.org\/{rel}","templated":true}]}}