{"id":16239,"date":"2021-02-15T23:14:15","date_gmt":"2021-02-15T23:14:15","guid":{"rendered":"https:\/\/campingsingirona.com\/experiences\/wine\/"},"modified":"2023-08-01T12:13:57","modified_gmt":"2023-08-01T12:13:57","slug":"vinicultural","status":"publish","type":"page","link":"https:\/\/campingsingirona.com\/fr\/experiences\/vinicultural\/","title":{"rendered":"Land of Wines"},"content":{"rendered":"\n<h2 class=\"wp-block-heading\">Caves \u00e0 vin sur la Costa Brava<\/h2>\n\n\n\n<p>L\u2019Empord\u00e0 est la zone viticole par excellence de la Costa Brava et un coin aux paysages d\u2019une grande beaut\u00e9 marqu\u00e9 par le caract\u00e8re de la Tramontane, le vent le plus caract\u00e9ristique de la zone. Gr\u00e2ce au label Land of Wines, vous pourrez trouver des campings qui promeuvent la culture du vin de l\u2019Empord\u00e0 \u00e0 travers la vente de vins locaux, des visites guid\u00e9es aux caves et vignobles, des d\u00e9gustations de vins A.O. Empord\u00e0 dans le restaurant du camping et bien plus encore.<\/p>\n\n\n\n<p>Actuellement, l\u2019A.O. Empord\u00e0 repr\u00e9sente un total de <strong>44 vignobles de petits et moyens producteurs locaux qui \u00e9laborent des vins<\/strong> qui trouvent leur inspiration dans le charme d\u2019un territoire exceptionnel.&nbsp;<\/p>\n\n\n\n<p>En ce qui concerne les campings, le label Land of Wines repr\u00e9sente un total de cinc campings, parmi lesquels nous trouvons le Camping Begur, situ\u00e9 au c\u0153ur de la Costa Brava et \u00e0 proximit\u00e9 de la cave \u00e0 vin Mas Oller ; le Camping Cadaqu\u00e9s, situ\u00e9 dans l\u2019un des plus beaux villages de la Costa Brava et \u00e0 c\u00f4t\u00e9 de la Cave \u00e0 vin Mart\u00ed Faix\u00f3, qui poss\u00e8de des vignobles avec des vues spectaculaires sur la mer ; le Camping Port de la Selva qui se trouve pr\u00e8s du majestueux monast\u00e8re de Sant Pere de Rodes et de la cave \u00e0 vin Mas Estela ; et enfin le Camping Jonca Mar \u00e0 Roses, qui offre des d\u00e9gustations de vins locaux tout au long de l\u2019ann\u00e9e. Souhaitez-vous porter un toast avec un bon vin de l\u2019A.O. Empord\u00e0 ?<\/p>\n","protected":false},"excerpt":{"rendered":"<p>Caves \u00e0 vin sur la Costa Brava L\u2019Empord\u00e0 est la zone viticole par excellence de la Costa Brava et un coin aux paysages d\u2019une grande beaut\u00e9 marqu\u00e9 par le caract\u00e8re de la Tramontane, le vent le plus caract\u00e9ristique de la zone. Gr\u00e2ce au label Land of Wines, vous pourrez trouver des campings qui promeuvent la [&hellip;]<\/p>\n","protected":false},"author":1,"featured_media":16159,"parent":15910,"menu_order":0,"comment_status":"closed","ping_status":"closed","template":"template-experiencia.php","meta":{"_acf_changed":false,"footnotes":""},"class_list":["post-16239","page","type-page","status-publish","has-post-thumbnail","hentry"],"acf":[],"_links":{"self":[{"href":"https:\/\/campingsingirona.com\/fr\/wp-json\/wp\/v2\/pages\/16239","targetHints":{"allow":["GET"]}}],"collection":[{"href":"https:\/\/campingsingirona.com\/fr\/wp-json\/wp\/v2\/pages"}],"about":[{"href":"https:\/\/campingsingirona.com\/fr\/wp-json\/wp\/v2\/types\/page"}],"author":[{"embeddable":true,"href":"https:\/\/campingsingirona.com\/fr\/wp-json\/wp\/v2\/users\/1"}],"replies":[{"embeddable":true,"href":"https:\/\/campingsingirona.com\/fr\/wp-json\/wp\/v2\/comments?post=16239"}],"version-history":[{"count":5,"href":"https:\/\/campingsingirona.com\/fr\/wp-json\/wp\/v2\/pages\/16239\/revisions"}],"predecessor-version":[{"id":103683,"href":"https:\/\/campingsingirona.com\/fr\/wp-json\/wp\/v2\/pages\/16239\/revisions\/103683"}],"up":[{"embeddable":true,"href":"https:\/\/campingsingirona.com\/fr\/wp-json\/wp\/v2\/pages\/15910"}],"wp:featuredmedia":[{"embeddable":true,"href":"https:\/\/campingsingirona.com\/fr\/wp-json\/wp\/v2\/media\/16159"}],"wp:attachment":[{"href":"https:\/\/campingsingirona.com\/fr\/wp-json\/wp\/v2\/media?parent=16239"}],"curies":[{"name":"wp","href":"https:\/\/api.w.org\/{rel}","templated":true}]}}