{"id":15923,"date":"2021-02-18T13:27:53","date_gmt":"2021-02-18T13:27:53","guid":{"rendered":"https:\/\/campingsingirona.com\/destinos\/"},"modified":"2021-04-21T14:55:28","modified_gmt":"2021-04-21T14:55:28","slug":"points-dinteret","status":"publish","type":"page","link":"https:\/\/campingsingirona.com\/fr\/points-dinteret\/","title":{"rendered":"Destinos"},"content":{"rendered":"\n<div class=\"wp-block-cover cabecera\" style=\"min-height:650px;aspect-ratio:unset;\"><img loading=\"lazy\" decoding=\"async\" width=\"1440\" height=\"616\" class=\"wp-block-cover__image-background wp-image-12276\" alt=\"\" src=\"https:\/\/campingsingirona.com\/wp-content\/uploads\/2021\/02\/destinos.jpg\" data-object-fit=\"cover\" srcset=\"https:\/\/campingsingirona.com\/wp-content\/uploads\/2021\/02\/destinos.jpg 1440w, https:\/\/campingsingirona.com\/wp-content\/uploads\/2021\/02\/destinos-1024x438.jpg 1024w, https:\/\/campingsingirona.com\/wp-content\/uploads\/2021\/02\/destinos-768x329.jpg 768w\" sizes=\"auto, (max-width: 1440px) 100vw, 1440px\" \/><div class=\"wp-block-cover__inner-container is-layout-flow wp-block-cover-is-layout-flow\">\n<h1 class=\"has-text-align-center wp-block-heading\">Points d\u2019int\u00e9r\u00eat<\/h1>\n\n\n\n<p class=\"has-text-align-center\">De plages et criques transparentes \u00e0 de grandes montagnes, profitez de la richesse naturelle, culturelle et gastronomique de la Costa Brava et des Pyr\u00e9n\u00e9es.<\/p>\n<\/div><\/div>\n\n\n\n<div class=\"wp-block-group page-wrapper separador-superior\"><div class=\"wp-block-group__inner-container is-layout-flow wp-block-group-is-layout-flow\">\n<h2 class=\"has-text-align-center wp-block-heading\">Explorez-les<\/h2>\n\n\n<ul class=\"tipos-destino lista-iconos\">\n            <li class=\"tipo-destino\">\n                <a href=\"https:\/\/campingsingirona.com\/fr\/points-dinteret\/enogastronomie\/\">\n                    <img decoding=\"async\" src=\"https:\/\/campingsingirona.com\/wp-content\/uploads\/2021\/02\/wine.svg\" \/>\n                    <h3>\u0152nogastronomie<\/h3>\n                <\/a>\n            <\/li>\n            <li class=\"tipo-destino\">\n                <a href=\"https:\/\/campingsingirona.com\/fr\/points-dinteret\/acces-familial\/\">\n                    <img decoding=\"async\" src=\"https:\/\/campingsingirona.com\/wp-content\/uploads\/2021\/02\/family.svg\" \/>\n                    <h3>Acc\u00e8s familial<\/h3>\n                <\/a>\n            <\/li>\n            <li class=\"tipo-destino\">\n                <a href=\"https:\/\/campingsingirona.com\/fr\/points-dinteret\/espaces-detente\/\">\n                    <img decoding=\"async\" src=\"https:\/\/campingsingirona.com\/wp-content\/uploads\/2021\/02\/wellness.svg\" \/>\n                    <h3>Espaces de d\u00e9tente<\/h3>\n                <\/a>\n            <\/li>\n            <li class=\"tipo-destino\">\n                <a href=\"https:\/\/campingsingirona.com\/fr\/points-dinteret\/sport-aventure\/\">\n                    <img decoding=\"async\" src=\"https:\/\/campingsingirona.com\/wp-content\/uploads\/2021\/02\/hiking.svg\" \/>\n                    <h3>Sport et aventure<\/h3>\n                <\/a>\n            <\/li>\n            <li class=\"tipo-destino\">\n                <a href=\"https:\/\/campingsingirona.com\/fr\/points-dinteret\/patrimoine-culturel\/\">\n                    <img decoding=\"async\" src=\"https:\/\/campingsingirona.com\/wp-content\/uploads\/2021\/02\/culture.svg\" \/>\n                    <h3>Patrimoine culturel<\/h3>\n                <\/a>\n            <\/li>\n            <li class=\"tipo-destino\">\n                <a href=\"https:\/\/campingsingirona.com\/fr\/points-dinteret\/nature\/\">\n                    <img decoding=\"async\" src=\"https:\/\/campingsingirona.com\/wp-content\/uploads\/2021\/04\/natura-1-2.svg\" \/>\n                    <h3>Nature<\/h3>\n                <\/a>\n            <\/li>\n            <li class=\"tipo-destino\">\n                <a href=\"https:\/\/campingsingirona.com\/fr\/points-dinteret\/points-accessibles\/\">\n                    <img decoding=\"async\" src=\"https:\/\/campingsingirona.com\/wp-content\/uploads\/2021\/02\/wheelchair.svg\" \/>\n                    <h3>Points accessibles<\/h3>\n                <\/a>\n            <\/li>\n            <li class=\"tipo-destino\">\n                <a href=\"https:\/\/campingsingirona.com\/fr\/points-dinteret\/animaux-compagnie\/\">\n                    <img decoding=\"async\" src=\"https:\/\/campingsingirona.com\/wp-content\/uploads\/2021\/02\/pet.svg\" \/>\n                    <h3>Animaux de compagnie<\/h3>\n                <\/a>\n            <\/li><\/ul>\n<\/div><\/div>\n","protected":false},"excerpt":{"rendered":"<p>Explorez-les<\/p>\n","protected":false},"author":1,"featured_media":0,"parent":0,"menu_order":0,"comment_status":"closed","ping_status":"closed","template":"","meta":{"_acf_changed":false,"footnotes":""},"class_list":["post-15923","page","type-page","status-publish","hentry"],"acf":[],"_links":{"self":[{"href":"https:\/\/campingsingirona.com\/fr\/wp-json\/wp\/v2\/pages\/15923","targetHints":{"allow":["GET"]}}],"collection":[{"href":"https:\/\/campingsingirona.com\/fr\/wp-json\/wp\/v2\/pages"}],"about":[{"href":"https:\/\/campingsingirona.com\/fr\/wp-json\/wp\/v2\/types\/page"}],"author":[{"embeddable":true,"href":"https:\/\/campingsingirona.com\/fr\/wp-json\/wp\/v2\/users\/1"}],"replies":[{"embeddable":true,"href":"https:\/\/campingsingirona.com\/fr\/wp-json\/wp\/v2\/comments?post=15923"}],"version-history":[{"count":3,"href":"https:\/\/campingsingirona.com\/fr\/wp-json\/wp\/v2\/pages\/15923\/revisions"}],"predecessor-version":[{"id":16486,"href":"https:\/\/campingsingirona.com\/fr\/wp-json\/wp\/v2\/pages\/15923\/revisions\/16486"}],"wp:attachment":[{"href":"https:\/\/campingsingirona.com\/fr\/wp-json\/wp\/v2\/media?parent=15923"}],"curies":[{"name":"wp","href":"https:\/\/api.w.org\/{rel}","templated":true}]}}