{"id":117829,"date":"2024-12-19T11:29:25","date_gmt":"2024-12-19T11:29:25","guid":{"rendered":"https:\/\/campingsingirona.com\/?page_id=117829"},"modified":"2024-12-19T12:07:04","modified_gmt":"2024-12-19T12:07:04","slug":"pure-camping","status":"publish","type":"page","link":"https:\/\/campingsingirona.com\/fr\/experiences\/pure-camping\/","title":{"rendered":"Pure Camping"},"content":{"rendered":"\n<h2 class=\"wp-block-heading\">La tradition, le v\u00e9ritable plaisir du camping.<\/h2>\n\n\n\n<p>Ces campings pr\u00e9servent avec d\u00e9vouement les aspects les plus traditionnels du camping, en accordant une priorit\u00e9 particuli\u00e8re aux emplacements et \u00e0 tous les services n\u00e9cessaires pour garantir un s\u00e9jour confortable et authentique \u00e0 leurs h\u00f4tes. Avec une capacit\u00e9 limit\u00e9e pour garantir intimit\u00e9 et tranquillit\u00e9, les campings Pure s&rsquo;inscrivent dans la lign\u00e9e du tourisme lent, pr\u00e9servant l&rsquo;essence du camping authentique. Ici, chaque d\u00e9tail est soign\u00e9 pour vous inviter \u00e0 profiter de chaque instant dans une atmosph\u00e8re d\u00e9tendue et sans h\u00e2te : des espaces de repos avec canap\u00e9s ext\u00e9rieurs et espaces de lecture sont \u00e0 votre disposition.<\/p>\n\n\n\n<p>De plus, le label Pure Camping s&rsquo;engage en favorisant une gastronomie locale, saine et durable, qui permet de savourer les saveurs du terroir en toute tranquillit\u00e9.<\/p>\n","protected":false},"excerpt":{"rendered":"<p>La tradition, le v\u00e9ritable plaisir du camping. Ces campings pr\u00e9servent avec d\u00e9vouement les aspects les plus traditionnels du camping, en accordant une priorit\u00e9 particuli\u00e8re aux emplacements et \u00e0 tous les services n\u00e9cessaires pour garantir un s\u00e9jour confortable et authentique \u00e0 leurs h\u00f4tes. Avec une capacit\u00e9 limit\u00e9e pour garantir intimit\u00e9 et tranquillit\u00e9, les campings Pure s&rsquo;inscrivent [&hellip;]<\/p>\n","protected":false},"author":1,"featured_media":117806,"parent":15910,"menu_order":0,"comment_status":"closed","ping_status":"closed","template":"template-experiencia.php","meta":{"_acf_changed":false,"footnotes":""},"class_list":["post-117829","page","type-page","status-publish","has-post-thumbnail","hentry"],"acf":[],"_links":{"self":[{"href":"https:\/\/campingsingirona.com\/fr\/wp-json\/wp\/v2\/pages\/117829","targetHints":{"allow":["GET"]}}],"collection":[{"href":"https:\/\/campingsingirona.com\/fr\/wp-json\/wp\/v2\/pages"}],"about":[{"href":"https:\/\/campingsingirona.com\/fr\/wp-json\/wp\/v2\/types\/page"}],"author":[{"embeddable":true,"href":"https:\/\/campingsingirona.com\/fr\/wp-json\/wp\/v2\/users\/1"}],"replies":[{"embeddable":true,"href":"https:\/\/campingsingirona.com\/fr\/wp-json\/wp\/v2\/comments?post=117829"}],"version-history":[{"count":3,"href":"https:\/\/campingsingirona.com\/fr\/wp-json\/wp\/v2\/pages\/117829\/revisions"}],"predecessor-version":[{"id":119734,"href":"https:\/\/campingsingirona.com\/fr\/wp-json\/wp\/v2\/pages\/117829\/revisions\/119734"}],"up":[{"embeddable":true,"href":"https:\/\/campingsingirona.com\/fr\/wp-json\/wp\/v2\/pages\/15910"}],"wp:featuredmedia":[{"embeddable":true,"href":"https:\/\/campingsingirona.com\/fr\/wp-json\/wp\/v2\/media\/117806"}],"wp:attachment":[{"href":"https:\/\/campingsingirona.com\/fr\/wp-json\/wp\/v2\/media?parent=117829"}],"curies":[{"name":"wp","href":"https:\/\/api.w.org\/{rel}","templated":true}]}}