{"id":103780,"date":"2023-08-03T10:52:16","date_gmt":"2023-08-03T10:52:16","guid":{"rendered":"https:\/\/campingsingirona.com\/?page_id=103780"},"modified":"2023-08-03T10:52:18","modified_gmt":"2023-08-03T10:52:18","slug":"green-life","status":"publish","type":"page","link":"https:\/\/campingsingirona.com\/fr\/experiences\/green-life\/","title":{"rendered":"Green Life"},"content":{"rendered":"\n<h2 class=\"wp-block-heading\">Un impact direct sur l&rsquo;environnement naturel<\/h2>\n\n\n\n<p>Les campings de la Costa Brava et des Pyr\u00e9n\u00e9es de G\u00e9rone continuent \u00e0 \u0153uvrer pour que de plus en plus de campings soient sensibilis\u00e9s \u00e0 l&rsquo;environnement et que leur nombre augmente.<\/p>\n\n\n\n<p>Pour \u00eatre consid\u00e9r\u00e9s comme des campings Green Life, les campings doivent se concentrer sur l&rsquo;utilisation efficace des ressources naturelles telles que l&rsquo;eau et l&rsquo;\u00e9nergie. De nombreux campings mettent en place des technologies de r\u00e9cup\u00e9ration et d&rsquo;utilisation de l&rsquo;eau de pluie, ainsi que des sources d&rsquo;\u00e9nergie renouvelable pour alimenter leurs installations.<\/p>\n\n\n\n<p>Au-del\u00e0 des pratiques internes, les campings sensibilisent leurs visiteurs \u00e0 la protection de l&rsquo;environnement. Des campagnes \u00e9ducatives et des programmes d&rsquo;information sont men\u00e9s afin de montrer combien il est important de respecter la nature et de promouvoir un tourisme responsable, et les utilisateurs sont invit\u00e9s \u00e0 recycler et \u00e0 utiliser les ressources de mani\u00e8re responsable. Par ailleurs, des activit\u00e9s d&rsquo;observation de la flore et de la faune locales et la promotion de l&rsquo;utilisation de v\u00e9los, de motos ou de voitures \u00e9lectriques sont organis\u00e9es afin de renforcer le lien entre les touristes et la nature locale.<\/p>\n\n\n\n<p>Les campings de la Costa Brava jouent un r\u00f4le important dans la pr\u00e9servation de l&rsquo;environnement et la promotion de la durabilit\u00e9, et s&rsquo;efforcent de faire en sorte que la r\u00e9gion reste une destination touristique attrayante pour les g\u00e9n\u00e9rations futures.<\/p>\n\n\n\n<p>Si vous aimez l&rsquo;environnement autant que nous et que vous souhaitez passer des vacances responsables, choisissez votre camping \u00e0 G\u00e9rone avec le label Green Life !<\/p>\n","protected":false},"excerpt":{"rendered":"<p>Un impact direct sur l&rsquo;environnement naturel Les campings de la Costa Brava et des Pyr\u00e9n\u00e9es de G\u00e9rone continuent \u00e0 \u0153uvrer pour que de plus en plus de campings soient sensibilis\u00e9s \u00e0 l&rsquo;environnement et que leur nombre augmente. Pour \u00eatre consid\u00e9r\u00e9s comme des campings Green Life, les campings doivent se concentrer sur l&rsquo;utilisation efficace des ressources [&hellip;]<\/p>\n","protected":false},"author":1,"featured_media":103764,"parent":15910,"menu_order":0,"comment_status":"closed","ping_status":"closed","template":"template-experiencia.php","meta":{"_acf_changed":false,"footnotes":""},"class_list":["post-103780","page","type-page","status-publish","has-post-thumbnail","hentry"],"acf":[],"_links":{"self":[{"href":"https:\/\/campingsingirona.com\/fr\/wp-json\/wp\/v2\/pages\/103780","targetHints":{"allow":["GET"]}}],"collection":[{"href":"https:\/\/campingsingirona.com\/fr\/wp-json\/wp\/v2\/pages"}],"about":[{"href":"https:\/\/campingsingirona.com\/fr\/wp-json\/wp\/v2\/types\/page"}],"author":[{"embeddable":true,"href":"https:\/\/campingsingirona.com\/fr\/wp-json\/wp\/v2\/users\/1"}],"replies":[{"embeddable":true,"href":"https:\/\/campingsingirona.com\/fr\/wp-json\/wp\/v2\/comments?post=103780"}],"version-history":[{"count":5,"href":"https:\/\/campingsingirona.com\/fr\/wp-json\/wp\/v2\/pages\/103780\/revisions"}],"predecessor-version":[{"id":103878,"href":"https:\/\/campingsingirona.com\/fr\/wp-json\/wp\/v2\/pages\/103780\/revisions\/103878"}],"up":[{"embeddable":true,"href":"https:\/\/campingsingirona.com\/fr\/wp-json\/wp\/v2\/pages\/15910"}],"wp:featuredmedia":[{"embeddable":true,"href":"https:\/\/campingsingirona.com\/fr\/wp-json\/wp\/v2\/media\/103764"}],"wp:attachment":[{"href":"https:\/\/campingsingirona.com\/fr\/wp-json\/wp\/v2\/media?parent=103780"}],"curies":[{"name":"wp","href":"https:\/\/api.w.org\/{rel}","templated":true}]}}