{"id":103709,"date":"2023-08-01T12:22:50","date_gmt":"2023-08-01T12:22:50","guid":{"rendered":"https:\/\/campingsingirona.com\/?page_id=103709"},"modified":"2023-08-03T10:48:42","modified_gmt":"2023-08-03T10:48:42","slug":"sports","status":"publish","type":"page","link":"https:\/\/campingsingirona.com\/fr\/experiences\/sports\/","title":{"rendered":"Sports"},"content":{"rendered":"\n<p>Ces campings garantissent des vacances en pleine nature et de nombreuses installations pour pratiquer tout type d\u2019activit\u00e9 en plein air, que ce soit d\u2019aventure ou pour profiter de la nature. Si vous d\u00e9cidez de vous loger dans un camping Sports, vous n\u2019arr\u00eaterez pas ! Profitez de randonn\u00e9es, cyclisme, kayak, vols en montgolfi\u00e8re, excursions \u00e0 cheval ou ski alpin, ski de fond ou raquettes de neige dans les stations d\u2019hiver de ski \u2013 <a href=\"https:\/\/www.masella.com\/\" target=\"_blank\" rel=\"noopener\">La Masella<\/a>, <a href=\"https:\/\/www.lamolina.cat\/hivern\/\" target=\"_blank\" rel=\"noopener\">La Molina<\/a>, <a href=\"https:\/\/www.vallter2000.cat\/es\/invierno\/\" target=\"_blank\" rel=\"noopener\">Vallter 2000<\/a>, <a href=\"https:\/\/www.valldenuria.cat\/es\/invierno\/\" target=\"_blank\" rel=\"noopener\">Vall de N\u00faria<\/a> et <a href=\"http:\/\/www.guils.com\/\" target=\"_blank\" rel=\"noopener\">Guils Fontanera<\/a>\u2013 parmi de nombreuses autres activit\u00e9s.<\/p>\n\n\n\n<p>La Costa Brava est \u00e9galement un paradis fantastique pour les amoureux de la mer et des sports d\u2019aventure. Ses plus de 200 km de plages font de ce petit coin de la M\u00e9diterran\u00e9e une enclave id\u00e9ale pour profiter d\u2019une grande vari\u00e9t\u00e9 de sports nautiques. C\u2019est pourquoi, les campings passionn\u00e9s de sports nautiques sont \u00e9lus par les Campings de G\u00e9rone et portent le label Water Sport Friendly. Vous pourrez y profiter de vacances au bord de la mer tout en pratiquant votre sport pr\u00e9f\u00e9r\u00e9 sur les plages idylliques de la Costa Brava.<\/p>\n\n\n\n<p>En outre, sur la Costa Brava, vous pourrez trouver de magnifiques terrains de golf et Pitch&amp;Putt\u2019s en pleine nature avec des paysages incroyables. Vous imaginez-vous jouer avec au fond le Montgr\u00ed ou les Pyr\u00e9n\u00e9es enneig\u00e9es ? Dans les r\u00e9gions de G\u00e9rone, c\u2019est possible.<\/p>\n","protected":false},"excerpt":{"rendered":"<p>Ces campings garantissent des vacances en pleine nature et de nombreuses installations pour pratiquer tout type d\u2019activit\u00e9 en plein air, que ce soit d\u2019aventure ou pour profiter de la nature. Si vous d\u00e9cidez de vous loger dans un camping Sports, vous n\u2019arr\u00eaterez pas ! Profitez de randonn\u00e9es, cyclisme, kayak, vols en montgolfi\u00e8re, excursions \u00e0 cheval [&hellip;]<\/p>\n","protected":false},"author":1,"featured_media":103701,"parent":15910,"menu_order":0,"comment_status":"closed","ping_status":"closed","template":"template-experiencia.php","meta":{"_acf_changed":false,"footnotes":""},"class_list":["post-103709","page","type-page","status-publish","has-post-thumbnail","hentry"],"acf":[],"_links":{"self":[{"href":"https:\/\/campingsingirona.com\/fr\/wp-json\/wp\/v2\/pages\/103709","targetHints":{"allow":["GET"]}}],"collection":[{"href":"https:\/\/campingsingirona.com\/fr\/wp-json\/wp\/v2\/pages"}],"about":[{"href":"https:\/\/campingsingirona.com\/fr\/wp-json\/wp\/v2\/types\/page"}],"author":[{"embeddable":true,"href":"https:\/\/campingsingirona.com\/fr\/wp-json\/wp\/v2\/users\/1"}],"replies":[{"embeddable":true,"href":"https:\/\/campingsingirona.com\/fr\/wp-json\/wp\/v2\/comments?post=103709"}],"version-history":[{"count":5,"href":"https:\/\/campingsingirona.com\/fr\/wp-json\/wp\/v2\/pages\/103709\/revisions"}],"predecessor-version":[{"id":103870,"href":"https:\/\/campingsingirona.com\/fr\/wp-json\/wp\/v2\/pages\/103709\/revisions\/103870"}],"up":[{"embeddable":true,"href":"https:\/\/campingsingirona.com\/fr\/wp-json\/wp\/v2\/pages\/15910"}],"wp:featuredmedia":[{"embeddable":true,"href":"https:\/\/campingsingirona.com\/fr\/wp-json\/wp\/v2\/media\/103701"}],"wp:attachment":[{"href":"https:\/\/campingsingirona.com\/fr\/wp-json\/wp\/v2\/media?parent=103709"}],"curies":[{"name":"wp","href":"https:\/\/api.w.org\/{rel}","templated":true}]}}