{"id":29122,"date":"2022-01-17T09:45:33","date_gmt":"2022-01-17T09:45:33","guid":{"rendered":"https:\/\/campingsingirona.com\/?page_id=29122"},"modified":"2022-01-17T09:45:36","modified_gmt":"2022-01-17T09:45:36","slug":"proteccion-de-datos","status":"publish","type":"page","link":"https:\/\/campingsingirona.com\/es\/proteccion-de-datos\/","title":{"rendered":"Protecci\u00f3n de datos"},"content":{"rendered":"\n<p><strong><em>Responsable del tratamiento<\/em>:<\/strong> ASSOCIACI\u00d3 DE C\u00c0MPINGS DE GIRONA <strong><em>Legitimaci\u00f3n<\/em><\/strong><em>:<\/em> Consentimiento expr\u00e9s del usuario <strong><em>Finalidad<\/em><\/strong><em>:<\/em> La gesti\u00f3n de la subscripci\u00f3n a nuestra <em>newsletter<\/em> <strong><em>Destinatarios:<\/em><\/strong> Los datos no se ceder\u00e1n a terceros, excepto por imperativo legal. <strong><em>Derechos:<\/em><\/strong><em> <\/em>En cualquier momento podr\u00e1 revocar el consentimiento prestado y ejercer sus derechos de acceso, rectificaci\u00f3n, cancelaci\u00f3n y oposici\u00f3n dirigi\u00e9ndose por escrito a<em> <\/em><a href=\"mailto:info@campingsingirona.com\">info@campingsingirona.com<\/a>. Puede consultar la informaci\u00f3n adicional y detallada sobre nuestra Pol\u00edtica de Privacidad en www.campingsingirona.com<\/p>\n","protected":false},"excerpt":{"rendered":"<p>Responsable del tratamiento: ASSOCIACI\u00d3 DE C\u00c0MPINGS DE GIRONA Legitimaci\u00f3n: Consentimiento expr\u00e9s del usuario Finalidad: La gesti\u00f3n de la subscripci\u00f3n a nuestra newsletter Destinatarios: Los datos no se ceder\u00e1n a terceros, excepto por imperativo legal. Derechos: En cualquier momento podr\u00e1 revocar el consentimiento prestado y ejercer sus derechos de acceso, rectificaci\u00f3n, cancelaci\u00f3n y oposici\u00f3n dirigi\u00e9ndose por [&hellip;]<\/p>\n","protected":false},"author":1,"featured_media":0,"parent":0,"menu_order":0,"comment_status":"closed","ping_status":"closed","template":"template-texto.php","meta":{"_acf_changed":false,"footnotes":""},"class_list":["post-29122","page","type-page","status-publish","hentry"],"acf":[],"_links":{"self":[{"href":"https:\/\/campingsingirona.com\/es\/wp-json\/wp\/v2\/pages\/29122","targetHints":{"allow":["GET"]}}],"collection":[{"href":"https:\/\/campingsingirona.com\/es\/wp-json\/wp\/v2\/pages"}],"about":[{"href":"https:\/\/campingsingirona.com\/es\/wp-json\/wp\/v2\/types\/page"}],"author":[{"embeddable":true,"href":"https:\/\/campingsingirona.com\/es\/wp-json\/wp\/v2\/users\/1"}],"replies":[{"embeddable":true,"href":"https:\/\/campingsingirona.com\/es\/wp-json\/wp\/v2\/comments?post=29122"}],"version-history":[{"count":1,"href":"https:\/\/campingsingirona.com\/es\/wp-json\/wp\/v2\/pages\/29122\/revisions"}],"predecessor-version":[{"id":29123,"href":"https:\/\/campingsingirona.com\/es\/wp-json\/wp\/v2\/pages\/29122\/revisions\/29123"}],"wp:attachment":[{"href":"https:\/\/campingsingirona.com\/es\/wp-json\/wp\/v2\/media?parent=29122"}],"curies":[{"name":"wp","href":"https:\/\/api.w.org\/{rel}","templated":true}]}}