{"id":26751,"date":"2021-10-27T08:00:25","date_gmt":"2021-10-27T08:00:25","guid":{"rendered":"https:\/\/campingsingirona.com\/experiencias\/open-365\/"},"modified":"2021-11-08T08:43:41","modified_gmt":"2021-11-08T08:43:41","slug":"open-365","status":"publish","type":"page","link":"https:\/\/campingsingirona.com\/es\/experiencias\/open-365\/","title":{"rendered":"Open 365"},"content":{"rendered":"\n<h2 class=\"wp-block-heading\">Los campings de Girona se viven todo el a\u00f1o<\/h2>\n\n\n\n<p>Ir de camping es una fant\u00e1stica experiencia para descubrir la Costa Brava y los Pirineos, que puede vivirse en cualquier \u00e9poca.<\/p>\n\n\n\n<p>En los Campings de Girona podr\u00e9is realizar estancias los 365 d\u00edas del a\u00f1o, que os llevar\u00e1n a vivir mil aventuras y a descubrir el territorio de mil maneras diferentes. \u00bfSois m\u00e1s de daros un chapuz\u00f3n en las piscinas en verano o de pasear por los m\u00e1gicos bosques de hoja caduca en oto\u00f1o? No es necesario elegir, porque podr\u00e9is ir de camping cuando os apetezca.<\/p>\n\n\n\n<p>Adem\u00e1s, los campings de la Costa Brava y los Pirineos que abren todo el a\u00f1o, ofrecen alojamientos confortables, climatizados y con todo tipo de servicios para que pod\u00e1is sentiros como en casa.<\/p>\n\n\n\n<p>\u00bfOs han entrado ganas de ir de camping? \u00a1Descubrid los Campings Open 365 y id de camping cuando dese\u00e9is! \ud83d\udc47<\/p>\n","protected":false},"excerpt":{"rendered":"<p>Los campings de Girona se viven todo el a\u00f1o Ir de camping es una fant\u00e1stica experiencia para descubrir la Costa Brava y los Pirineos, que puede vivirse en cualquier \u00e9poca. En los Campings de Girona podr\u00e9is realizar estancias los 365 d\u00edas del a\u00f1o, que os llevar\u00e1n a vivir mil aventuras y a descubrir el territorio [&hellip;]<\/p>\n","protected":false},"author":1,"featured_media":26078,"parent":15827,"menu_order":0,"comment_status":"closed","ping_status":"closed","template":"template-experiencia.php","meta":{"_acf_changed":false,"footnotes":""},"class_list":["post-26751","page","type-page","status-publish","has-post-thumbnail","hentry"],"acf":[],"_links":{"self":[{"href":"https:\/\/campingsingirona.com\/es\/wp-json\/wp\/v2\/pages\/26751","targetHints":{"allow":["GET"]}}],"collection":[{"href":"https:\/\/campingsingirona.com\/es\/wp-json\/wp\/v2\/pages"}],"about":[{"href":"https:\/\/campingsingirona.com\/es\/wp-json\/wp\/v2\/types\/page"}],"author":[{"embeddable":true,"href":"https:\/\/campingsingirona.com\/es\/wp-json\/wp\/v2\/users\/1"}],"replies":[{"embeddable":true,"href":"https:\/\/campingsingirona.com\/es\/wp-json\/wp\/v2\/comments?post=26751"}],"version-history":[{"count":3,"href":"https:\/\/campingsingirona.com\/es\/wp-json\/wp\/v2\/pages\/26751\/revisions"}],"predecessor-version":[{"id":27674,"href":"https:\/\/campingsingirona.com\/es\/wp-json\/wp\/v2\/pages\/26751\/revisions\/27674"}],"up":[{"embeddable":true,"href":"https:\/\/campingsingirona.com\/es\/wp-json\/wp\/v2\/pages\/15827"}],"wp:featuredmedia":[{"embeddable":true,"href":"https:\/\/campingsingirona.com\/es\/wp-json\/wp\/v2\/media\/26078"}],"wp:attachment":[{"href":"https:\/\/campingsingirona.com\/es\/wp-json\/wp\/v2\/media?parent=26751"}],"curies":[{"name":"wp","href":"https:\/\/api.w.org\/{rel}","templated":true}]}}