{"id":17311,"date":"2021-01-28T01:53:18","date_gmt":"2021-01-28T01:53:18","guid":{"rendered":"https:\/\/campingsingirona.com\/politica-privacitat\/"},"modified":"2025-01-13T09:52:35","modified_gmt":"2025-01-13T09:52:35","slug":"politica-privacidad","status":"publish","type":"page","link":"https:\/\/campingsingirona.com\/es\/politica-privacidad\/","title":{"rendered":"Pol\u00edtica de privacidad"},"content":{"rendered":"\n<p>ASSOCIACI\u00d3 DE C\u00c0MPINGS DE GIRONA&nbsp; es consciente de la importancia que supone para nuestros usuarios obtener informaci\u00f3n clara y transparente sobre el uso que hacemos de la informaci\u00f3n que nos proporcionan.<\/p>\n\n\n\n<p>La relaci\u00f3n con nuestros usuarios se basa en la honestidad, el rigor y la transparencia para construir relaciones s\u00f3lidas y de confianza mutua. Mediante la presente Pol\u00edtica de Privacidad les detallamos c\u00f3mo tratamos sus datos personales cuando se relacionan con nosotros.&nbsp;<\/p>\n\n\n\n<p>Cuando necesitemos obtener informaci\u00f3n por su parte, siempre le solicitaremos que nos la proporcione voluntariamente de forma expresa. Los datos proporcionados mediante la cumplimentaci\u00f3n de los formularios del Portal ser\u00e1n incorporados al sistema de informaci\u00f3n del que es responsable ASSOCIACI\u00d3 DE C\u00c0MPINGS DE GIRONA.&nbsp;<\/p>\n\n\n\n<p>La legitimaci\u00f3n para el tratamiento de sus datos se basa en el consentimiento libre, espec\u00edfico, informado e inequ\u00edvoco del usuario, en tanto que le informamos poniendo a su disposici\u00f3n no s\u00f3lo la presente pol\u00edtica de privacidad, para que tras su lectura y en caso de estar conforme, acepte con el marcado de la casilla dispuesta al efecto el tratamiento en cuesti\u00f3n, sino con la inclusi\u00f3n de una primera capa informativa en el propio formulario.<\/p>\n\n\n\n<p>ASSOCIACI\u00d3 DE C\u00c0MPINGS DE GIRONA tratar\u00e1 los datos confidencialmente y con la \u00fanica finalidad de prestar los servicios solicitados, con todas las garant\u00edas legales y de seguridad que impone la Ley Org\u00e1nica 3\/2018, de 5 de diciembre, de protecci\u00f3n de datos y Garant\u00eda de Derechos Digitales,&nbsp; el Reglamento (UE) 2016\/679 del Parlamento Europeo y del Consejo, de 27 de abril de 2016 (RGPD) y la Ley 34\/2002, de 11 de julio, de Servicios de la Sociedad de la Informaci\u00f3n y Comercio Electr\u00f3nico.<\/p>\n\n\n\n<p>ASSOCIACI\u00d3 DE C\u00c0MPINGS DE GIRONA tratar\u00e1 los datos personales del usuario recabados a trav\u00e9s de La Web, con las siguientes finalidades:&nbsp;<\/p>\n\n\n\n<p>1. Env\u00edo de informaci\u00f3n solicitada a trav\u00e9s de los formularios dispuestos en La Web.<\/p>\n\n\n\n<p>2. Remitir boletines informativos (newsletters), as\u00ed como comunicaciones comerciales y\/o de publicidad de ASSOCIACI\u00d3 DE C\u00c0MPINGS DE GIRONA.<\/p>\n\n\n\n<p>3. Permitir el funcionamiento de nuestra website, a trav\u00e9s de cookies t\u00e9cnicas y funcionales tal como se detalla en nuestra pol\u00edtica de cookies.<\/p>\n\n\n\n<p>Los campos de dichos registros son de cumplimentaci\u00f3n obligatoria, siendo imposible realizar las finalidades expresadas si no se aportan esos datos o nos los facilita de forma err\u00f3nea o incompleta.<\/p>\n\n\n\n<p>El usuario manifiesta que todos los datos facilitados por \u00e9l son ciertos y correctos y se compromete a mantenerlos actualizados, comunicando los cambios a ASSOCIACI\u00d3 DE C\u00c0MPINGS DE GIRONA.<\/p>\n\n\n\n<p>Los datos que nos proporcione, no se comunicaran a terceros ajenos a ASSOCIACI\u00d3 DE C\u00c0MPINGS DE GIRONA sin su expresa aprobaci\u00f3n, salvo obligaci\u00f3n legal.<\/p>\n\n\n\n<p>Los datos personales proporcionados se conservar\u00e1n mientras se mantenga la relaci\u00f3n comercial y el usuario no haya solicitado su supresi\u00f3n y durante el plazo por el cual pudieran derivarse responsabilidades legales.<\/p>\n\n\n\n<p>El usuario podr\u00e1, en cualquier momento,\u00a0 revocar el consentimiento prestado y ejercitar sus derechos de acceso, rectificaci\u00f3n, limitaci\u00f3n de tratamiento, portabilidad, cancelaci\u00f3n y oposici\u00f3n dirigi\u00e9ndose por escrito al domicilio social de\u00a0 ASSOCIACI\u00d3 DE C\u00c0MPINGS DE GIRONA situado en\u00a0Parc UdG, Edifici Narc\u00eds Monturiol, C\/ Emili Grahit 91 Bloc A \u2013 Oficina A.01.17 o enviando un email a \u00a0info@campingsingirona.com identificado debidamente e indicando de forma visible el derecho concreto que se ejerce.<\/p>\n\n\n\n<p>En aplicaci\u00f3n de la LSSI, ASSOCIACI\u00d3 DE C\u00c0MPINGS DE GIRONA no enviar\u00e1 comunicaciones publicitarias o promocionales por correo electr\u00f3nico u otro medio de comunicaci\u00f3n electr\u00f3nica equivalente que previamente no hubieran sido solicitadas o expresamente autorizadas por los destinatarios de las mismas. En consecuencia, en cada uno de los formularios habidos en La Web, el usuario tiene la posibilidad de dar su consentimiento expreso para recibir boletines, con independencia de la informaci\u00f3n puntualmente solicitada.<\/p>\n\n\n\n<p>ASSOCIACI\u00d3 DE C\u00c0MPINGS DE GIRONA adopta las medidas necesarias para garantizar la seguridad, integridad y confidencialidad de los datos conforme a lo dispuesto en la Ley Org\u00e1nica 03\/2018 y dem\u00e1s normativa aplicable. Sin embargo, no asume ninguna responsabilidad por da\u00f1os y perjuicios derivados de alteraciones que terceros pueden causar en los sistemas inform\u00e1ticos, documentos electr\u00f3nicos o ficheros del usuario.<\/p>\n\n\n\n<p>El uso de las cookies a trav\u00e9s del portal se regir\u00e1 por lo establecido en nuestra Pol\u00edtica de Cookies, accesible en todo momento desde el Portal.&nbsp;<\/p>\n\n\n\n<p>Cualquier cambio que en el futuro podamos introducir en nuestra pol\u00edtica de privacidad ser\u00e1 comunicado en esta p\u00e1gina. De este modo, podr\u00e1 comprobar regularmente las actualizaciones o cambios en nuestra pol\u00edtica de privacidad.<\/p>\n\n\n\n<p>En caso de divergencias con ASSOCIACI\u00d3 DE C\u00c0MPINGS DE GIRONA&nbsp; en relaci\u00f3n con el tratamiento de sus datos, puede interponer reclamaci\u00f3n ante la Agencia Espa\u00f1ola de Protecci\u00f3n de Datos en su sede electr\u00f3nica (www.aepd.es).&nbsp;<\/p>\n\n\n\n<p>Se aplicar\u00e1 la legislaci\u00f3n espa\u00f1ola a todas las disputas que afecten a esta p\u00e1gina web, siendo competentes los tribunales y juzgados correspondientes.<\/p>\n\n\n\n<h3 class=\"wp-block-heading\">POL\u00cdTICA DE PRIVACIDAD EN REDES SOCIALES<\/h3>\n\n\n\n<p>De conformidad con lo establecido en el RGPD 2016\/679, la LOPDGDD 3\/2018 y la Ley 34\/2002, de 11 de julio, de Servicios de la Sociedad de la Informaci\u00f3n y de Comercio Electr\u00f3nico (LSSI-CE), ASSOCIACI\u00d3 DE C\u00c0MPINGS DE GIRONA informa a los usuarios, que tiene creado un perfil en las Redes Sociales Facebook, Twitter, Instagram, Youtube y Linkedin con la finalidad principal de publicitar sus productos y servicios.<\/p>\n\n\n\n<p>El usuario que libremente ha mostrado su inter\u00e9s uni\u00e9ndose a la p\u00e1gina creada por la ASSOCIACI\u00d3 DE C\u00c0MPINGS DE GIRONA, nos est\u00e1 legitimando al tratamiento de aquellos datos personales que tengan proyecci\u00f3n p\u00fablica en su perfil, en especial su nombre de contacto. Estos datos, s\u00f3lo son utilizados dentro de la propia Red Social. En ning\u00fan caso ASSOCIACI\u00d3 DE C\u00c0MPINSG DE GIRONA los incorporar\u00e1 a ninguna base de datos.<\/p>\n\n\n\n<p>ASSOCIACI\u00d3 DE C\u00c0MPINGS DE GIRONA podr\u00e1 publicar en el perfil del usuario toda aquella informaci\u00f3n ya publicada en la p\u00e1gina de la Asociaci\u00f3n; enviarle mensajes personales e individuales a trav\u00e9s de los canales de la red social, as\u00ed como publicar en el perfil del usuario las actualizaciones del estado de la p\u00e1gina de la Asociaci\u00f3n.<\/p>\n\n\n\n<p>En todo caso, como usuario, en cualquier momento puede acceder a las pol\u00edticas de privacidad de la propia red social, as\u00ed como configurar su perfil seg\u00fan sus preferencias de privacidad.<\/p>\n\n\n\n<p>Por su parte, el usuario unido a la p\u00e1gina de ASSOCIACI\u00d3 DE C\u00c0MPINGS DE GIRONA, podr\u00e1 publicar en \u00e9sta, comentarios, enlaces, im\u00e1genes o fotograf\u00edas o cualquier otro tipo de contenido multimedia soportado por la Red Social. En todos los casos, el usuario debe ser el titular de los mismos, gozar de los derechos de autor y de propiedad intelectual o contar con el consentimiento de los terceros afectados.&nbsp;<\/p>\n\n\n\n<p>Se proh\u00edbe expresamente cualquier publicaci\u00f3n en la p\u00e1gina, ya sean textos, gr\u00e1ficos, fotograf\u00edas, v\u00eddeos, etc. que atenten o sean susceptibles de atentar contra la moral, la \u00e9tica, el buen gusto o el decoro, y\/o que infrinjan, violen o quebranten los derechos de propiedad intelectual o industrial, el derecho a la imagen o la Ley. En estos casos, ASSOCIACI\u00d3 DE C\u00c0MPINGS DE GIRONA se reserva el derecho a retirar de inmediato el contenido, pudiendo solicitar el bloqueo permanente del usuario.<\/p>\n\n\n\n<p>ASSOCIACI\u00d3 DE C\u00c0MPINGS DE GIRONA no se har\u00e1 responsable de los contenidos que libremente ha publicado un usuario.<\/p>\n\n\n\n<h4 class=\"wp-block-heading\">EJERCICIO DE LOS DERECHOS<\/h4>\n\n\n\n<p>En relaci\u00f3n a los derechos de acceso, rectificaci\u00f3n, limitaci\u00f3n del tratamiento, portabilidad, cancelaci\u00f3n y oposici\u00f3n, que como usuario puede ejercitar, debe tener en cuenta los siguientes matices:&nbsp;<\/p>\n\n\n\n<p>ASSOCIACI\u00d3 DE C\u00c0MPINGS DE GIRONA solo podr\u00e1 rectificar aquella informaci\u00f3n que se encuentre bajo su control, por ejemplo eliminar comentarios publicados en la propia p\u00e1gina. En muchos casos, este derecho deber\u00e1 ejercerlo ante la propia red social.<\/p>\n\n\n\n<p>En cuanto a los derechos de cancelaci\u00f3n, limitaci\u00f3n y oposici\u00f3n, s\u00f3lo podr\u00e1 satisfacerse en relaci\u00f3n a aquella informaci\u00f3n que se encuentre bajo el control de ASSOCIACI\u00d3 DE C\u00c0MPINGS DE GIRONA, por ejemplo, dejar de estar unido al perfil. Para los dem\u00e1s casos, deber\u00e1 dirigirse a la propia red social.<\/p>\n\n\n\n<p>En cuanto al derecho de acceso, vendr\u00e1 definido por la funcionalidad de la red social y la capacidad de acceso a la informaci\u00f3n de los perfiles de los usuarios.<\/p>\n\n\n\n<h4 class=\"wp-block-heading\">publicaci\u00f3n im\u00e1genes<\/h4>\n\n\n\n<p>ASSOCIACI\u00d3 DE C\u00c0MPINGS DE GIRONA le informa de que Las im\u00e1genes que puedan publicarse en la p\u00e1gina de su Red social no ser\u00e1n almacenadas en ning\u00fan fichero por parte de la Asociaci\u00f3n pero s\u00ed permanecer\u00e1n en la Red Social.<\/p>\n\n\n\n<p>ASSOCIACI\u00d3 DE C\u00c0MPINGS DE GIRONA informa al usuario que algunas de las im\u00e1genes que aparecen en su Red social pueden ser objeto de identificaci\u00f3n por parte de los fotografiados.&nbsp;<\/p>\n\n\n\n<p>Si se reconoce en alguna de las fotograf\u00edas o videos publicados en esta red social y no desea aparecer, rogamos que nos lo comunique a trav\u00e9s de la direcci\u00f3n de correo electr\u00f3nico habilitada al efecto: info@campingsingirona.com, adjuntando copia del documento acreditativo de su identidad y referenciando el apartado de la p\u00e1gina donde se encuentra la imagen o video en el que aparece.<\/p>\n\n\n\n<h4 class=\"wp-block-heading\">CONCURSOs Y PROMOCIONES<\/h4>\n\n\n\n<p>ASSOCIACI\u00d3 DE C\u00c0MPINGS DE GIRONA se reserva el derecho a realizar concursos y promociones, en los que podr\u00e1 participar el usuario unido a su p\u00e1gina. Las bases de participaci\u00f3n cuando se utilice para ello la plataforma de la Red Social, ser\u00e1n publicadas en la misma y siempre dando cumplimiento a lo establecido en la SSI-CE y cualquier otra norma que le sea de aplicaci\u00f3n.<\/p>\n\n\n\n<p>La Red Social no patrocina, avala ni administra, de modo alguno, ninguna de nuestras promociones, ni est\u00e1 asociada a ninguna de ellas.<\/p>\n\n\n\n<h4 class=\"wp-block-heading\">PROSPECCI\u00d3N COMERCIAL<\/h4>\n\n\n\n<p>ASSOCIACI\u00d3 DE C\u00c0MPINGS DE GIRONA utilizar\u00e1 la Red Social para publicitar sus productos y servicios. En todo caso, si decide tratar sus datos de contacto para realizar acciones directas de prospecci\u00f3n comercial, ser\u00e1 siempre, cumpliendo con las exigencias legales del RGPD y de la LSSI-CE.<\/p>\n\n\n\n<p>No se considerar\u00e1 publicidad el hecho de recomendar a otros usuarios la p\u00e1gina de ASSOCIACI\u00d3 DE C\u00c0MPINGS DE GIRONA para que tambi\u00e9n ellos puedan disfrutar de las promociones o estar informados de su actividad.<\/p>\n","protected":false},"excerpt":{"rendered":"<p>ASSOCIACI\u00d3 DE C\u00c0MPINGS DE GIRONA&nbsp; es consciente de la importancia que supone para nuestros usuarios obtener informaci\u00f3n clara y transparente sobre el uso que hacemos de la informaci\u00f3n que nos proporcionan. La relaci\u00f3n con nuestros usuarios se basa en la honestidad, el rigor y la transparencia para construir relaciones s\u00f3lidas y de confianza mutua. Mediante [&hellip;]<\/p>\n","protected":false},"author":1,"featured_media":0,"parent":0,"menu_order":0,"comment_status":"closed","ping_status":"closed","template":"template-texto.php","meta":{"_acf_changed":false,"footnotes":""},"class_list":["post-17311","page","type-page","status-publish","hentry"],"acf":[],"_links":{"self":[{"href":"https:\/\/campingsingirona.com\/es\/wp-json\/wp\/v2\/pages\/17311","targetHints":{"allow":["GET"]}}],"collection":[{"href":"https:\/\/campingsingirona.com\/es\/wp-json\/wp\/v2\/pages"}],"about":[{"href":"https:\/\/campingsingirona.com\/es\/wp-json\/wp\/v2\/types\/page"}],"author":[{"embeddable":true,"href":"https:\/\/campingsingirona.com\/es\/wp-json\/wp\/v2\/users\/1"}],"replies":[{"embeddable":true,"href":"https:\/\/campingsingirona.com\/es\/wp-json\/wp\/v2\/comments?post=17311"}],"version-history":[{"count":2,"href":"https:\/\/campingsingirona.com\/es\/wp-json\/wp\/v2\/pages\/17311\/revisions"}],"predecessor-version":[{"id":121521,"href":"https:\/\/campingsingirona.com\/es\/wp-json\/wp\/v2\/pages\/17311\/revisions\/121521"}],"wp:attachment":[{"href":"https:\/\/campingsingirona.com\/es\/wp-json\/wp\/v2\/media?parent=17311"}],"curies":[{"name":"wp","href":"https:\/\/api.w.org\/{rel}","templated":true}]}}