{"id":16583,"date":"2021-02-17T22:06:10","date_gmt":"2021-02-17T22:06:10","guid":{"rendered":"https:\/\/campingsingirona.com\/avis-legal\/"},"modified":"2025-01-13T09:46:55","modified_gmt":"2025-01-13T09:46:55","slug":"avis-legal","status":"publish","type":"page","link":"https:\/\/campingsingirona.com\/es\/avis-legal\/","title":{"rendered":"Aviso legal"},"content":{"rendered":"\n<h3 class=\"wp-block-heading\">Objeto y aceptaci\u00f3n<\/h3>\n\n\n\n<p>El presente aviso legal regula el uso de la web www.campingsingirona.com, que es de titularidad de ASSOCIACI\u00d3 DE C\u00c0MPINGS DE GIRONA.<\/p>\n\n\n\n<p>La navegaci\u00f3n y la utilizaci\u00f3n de los servicios del portal, atribuye la condici\u00f3n de usuario del mismo y supone la aceptaci\u00f3n plena y sin reservas de ning\u00fan tipo de todas y cada una de las disposiciones incluidas en este Aviso Legal.<\/p>\n\n\n\n<p>ASSOCIACI\u00d3 DE C\u00c0MPINGS DE GIRONA podr\u00e1 en todo momento y sin previo aviso modificar las presentes disposiciones, mediante su publicaci\u00f3n en el Portal a fin de que sean conocidas con car\u00e1cter previo por los usuarios.<\/p>\n\n\n\n<p>El usuario est\u00e1 obligado a hacer un uso correcto de La Web conforme a la ley, la buena fe, el orden p\u00fablico, los usos del tr\u00e1fico y el presente Aviso Legal y responder\u00e1 frente al propietario de La Web o ante terceros por los da\u00f1os y perjuicios que puedan surgir como consecuencia del incumplimiento de esta obligaci\u00f3n.<\/p>\n\n\n\n<h3 class=\"wp-block-heading\">Identificaci\u00f3n y comunicaciones<\/h3>\n\n\n\n<p>El propietario de La Web en cumplimiento de ley 34\/2002, de 11 de julio, de Servicios de la Sociedad de la Informaci\u00f3n y Comercio Electr\u00f3nico (LSSICE), le informa que:<\/p>\n\n\n\n<p>Su denominaci\u00f3n social es: ASSOCIACI\u00d3 DE C\u00c0MPINGS DE GIRONA<\/p>\n\n\n\n<p>Su nombre comercial es: CAMPINGS DE GIRONA<\/p>\n\n\n\n<p>Su CIF es: G17116153&nbsp;<\/p>\n\n\n\n<p>Su domicilio social se encuentra en: Parc UdG, Edifici Narc\u00eds Monturiol, C\/ Emili Grahit 91 Bloc A \u2013 Oficina A.01.17<\/p>\n\n\n\n<p>Para comunicarse con nosotros, ponemos a su disposici\u00f3n diversos medios de contacto que se detallan a continuaci\u00f3n:&nbsp;<\/p>\n\n\n\n<p>Tel\u00e9fono: 972129337<\/p>\n\n\n\n<p>Correo electr\u00f3nico: info@campingsingirona.com<\/p>\n\n\n\n<p>Todas las notificaciones y comunicaciones entre los usuarios y el propietario de La Web se considerar\u00e1n eficaces, a todos los efectos, cuando se lleven a cabo a trav\u00e9s de correo postal o cualquier otro medio detallado anteriormente.<\/p>\n\n\n\n<h3 class=\"wp-block-heading\">Condiciones de acceso y uso&nbsp;<\/h3>\n\n\n\n<p>La Web y sus servicios son de acceso libre y gratuito, no obstante, el propietario de La Web puede condicionar el uso de algunos de los servicios ofrecidos en su sitio Web a la previa cumplimentaci\u00f3n del correspondiente formulario, previa lectura y aceptaci\u00f3n \u00edntegra, expresa y sin reservas del presente Aviso Legal y de la Pol\u00edtica de Privacidad.<\/p>\n\n\n\n<p>El usuario garantiza la autenticidad y actualidad de todos los datos que comunique al propietario de La Web y ser\u00e1 \u00fanico responsable de las manifestaciones falsas o inexactas que lleve a cabo.<\/p>\n\n\n\n<p>Si el usuario no estuviese de acuerdo con las condiciones de uso, deber\u00e1 abstenerse de utilizar este portal y operar por medio del mismo.<\/p>\n\n\n\n<p>El usuario se compromete a hacer un uso diligente, correcto y l\u00edcito de los contenidos y servicios del Portal y a no utilizarlos para, entre otros:&nbsp;<\/p>\n\n\n\n<p>a) Difusi\u00f3n de contenidos delictivos, violentos, pornogr\u00e1ficos, racistas, xen\u00f3fobos, ofensivos, de apolog\u00eda del terrorismo o, en general, contrarios a la ley, a la moral y a las buenas costumbres o al orden p\u00fablico.&nbsp;<\/p>\n\n\n\n<p>b) Introducir en la red virus inform\u00e1ticos o realizar actuaciones susceptibles de alterar, da\u00f1ar, interrumpir o generar errores o da\u00f1os en los sistemas f\u00edsicos y l\u00f3gicos del propietario de La Web o de terceros, as\u00ed como obstaculizar el acceso de otros usuarios a La Web y a sus servicios mediante el consumo masivo de los recursos inform\u00e1ticos a trav\u00e9s de los cuales el propietario de La Web presta sus servicios.&nbsp;<\/p>\n\n\n\n<p>c) La recogida y\/o utilizaci\u00f3n de datos personales de otros usuarios sin su consentimiento expreso o contraveniendo lo dispuesto en la normativa vigente en materia de protecci\u00f3n de datos.<\/p>\n\n\n\n<p>d) Vulnerar los derechos de propiedad intelectual o industrial, as\u00ed como violar la confidencialidad de la informaci\u00f3n del propietario de La Web o terceros.&nbsp;<\/p>\n\n\n\n<p>e) Suplantar la identidad de otro usuario, de las administraciones p\u00fablicas o de un tercero.&nbsp;<\/p>\n\n\n\n<p>f) Queda prohibido, cualquier acto de transmisi\u00f3n, distribuci\u00f3n, cesi\u00f3n, modificaci\u00f3n, reproducci\u00f3n, almacenamiento o comunicaci\u00f3n p\u00fablica total o parcial de los contenidos de La Web que no haya sido expresamente autorizada por el titular de los derechos de explotaci\u00f3n o resulte legalmente permitido.<\/p>\n\n\n\n<p>g) La utilizaci\u00f3n del servidor de correo del dominio y de las direcciones de correo electr\u00f3nico para el env\u00edo de correo masivo no autorizado.<\/p>\n\n\n\n<p>h) El usuario deber\u00e1 abstenerse de realizar manifestaciones o indicaciones falsas, inexactas o incorrectas sobre el propietario de La Web o incluir contenidos il\u00edcitos contrarios a los buenos usos y el orden.<\/p>\n\n\n\n<p>El establecimiento de un hiperenlace no implica en ning\u00fan caso, la existencia de relaciones entre el propietario de La Web y el propietario de la p\u00e1gina web en la que se establezca, ni la aceptaci\u00f3n y aprobaci\u00f3n por parte del propietario de La Web de sus contenidos o servicios. Aquellos que quieran establecer un hiperenlace, previamente deber\u00e1n solicitar autorizaci\u00f3n por escrito al propietario de La Web. En cualquier caso, el hiperenlace s\u00f3lo permitir\u00e1 el acceso a la homepage o p\u00e1gina de inicio de La Web.&nbsp;<\/p>\n\n\n\n<p>ASSOCIACI\u00d3 DE C\u00c0MPINGS DE GIRONA no ser\u00e1 responsable del contenido de las p\u00e1ginas web de destino que se establezcan mediante v\u00ednculos en el Portal ni tampoco de las infracciones de derechos de terceros en las que dichas p\u00e1ginas pudieran incurrir.<\/p>\n\n\n\n<h3 class=\"wp-block-heading\">PROPIEDAD INDUSTRIAL E INTELECTUAL<\/h3>\n\n\n\n<p>Todos los contenidos incluidos en el Portal y en particular las marcas, nombres comerciales, dise\u00f1os industriales, dise\u00f1os, textos, fotograf\u00edas, gr\u00e1ficos, logotipos, iconos, software o cualesquiera otros signos susceptibles de utilizaci\u00f3n industrial y comercial est\u00e1n protegidos por derechos de propiedad industrial e intelectual de&nbsp; ASSOCIACI\u00d3 DE C\u00c0MPINGS DE GIRONA o de terceros titulares de los mismos que han autorizado su inclusi\u00f3n en el Portal. Queda por lo tanto prohibida cualquier utilizaci\u00f3n y\/o reproducci\u00f3n de los mismos sin consentimiento expreso de ASSOCIACI\u00d3 DE C\u00c0MPINGS DE GIRONA.<\/p>\n\n\n\n<p>ASSOCIACI\u00d3 DE C\u00c0MPINGS DE GIRONA no ser\u00e1 responsable de la infracci\u00f3n de los derechos de propiedad intelectual o industrial de terceros que pudieran derivarse de la inclusi\u00f3n en el Portal de marcas, nombres comerciales, dise\u00f1os industriales, dise\u00f1os, textos, fotograf\u00edas, gr\u00e1ficos, logotipos, iconos o software pertenecientes a terceros que hayan declarado ser titulares de los mismos al incluirlos en el Portal.<\/p>\n\n\n\n<p>En ning\u00fan caso se entender\u00e1 que el acceso y la navegaci\u00f3n del Usuario implica una autorizaci\u00f3n o que se efect\u00faa renuncia, transmisi\u00f3n, cesi\u00f3n total o parcial de dichos derechos ni la concesi\u00f3n de ning\u00fan derecho ni expectativa de derecho y en concreto, de la alteraci\u00f3n, transformaci\u00f3n, explotaci\u00f3n, reproducci\u00f3n, distribuci\u00f3n o comunicaci\u00f3n p\u00fablica sobre dichos contenidos sin la previa autorizaci\u00f3n expresa del propietario de La Web o de los titulares correspondientes.<\/p>\n\n\n\n<h3 class=\"wp-block-heading\">Exclusi\u00f3n de garant\u00edas y responsabilidad<\/h3>\n\n\n\n<p>El propietario de La Web excluye, hasta donde le permite el ordenamiento jur\u00eddico, cualquier responsabilidad por da\u00f1os y perjuicios de cualquier naturaleza derivados de:&nbsp;<\/p>\n\n\n\n<p>a) La imposibilidad de acceso a La Web.&nbsp;<\/p>\n\n\n\n<p>b) La falta de veracidad, exactitud, exhaustividad y\/o actualidad de los contenidos a los que se haya accedido a trav\u00e9s de La Web, as\u00ed como la existencia en los mismos de vicios y defectos.<\/p>\n\n\n\n<p>c) La presencia de virus u otros elementos en los contenidos que puedan producir alteraciones en los sistemas inform\u00e1ticos, documentos electr\u00f3nicos o datos del usuario.<\/p>\n\n\n\n<p>&nbsp;d) El incumplimiento de las leyes, la buena fe, el orden p\u00fablico, los usos del tr\u00e1fico y el presente Aviso Legal, como resultado del uso incorrecto del sitio Web. En particular y a modo de ejemplo, el propietario de La Web no se hace responsable de las actuaciones de terceros que vulneren derechos de propiedad intelectual e industrial, secretos empresariales, derechos al honor, a la intimidad personal y familiar y a la propia imagen, as\u00ed como la normativa sobre competencia desleal y publicidad il\u00edcita.&nbsp;<\/p>\n\n\n\n<p>e) ASSOCIACI\u00d3 DE C\u00c0MPINGS DE GIRONA no es responsable del establecimiento de hiperv\u00ednculos por parte de terceros. Declina cualquier responsabilidad respecto a la informaci\u00f3n que se encuentre fuera de este sitio web y no sea gestionada directamente por su webmaster. La funci\u00f3n de los enlaces que aparecen en La Web es exclusivamente la de informar al usuario sobre la existencia de otras fuentes que podr\u00edan ampliar los contenidos ofrecidos. El propietario de La Web no garantiza ni es responsable del funcionamiento o del acceso a los sitios enlazados, ni sugiere, invita o recomienda la visita a los mismos, por lo que tampoco ser\u00e1 responsable de los resultados obtenidos.<\/p>\n\n\n\n<h3 class=\"wp-block-heading\">Publicaciones<\/h3>\n\n\n\n<p>La informaci\u00f3n aqu\u00ed publicada debe entenderse como una gu\u00eda sin prop\u00f3sito de validez legal y no sustituye la publicidad legal de las leyes, normativas, planes, disposiciones generales y actos que deben estar formalmente publicados en los boletines oficiales de las Administraciones P\u00fablicas y que son el \u00fanico instrumento que da fe de su autenticidad y contenido.<\/p>\n","protected":false},"excerpt":{"rendered":"<p>Objeto y aceptaci\u00f3n El presente aviso legal regula el uso de la web www.campingsingirona.com, que es de titularidad de ASSOCIACI\u00d3 DE C\u00c0MPINGS DE GIRONA. La navegaci\u00f3n y la utilizaci\u00f3n de los servicios del portal, atribuye la condici\u00f3n de usuario del mismo y supone la aceptaci\u00f3n plena y sin reservas de ning\u00fan tipo de todas y [&hellip;]<\/p>\n","protected":false},"author":1,"featured_media":0,"parent":0,"menu_order":0,"comment_status":"closed","ping_status":"closed","template":"template-texto.php","meta":{"_acf_changed":false,"footnotes":""},"class_list":["post-16583","page","type-page","status-publish","hentry"],"acf":[],"_links":{"self":[{"href":"https:\/\/campingsingirona.com\/es\/wp-json\/wp\/v2\/pages\/16583","targetHints":{"allow":["GET"]}}],"collection":[{"href":"https:\/\/campingsingirona.com\/es\/wp-json\/wp\/v2\/pages"}],"about":[{"href":"https:\/\/campingsingirona.com\/es\/wp-json\/wp\/v2\/types\/page"}],"author":[{"embeddable":true,"href":"https:\/\/campingsingirona.com\/es\/wp-json\/wp\/v2\/users\/1"}],"replies":[{"embeddable":true,"href":"https:\/\/campingsingirona.com\/es\/wp-json\/wp\/v2\/comments?post=16583"}],"version-history":[{"count":3,"href":"https:\/\/campingsingirona.com\/es\/wp-json\/wp\/v2\/pages\/16583\/revisions"}],"predecessor-version":[{"id":121517,"href":"https:\/\/campingsingirona.com\/es\/wp-json\/wp\/v2\/pages\/16583\/revisions\/121517"}],"wp:attachment":[{"href":"https:\/\/campingsingirona.com\/es\/wp-json\/wp\/v2\/media?parent=16583"}],"curies":[{"name":"wp","href":"https:\/\/api.w.org\/{rel}","templated":true}]}}