{"id":15989,"date":"2021-04-09T08:43:54","date_gmt":"2021-04-09T08:43:54","guid":{"rendered":"https:\/\/campingsingirona.com\/campgo\/"},"modified":"2022-02-14T08:04:46","modified_gmt":"2022-02-14T08:04:46","slug":"campgo","status":"publish","type":"page","link":"https:\/\/campingsingirona.com\/es\/experiencias\/campgo\/","title":{"rendered":"Camp&#038;Go"},"content":{"rendered":"\n<h2 class=\"wp-block-heading\" id=\"amplia-las-ventajas-de-viajar-en-autocaravana\">Ampl\u00eda las ventajas de viajar en autocaravana<\/h2>\n\n\n\n<p>Despu\u00e9s de un divertido d\u00eda de ruta, apetece descansar y ponerse c\u00f3modo. \u00bfQu\u00e9 te parecer\u00eda disfrutar de buenas vistas desde la autocaravana mientras vac\u00edas los dep\u00f3sitos? \u00bfO un ambiente tranquilo y seguro para preparar una buena cena?<\/p>\n\n\n\n<p>\u00a1En los Campings de Girona es posible con el innovador servicio para autocaravanistas Camp&amp;Go! Ahora puedes hacer <strong>estancias nocturnas en el camping en parcelas equipadas para autocaravanas<\/strong> y disfrutarlas <strong>a precios reducidos<\/strong>.<\/p>\n\n\n\n<p>Descubre los Campings con el Sello Camp&amp;Go y haz de tu ruta un viaje m\u00e1s c\u00f3modo y divertido.<\/p>\n\n\n\n<p><em>*Consulta las tarifas y condiciones especiales Camp&amp;Go cada camping.<\/em><\/p>\n","protected":false},"excerpt":{"rendered":"<p>Ampl\u00eda las ventajas de viajar en autocaravana Despu\u00e9s de un divertido d\u00eda de ruta, apetece descansar y ponerse c\u00f3modo. \u00bfQu\u00e9 te parecer\u00eda disfrutar de buenas vistas desde la autocaravana mientras vac\u00edas los dep\u00f3sitos? \u00bfO un ambiente tranquilo y seguro para preparar una buena cena? \u00a1En los Campings de Girona es posible con el innovador servicio [&hellip;]<\/p>\n","protected":false},"author":1,"featured_media":15857,"parent":15827,"menu_order":0,"comment_status":"closed","ping_status":"closed","template":"template-experiencia.php","meta":{"_acf_changed":false,"footnotes":""},"class_list":["post-15989","page","type-page","status-publish","has-post-thumbnail","hentry"],"acf":[],"_links":{"self":[{"href":"https:\/\/campingsingirona.com\/es\/wp-json\/wp\/v2\/pages\/15989","targetHints":{"allow":["GET"]}}],"collection":[{"href":"https:\/\/campingsingirona.com\/es\/wp-json\/wp\/v2\/pages"}],"about":[{"href":"https:\/\/campingsingirona.com\/es\/wp-json\/wp\/v2\/types\/page"}],"author":[{"embeddable":true,"href":"https:\/\/campingsingirona.com\/es\/wp-json\/wp\/v2\/users\/1"}],"replies":[{"embeddable":true,"href":"https:\/\/campingsingirona.com\/es\/wp-json\/wp\/v2\/comments?post=15989"}],"version-history":[{"count":5,"href":"https:\/\/campingsingirona.com\/es\/wp-json\/wp\/v2\/pages\/15989\/revisions"}],"predecessor-version":[{"id":31022,"href":"https:\/\/campingsingirona.com\/es\/wp-json\/wp\/v2\/pages\/15989\/revisions\/31022"}],"up":[{"embeddable":true,"href":"https:\/\/campingsingirona.com\/es\/wp-json\/wp\/v2\/pages\/15827"}],"wp:featuredmedia":[{"embeddable":true,"href":"https:\/\/campingsingirona.com\/es\/wp-json\/wp\/v2\/media\/15857"}],"wp:attachment":[{"href":"https:\/\/campingsingirona.com\/es\/wp-json\/wp\/v2\/media?parent=15989"}],"curies":[{"name":"wp","href":"https:\/\/api.w.org\/{rel}","templated":true}]}}