{"id":15837,"date":"2021-02-10T23:35:55","date_gmt":"2021-02-10T23:35:55","guid":{"rendered":"https:\/\/campingsingirona.com\/home\/"},"modified":"2026-02-10T16:07:42","modified_gmt":"2026-02-10T16:07:42","slug":"home","status":"publish","type":"page","link":"https:\/\/campingsingirona.com\/es\/","title":{"rendered":"Home"},"content":{"rendered":"\n<div class=\"wp-block-cover cabecera con-scroll\"><img loading=\"lazy\" decoding=\"async\" width=\"1440\" height=\"864\" class=\"wp-block-cover__image-background wp-image-12544\" alt=\"\" src=\"https:\/\/campingsingirona.com\/wp-content\/uploads\/2021\/03\/home.jpg\" data-object-fit=\"cover\" srcset=\"https:\/\/campingsingirona.com\/wp-content\/uploads\/2021\/03\/home.jpg 1440w, https:\/\/campingsingirona.com\/wp-content\/uploads\/2021\/03\/home-1024x614.jpg 1024w, https:\/\/campingsingirona.com\/wp-content\/uploads\/2021\/03\/home-768x461.jpg 768w\" sizes=\"auto, (max-width: 1440px) 100vw, 1440px\" \/><span aria-hidden=\"true\" class=\"wp-block-cover__background has-background-dim-0 has-background-dim\"><\/span><div class=\"wp-block-cover__inner-container is-layout-flow wp-block-cover-is-layout-flow\">\n<h1 class=\"wp-block-heading has-text-align-center\">Descubre los campings de la Costa Brava y los Pirineos<\/h1>\n\n\n<div id=\"botones-block_2c605583a3ea05009f80dba80954069d\" class=\"wp-block-group wp-block-botones\">\n        <ul class=\"botones\">\n                <li>\n            <a href=\"https:\/\/campingsingirona.com\/es\/experiencias\/\" class=\"boton boton1\">\n                Vive experiencias            <\/a>\n        <\/li>\n                <li>\n            <a href=\"https:\/\/campingsingirona.com\/es\/puntos-interes\/\" class=\"boton boton2\">\n                Conoce el destino            <\/a>\n        <\/li>\n                <li>\n            <a href=\"https:\/\/campingsingirona.com\/es\/campings\/\" class=\"boton boton3\">\n                Descubre los campings            <\/a>\n        <\/li>\n            <\/ul>\n    <\/div><\/div><\/div>\n\n\n\n<div class=\"wp-block-group page-wrapper separador-superior\"><div class=\"wp-block-group__inner-container is-layout-flow wp-block-group-is-layout-flow\">\n<h2 class=\"wp-block-heading has-text-align-center\">\u00bfPor qu\u00e9 ir a los<\/h2>\n\n\n\n<h2 class=\"wp-block-heading has-text-align-center\"> Campings de Girona?<\/h2>\n\n\n\n<p class=\"has-text-align-center separador-superior\">Los campings de Girona son una de las mejores opciones de viaje para descubrir la Costa Brava y los Pirineos. Estos ofrecen todo tipo de alojamientos en pleno contacto con la naturaleza, el aire libre y un territorio con infinitas posibilidades<\/p>\n<\/div><\/div>\n\n\n<style type=\"text\/css\">\n\n<\/style>\n<div id=\"mapa-block_d2c1ab942f3215faec5782069e02acc7\" class=\"wp-block-group wp-block-mapa separador-inferior page-wrapper\">\n    <div class=\"mapa\">\n        <img decoding=\"async\" src=\"https:\/\/campingsingirona.com\/wp-content\/uploads\/2021\/03\/mapa.svg\" class=\"desktop\" \/>\n        <img decoding=\"async\" src=\"https:\/\/campingsingirona.com\/wp-content\/uploads\/2021\/04\/mapa-mobile.svg\" class=\"mobile\" \/>\n        <ul class=\"bolas\">\n                <li class=\"bola bola-0\">\n            <div class=\"titulo\">\n                <h2>Naturaleza<\/h2>\n                <img decoding=\"async\" src=\"https:\/\/campingsingirona.com\/wp-content\/uploads\/2021\/03\/naturaleza.jpg\" \/>\n            <\/div>\n            <div class=\"html\">\n                <span><strong>Tierra de 1.000 paisajes. <\/strong> Playas y calas de aguas cristalinas protegidas por rocosos acantilados, llanuras, bosques y altas monta\u00f1as forman parte de un territorio de gran inter\u00e9s natural.<\/span>\n            <\/div>\n        <\/li>\n                <li class=\"bola bola-1\">\n            <div class=\"titulo\">\n                <h2>Monta\u00f1a<\/h2>\n                <img decoding=\"async\" src=\"https:\/\/campingsingirona.com\/wp-content\/uploads\/2021\/03\/montana.jpg\" \/>\n            <\/div>\n            <div class=\"html\">\n                <span>Los Pirineos, un lugar m\u00e1gico de grandes monta\u00f1as y preciosos valles donde disfrutar de actividades al aire libre y deportes de monta\u00f1a como el esqu\u00ed, el senderismo, la BTT y mucho m\u00e1s.<\/span>\n            <\/div>\n        <\/li>\n                <li class=\"bola bola-2\">\n            <div class=\"titulo\">\n                <h2>Pueblos<\/h2>\n                <img decoding=\"async\" src=\"https:\/\/campingsingirona.com\/wp-content\/uploads\/2021\/03\/pueblos.jpg\" \/>\n            <\/div>\n            <div class=\"html\">\n                <span>Descubre pueblos con encanto, villas medievales y ciudades con historia. Viajar de pueblo en pueblo es la mejor manera de conocer la autenticidad del territorio y el car\u00e1cter abierto de su gente.<\/span>\n            <\/div>\n        <\/li>\n                <li class=\"bola bola-3\">\n            <div class=\"titulo\">\n                <h2>Cultura<\/h2>\n                <img decoding=\"async\" src=\"https:\/\/campingsingirona.com\/wp-content\/uploads\/2021\/03\/cultura.jpg\" \/>\n            <\/div>\n            <div class=\"html\">\n                <span>Ad\u00e9ntrate en la cultura de un territorio nutrido por el paso de numerosas civilizaciones, inspiraci\u00f3n de grandes artistas y tradiciones que a\u00fan perduran gracias al car\u00e1cter de los habitantes de la zona.<\/span>\n            <\/div>\n        <\/li>\n                <li class=\"bola bola-4\">\n            <div class=\"titulo\">\n                <h2>Mar<\/h2>\n                <img decoding=\"async\" src=\"https:\/\/campingsingirona.com\/wp-content\/uploads\/2021\/03\/mar.jpg\" \/>\n            <\/div>\n            <div class=\"html\">\n                <span>La Costa Brava, un peque\u00f1o tesoro del litoral catal\u00e1n donde vivir la esencia mediterr\u00e1nea en estado puro gracias a las id\u00edlicas playas y calas de aguas transparentes y turquesas.<\/span>\n            <\/div>\n        <\/li>\n                <li class=\"bola bola-5\">\n            <div class=\"titulo\">\n                <h2>Gastronom\u00eda<\/h2>\n                <img decoding=\"async\" src=\"https:\/\/campingsingirona.com\/wp-content\/uploads\/2021\/03\/gastronomia.jpg\" \/>\n            <\/div>\n            <div class=\"html\">\n                <span>Disfruta de la gastronom\u00eda y los vinos gerundenses, reconocidos por sus sabores caracter\u00edsticos del mar y la monta\u00f1a. Prueba los productos t\u00edpicos de cada zona y descubre la importancia del g\u00e9nero local.<\/span>\n            <\/div>\n        <\/li>\n                <\/ul>\n    <\/div>\n<\/div>\n\n\n<figure class=\"extendedwopts-md-center wp-block-embed is-type-video is-provider-youtube wp-block-embed-youtube wp-embed-aspect-16-9 wp-has-aspect-ratio\"><div class=\"wp-block-embed__wrapper\">\n<iframe loading=\"lazy\" title=\"Campingsingirona &amp; Family\" width=\"500\" height=\"281\" src=\"https:\/\/www.youtube.com\/embed\/XQqxcnYcX04?feature=oembed\" frameborder=\"0\" allow=\"accelerometer; autoplay; clipboard-write; encrypted-media; gyroscope; picture-in-picture; web-share\" referrerpolicy=\"strict-origin-when-cross-origin\" allowfullscreen><\/iframe>\n<\/div><\/figure>\n\n\n\n<div class=\"wp-block-group grfolleto is-nowrap is-layout-flex wp-container-core-group-is-layout-64989fb1 wp-block-group-is-layout-flex\">\n<figure class=\"wp-block-image size-full\"><img loading=\"lazy\" decoding=\"async\" width=\"1577\" height=\"1961\" src=\"https:\/\/campingsingirona.com\/wp-content\/uploads\/2025\/01\/Folleto_campingsingirona.jpg\" alt=\"\" class=\"wp-image-121597\" style=\"object-fit:cover\" srcset=\"https:\/\/campingsingirona.com\/wp-content\/uploads\/2025\/01\/Folleto_campingsingirona.jpg 1577w, https:\/\/campingsingirona.com\/wp-content\/uploads\/2025\/01\/Folleto_campingsingirona-823x1024.jpg 823w, https:\/\/campingsingirona.com\/wp-content\/uploads\/2025\/01\/Folleto_campingsingirona-768x955.jpg 768w, https:\/\/campingsingirona.com\/wp-content\/uploads\/2025\/01\/Folleto_campingsingirona-1235x1536.jpg 1235w\" sizes=\"auto, (max-width: 1577px) 100vw, 1577px\" \/><\/figure>\n\n\n\n<div class=\"wp-block-group\"><div class=\"wp-block-group__inner-container is-layout-constrained wp-block-group-is-layout-constrained\">\n<div style=\"height:61px\" aria-hidden=\"true\" class=\"wp-block-spacer\"><\/div>\n\n\n\n<h2 class=\"wp-block-heading\">Desc\u00e1rgate el folleto de los Campings in Girona<\/h2>\n\n\n\n<div style=\"height:29px\" aria-hidden=\"true\" class=\"wp-block-spacer\"><\/div>\n\n\n\n<p>\u00a1Descubre todo lo que te ofrecen los campings en Girona! Desc\u00e1rgate el folleto y descubre por qu\u00e9 son la opci\u00f3n ideal para disfrutar de la naturaleza, la libertad y unas vacaciones llenas de aventura y relax en un territorio lleno de infinitas posibilidades para vivir experiencias \u00fanicas.<\/p>\n\n\n\n<p class=\"extendedwopts-md-left boton alt\"><a href=\"https:\/\/campingsingirona.com\/wp-content\/uploads\/2025\/01\/Campings-In-Girona-ESP.pdf\" target=\"_blank\" rel=\"noreferrer noopener\">Desc\u00e1rgatelo aqu\u00ed<\/a><\/p>\n<\/div><\/div>\n<\/div>\n\n\n<div id=\"noticias-block_0138f81f5d50032d06a5bad7ef674dd1\" class=\"wp-block-group wp-block-noticias separador-superior separador-inferior\">\n    <div class=\"page-wrapper\">\n        <div class=\"cabecera-contenido\">\n            <h2>Insp\u00edrate<\/h2>\n        <\/div>\n        <div class=\"descripcion-bloque-noticias html\">\n            <p>Bienvenido al blog Insp\u00edrate, un rinc\u00f3n repleto de ideas originales para tus vacaciones a la Costa Brava y los Pirineos. Encuentra propuestas para tus escapadas al territorio, consejos de viaje, rutas, excursiones, puntos de inter\u00e9s, experiencias y mucho m\u00e1s. \u00bfTe lo vas a perder?<\/p>\n        <\/div>\n                <ul class=\"noticias noticias-destacadas\">\n            <li class=\"noticia noticia1 con-thumbnail\"  style=\"background-image:url(https:\/\/campingsingirona.com\/wp-content\/uploads\/2024\/05\/20220608_0174-scaled.jpg)\" >\n    <a href=\"https:\/\/campingsingirona.com\/es\/2024\/05\/recomanacions-i-activitats-per-anar-de-vacances-amb-la-teva-mascota\/\">\n                <div class=\"texto\">\n            <h3>Recomendaciones y actividades para ir de vacaciones con tu mascota<\/h3>\n            <div class=\"fecha\">14 de mayo de 2024<\/div>\n        <\/div>\n    <\/a>\n<\/li><li class=\"noticia noticia2 con-thumbnail\"  style=\"background-image:url(https:\/\/campingsingirona.com\/wp-content\/uploads\/2024\/05\/Camping-nens.jpg)\" >\n    <a href=\"https:\/\/campingsingirona.com\/es\/2024\/05\/regala-a-tus-hijos-una-vuelta-a-la-esencia-de-la-infancia\/\">\n                <div class=\"texto\">\n            <h3>Regala a tus hijos una vuelta a la esencia de la infancia<\/h3>\n            <div class=\"fecha\">3 de mayo de 2024<\/div>\n        <\/div>\n    <\/a>\n<\/li><li class=\"noticia noticia3 con-thumbnail\"  style=\"background-image:url(https:\/\/campingsingirona.com\/wp-content\/uploads\/2021\/02\/LEstartit-Parc-Natural-del-Montgri\u0301-les-Illes-Medes-i-el-Baix-Ter.-Jordi-Renart.-Arxiu-Imatges-PTCBG.jpg)\" >\n    <a href=\"https:\/\/campingsingirona.com\/es\/2020\/02\/actividades-en-familia-girona\/\">\n                <div class=\"texto\">\n            <h3>10 actividades para hacer en familia en la provincia de Girona<\/h3>\n            <div class=\"fecha\">25 de febrero de 2020<\/div>\n        <\/div>\n    <\/a>\n<\/li><li class=\"noticia noticia4 con-thumbnail\"  style=\"background-image:url(https:\/\/campingsingirona.com\/wp-content\/uploads\/2023\/03\/Teatre-Museu-Dali-Figueres.-Josep-Algans.-Arxiu-Imatges-PTCBG.jpg)\" >\n    <a href=\"https:\/\/campingsingirona.com\/es\/2023\/03\/el-teatro-museo-dali-surrealismo\/\">\n                <div class=\"texto\">\n            <h3><strong>El Teatro &#8211; Museo Dal\u00ed, la joya del surrealismo<\/strong><\/h3>\n            <div class=\"fecha\">23 de marzo de 2023<\/div>\n        <\/div>\n    <\/a>\n<\/li><li class=\"noticia noticia5 con-thumbnail\"  style=\"background-image:url(https:\/\/campingsingirona.com\/wp-content\/uploads\/2023\/03\/PG-83.jpeg)\" >\n    <a href=\"https:\/\/campingsingirona.com\/es\/2023\/01\/que-hacer-en-la-garrotxa-con-ninos\/\">\n                <div class=\"texto\">\n            <h3><strong>Qu\u00e9 hacer en La Garrotxa con ni\u00f1os<\/strong><\/h3>\n            <div class=\"fecha\">27 de enero de 2023<\/div>\n        <\/div>\n    <\/a>\n<\/li><li class=\"noticia noticia6 con-thumbnail\"  style=\"background-image:url(https:\/\/campingsingirona.com\/wp-content\/uploads\/2023\/05\/Mas-Oller.-Torrent.-Joan-Divi-Figueras.-Arxiu-Imatges-PTCBG-3.webp)\" >\n    <a href=\"https:\/\/campingsingirona.com\/es\/2023\/04\/descubriendo-las-bodegas-do-emporda\/\">\n                <div class=\"texto\">\n            <h3>Descubriendo las Bodegas DO Empord\u00e0<\/h3>\n            <div class=\"fecha\">28 de abril de 2023<\/div>\n        <\/div>\n    <\/a>\n<\/li>        <\/ul>\n                <div class=\"ver-mas\">\n            <a class=\"boton alt\" href=\"https:\/\/campingsingirona.com\/es\/inspirate\/\">Ver m\u00e1s<\/a>\n        <\/div>\n    <\/div>\n<\/div>\n\n\n<div class=\"wp-block-group\"><div class=\"wp-block-group__inner-container is-layout-constrained wp-block-group-is-layout-constrained\">\n<figure class=\"wp-block-image size-full just-desktop full-width\"><a href=\"https:\/\/jobs.campingsingirona.com\/\"><img loading=\"lazy\" decoding=\"async\" width=\"1920\" height=\"260\" src=\"https:\/\/campingsingirona.com\/wp-content\/uploads\/2023\/11\/Banner-web-ES.png\" alt=\"\" class=\"wp-image-108164\" style=\"object-fit:cover\" srcset=\"https:\/\/campingsingirona.com\/wp-content\/uploads\/2023\/11\/Banner-web-ES.png 1920w, https:\/\/campingsingirona.com\/wp-content\/uploads\/2023\/11\/Banner-web-ES-1024x139.png 1024w, https:\/\/campingsingirona.com\/wp-content\/uploads\/2023\/11\/Banner-web-ES-768x104.png 768w, https:\/\/campingsingirona.com\/wp-content\/uploads\/2023\/11\/Banner-web-ES-1536x208.png 1536w\" sizes=\"auto, (max-width: 1920px) 100vw, 1920px\" \/><\/a><\/figure>\n\n\n\n<figure class=\"wp-block-image size-full just-mobile full-width\"><a href=\"https:\/\/jobs.campingsingirona.com\/\"><img loading=\"lazy\" decoding=\"async\" width=\"430\" height=\"280\" src=\"https:\/\/campingsingirona.com\/wp-content\/uploads\/2023\/11\/Banner-movil-ES.png\" alt=\"\" class=\"wp-image-108170\"\/><\/a><\/figure>\n<\/div><\/div>\n\n\n\n<p><\/p>\n\n\n\n<div class=\"wp-block-group page-wrapper\"><div class=\"wp-block-group__inner-container is-layout-flow wp-block-group-is-layout-flow\">\n<div class=\"wp-block-columns separador-superior is-layout-flex wp-container-core-columns-is-layout-9d6595d7 wp-block-columns-is-layout-flex\">\n<div class=\"wp-block-column is-layout-flow wp-block-column-is-layout-flow\"><style type=\"text\/css\">\n\n<\/style>\n<div id=\"logos-block_da263cbeca2596271da7ee31513ac5ce\" class=\"wp-block-group wp-block-logos\">\n    <h2>Patrocinadores<\/h2>\n        <ul class=\"logos\">\n                <li class=\"logo\">\n                        <a href=\"https:\/\/www.llagosnet.com\/es\/\" style=\"background-image:url(https:\/\/campingsingirona.com\/wp-content\/uploads\/2022\/03\/Logo_Llagosnet_bestline_negatiu_blau.jpg)\" target=\"_blank\" rel=\"noopener\"><\/a>\n                    <\/li>\n                <li class=\"logo\">\n                        <a href=\"https:\/\/serviturheinze.com\/\" style=\"background-image:url(https:\/\/campingsingirona.com\/wp-content\/uploads\/2021\/10\/Heinze-2.jpg)\" target=\"_blank\" rel=\"noopener\"><\/a>\n                    <\/li>\n                <li class=\"logo\">\n                        <a href=\"https:\/\/www.septeo.com\/es\/hospitality\" style=\"background-image:url(https:\/\/campingsingirona.com\/wp-content\/uploads\/2026\/02\/logo-septeo-hospitality-rgb_logo-Septeo-Hospitality-verti-dark.png)\" target=\"_blank\" rel=\"noopener\"><\/a>\n                    <\/li>\n                <li class=\"logo\">\n                        <a href=\"http:\/\/www.llort-tarradas.com\/\" style=\"background-image:url(https:\/\/campingsingirona.com\/wp-content\/uploads\/2025\/01\/llort-tarradas.jpeg)\" target=\"_blank\" rel=\"noopener\"><\/a>\n                    <\/li>\n                <li class=\"logo\">\n                        <a href=\"https:\/\/www.disbesa.com\/ca\/\" style=\"background-image:url(https:\/\/campingsingirona.com\/wp-content\/uploads\/2021\/10\/disbesa-darnes-3-e1635325494301.png)\" target=\"_blank\" rel=\"noopener\"><\/a>\n                    <\/li>\n                <li class=\"logo\">\n                        <a href=\"https:\/\/www.repsol.com\/es\/index.cshtml\" style=\"background-image:url(https:\/\/campingsingirona.com\/wp-content\/uploads\/2021\/07\/Diseno-sin-titulo1.jpg)\" target=\"_blank\" rel=\"noopener\"><\/a>\n                    <\/li>\n                <li class=\"logo\">\n                        <a href=\"https:\/\/www.tematicarquitectura.com\/\" style=\"background-image:url(https:\/\/campingsingirona.com\/wp-content\/uploads\/2024\/09\/TEMATIC.png)\" target=\"_blank\" rel=\"noopener\"><\/a>\n                    <\/li>\n                <li class=\"logo\">\n                        <a href=\"https:\/\/staff.es\/\" style=\"background-image:url(https:\/\/campingsingirona.com\/wp-content\/uploads\/2024\/09\/logo-grupo-vector1.png)\" target=\"_blank\" rel=\"noopener\"><\/a>\n                    <\/li>\n                <li class=\"logo\">\n                        <a href=\"https:\/\/sepesports.com\/\" style=\"background-image:url(https:\/\/campingsingirona.com\/wp-content\/uploads\/2024\/09\/Logo-vect.png)\" target=\"_blank\" rel=\"noopener\"><\/a>\n                    <\/li>\n                <li class=\"logo\">\n                        <a href=\"https:\/\/gapserveisturistics.com\/\" style=\"background-image:url(https:\/\/campingsingirona.com\/wp-content\/uploads\/2024\/09\/logo_gap-1.png)\" target=\"_blank\" rel=\"noopener\"><\/a>\n                    <\/li>\n                <li class=\"logo\">\n                        <a href=\"https:\/\/www.energy-tools.net\/\" style=\"background-image:url(https:\/\/campingsingirona.com\/wp-content\/uploads\/2024\/09\/Energy-Tools.png)\" target=\"_blank\" rel=\"noopener\"><\/a>\n                    <\/li>\n                <li class=\"logo\">\n                        <a href=\"https:\/\/edsunloisirs.com\/es\/\/\" style=\"background-image:url(https:\/\/campingsingirona.com\/wp-content\/uploads\/2024\/09\/LogoEDSUN_Fondbleu_Baseline.png)\" target=\"_blank\" rel=\"noopener\"><\/a>\n                    <\/li>\n                <li class=\"logo\">\n                        <a href=\"https:\/\/www.masiaemporda.com\/\" style=\"background-image:url(https:\/\/campingsingirona.com\/wp-content\/uploads\/2024\/08\/logo-masiaemporda.png)\" target=\"_blank\" rel=\"noopener\"><\/a>\n                    <\/li>\n                <li class=\"logo\">\n                        <a href=\"https:\/\/www.campany.es\/\" style=\"background-image:url(https:\/\/campingsingirona.com\/wp-content\/uploads\/2024\/08\/logo-campany.png)\" target=\"_blank\" rel=\"noopener\"><\/a>\n                    <\/li>\n                <li class=\"logo\">\n                        <a href=\"https:\/\/multivalles.com\/es\/\" style=\"background-image:url(https:\/\/campingsingirona.com\/wp-content\/uploads\/2024\/11\/logo_multiembalajes.png)\" target=\"_blank\" rel=\"noopener\"><\/a>\n                    <\/li>\n                <li class=\"logo\">\n                        <a href=\"https:\/\/www.servei.es\/\" style=\"background-image:url(https:\/\/campingsingirona.com\/wp-content\/uploads\/2024\/12\/logo-servei-sau.png)\" target=\"_blank\" rel=\"noopener\"><\/a>\n                    <\/li>\n                <li class=\"logo\">\n                        <a href=\"https:\/\/www.apliser.com\/\" style=\"background-image:url(https:\/\/campingsingirona.com\/wp-content\/uploads\/2025\/07\/APLISER-logo.png)\" target=\"_blank\" rel=\"noopener\"><\/a>\n                    <\/li>\n                <li class=\"logo\">\n                        <a href=\"https:\/\/addvalue.es\/\" style=\"background-image:url(https:\/\/campingsingirona.com\/wp-content\/uploads\/2026\/01\/Logo-Add-Value.png)\" target=\"_blank\" rel=\"noopener\"><\/a>\n                    <\/li>\n                <li class=\"logo\">\n                        <a href=\"https:\/\/www.controlplagagirona.com\/\" style=\"background-image:url(https:\/\/campingsingirona.com\/wp-content\/uploads\/2026\/02\/Qontrol-Plagas-Ax-vertical.jpg)\" target=\"_blank\" rel=\"noopener\"><\/a>\n                    <\/li>\n            <\/ul>\n    <\/div><\/div>\n\n\n\n<div class=\"wp-block-column is-layout-flow wp-block-column-is-layout-flow\"><style type=\"text\/css\">\n\n<\/style>\n<div id=\"logos-block_5da5840042aace280c95cd9b6df8ad5c\" class=\"wp-block-group wp-block-logos\">\n    <h2>Colaboradores<\/h2>\n        <ul class=\"logos\">\n                <li class=\"logo\">\n                        <a href=\"http:\/\/act.gencat.cat\/\" style=\"background-image:url(https:\/\/campingsingirona.com\/wp-content\/uploads\/2021\/10\/unnamed.gif)\" target=\"_blank\" rel=\"noopener\"><\/a>\n                    <\/li>\n                <li class=\"logo\">\n                        <a href=\"https:\/\/ca.costabrava.org\/\" style=\"background-image:url(https:\/\/campingsingirona.com\/wp-content\/uploads\/2021\/11\/CB_PG_V_P_1TC-scaled.jpg)\" target=\"_blank\" rel=\"noopener\"><\/a>\n                    <\/li>\n                <li class=\"logo\">\n                        <a href=\"https:\/\/www.ddgi.cat\/web\/\" style=\"background-image:url(https:\/\/campingsingirona.com\/wp-content\/uploads\/2021\/11\/DiputacioDeGirona.png)\" target=\"_blank\" rel=\"noopener\"><\/a>\n                    <\/li>\n                <li class=\"logo\">\n                        <a href=\"https:\/\/www.ddgi.cat\/web\/\" style=\"background-image:url(https:\/\/campingsingirona.com\/wp-content\/uploads\/2021\/11\/DDGI-2030-Demarcacio-Sostenible-2.jpg)\" target=\"_blank\" rel=\"noopener\"><\/a>\n                    <\/li>\n                <li class=\"logo\">\n                        <a href=\"http:\/\/www.foeg.cat\/\" style=\"background-image:url(https:\/\/campingsingirona.com\/wp-content\/uploads\/2024\/09\/logo_foeg_nou.jpg)\" target=\"_blank\" rel=\"noopener\"><\/a>\n                    <\/li>\n                <li class=\"logo\">\n                        <a href=\"https:\/\/www.doemporda.cat\/\" style=\"background-image:url(https:\/\/campingsingirona.com\/wp-content\/uploads\/2021\/10\/logo-do-emporda.jpg)\" target=\"_blank\" rel=\"noopener\"><\/a>\n                    <\/li>\n                <li class=\"logo\">\n                        <a href=\"https:\/\/www.enginyersgi.cat\/\" style=\"background-image:url(https:\/\/campingsingirona.com\/wp-content\/uploads\/2021\/10\/logo-1548256638057.jpg)\" target=\"_blank\" rel=\"noopener\"><\/a>\n                    <\/li>\n                <li class=\"logo\">\n                        <a href=\"https:\/\/www.viesverdes.cat\/:\/\/www.google.com\" style=\"background-image:url(https:\/\/campingsingirona.com\/wp-content\/uploads\/2021\/09\/ViesVerdes.jpg)\" target=\"_blank\" rel=\"noopener\"><\/a>\n                    <\/li>\n                <li class=\"logo\">\n                        <a href=\"https:\/\/www.mifas.cat\/es\/\" style=\"background-image:url(https:\/\/campingsingirona.com\/wp-content\/uploads\/2021\/10\/mifas-marcagrafica-grup-positiu-1050666-e1635326864987.jpg)\" target=\"_blank\" rel=\"noopener\"><\/a>\n                    <\/li>\n                <li class=\"logo\">\n                        <a href=\"https:\/\/www.udg.edu\/es\/\" style=\"background-image:url(https:\/\/campingsingirona.com\/wp-content\/uploads\/2021\/10\/logo-girona-e1635324745802.jpg)\" target=\"_blank\" rel=\"noopener\"><\/a>\n                    <\/li>\n            <\/ul>\n    <\/div><\/div>\n<\/div>\n<\/div><\/div>\n\n\n\n<p><\/p>\n","protected":false},"excerpt":{"rendered":"<p>\u00bfPor qu\u00e9 ir a los Campings de Girona? Los campings de Girona son una de las mejores opciones de viaje para descubrir la Costa Brava y los Pirineos. Estos ofrecen todo tipo de alojamientos en pleno contacto con la naturaleza, el aire libre y un territorio con infinitas posibilidades Desc\u00e1rgate el folleto de los Campings [&hellip;]<\/p>\n","protected":false},"author":1,"featured_media":0,"parent":0,"menu_order":0,"comment_status":"closed","ping_status":"closed","template":"","meta":{"_acf_changed":false,"footnotes":""},"class_list":["post-15837","page","type-page","status-publish","hentry"],"acf":[],"_links":{"self":[{"href":"https:\/\/campingsingirona.com\/es\/wp-json\/wp\/v2\/pages\/15837","targetHints":{"allow":["GET"]}}],"collection":[{"href":"https:\/\/campingsingirona.com\/es\/wp-json\/wp\/v2\/pages"}],"about":[{"href":"https:\/\/campingsingirona.com\/es\/wp-json\/wp\/v2\/types\/page"}],"author":[{"embeddable":true,"href":"https:\/\/campingsingirona.com\/es\/wp-json\/wp\/v2\/users\/1"}],"replies":[{"embeddable":true,"href":"https:\/\/campingsingirona.com\/es\/wp-json\/wp\/v2\/comments?post=15837"}],"version-history":[{"count":13,"href":"https:\/\/campingsingirona.com\/es\/wp-json\/wp\/v2\/pages\/15837\/revisions"}],"predecessor-version":[{"id":146483,"href":"https:\/\/campingsingirona.com\/es\/wp-json\/wp\/v2\/pages\/15837\/revisions\/146483"}],"wp:attachment":[{"href":"https:\/\/campingsingirona.com\/es\/wp-json\/wp\/v2\/media?parent=15837"}],"curies":[{"name":"wp","href":"https:\/\/api.w.org\/{rel}","templated":true}]}}