{"id":15827,"date":"2021-02-15T22:45:47","date_gmt":"2021-02-15T22:45:47","guid":{"rendered":"https:\/\/campingsingirona.com\/experiencias\/"},"modified":"2025-01-16T08:43:12","modified_gmt":"2025-01-16T08:43:12","slug":"experiencias","status":"publish","type":"page","link":"https:\/\/campingsingirona.com\/es\/experiencias\/","title":{"rendered":"Experiencias"},"content":{"rendered":"\n<div class=\"wp-block-cover cabecera\" style=\"min-height:650px;aspect-ratio:unset;\"><span aria-hidden=\"true\" class=\"wp-block-cover__background has-background-dim-0 has-background-dim\"><\/span><img loading=\"lazy\" decoding=\"async\" width=\"1440\" height=\"646\" class=\"wp-block-cover__image-background wp-image-11901\" alt=\"\" src=\"https:\/\/campingsingirona.com\/wp-content\/uploads\/2021\/02\/experiencias.jpg\" data-object-fit=\"cover\" srcset=\"https:\/\/campingsingirona.com\/wp-content\/uploads\/2021\/02\/experiencias.jpg 1440w, https:\/\/campingsingirona.com\/wp-content\/uploads\/2021\/02\/experiencias-1024x459.jpg 1024w, https:\/\/campingsingirona.com\/wp-content\/uploads\/2021\/02\/experiencias-768x345.jpg 768w\" sizes=\"auto, (max-width: 1440px) 100vw, 1440px\" \/><div class=\"wp-block-cover__inner-container is-layout-flow wp-block-cover-is-layout-flow\">\n<h1 class=\"wp-block-heading has-text-align-center\">Experiencias<\/h1>\n\n\n\n<p class=\"has-text-align-center\">Mucho m\u00e1s que campings, vive experiencias inolvidables en un territorio de ensue\u00f1o con los Campings de Girona.<\/p>\n<\/div><\/div>\n\n\n\n<div class=\"wp-block-group page-wrapper separador-superior\"><div class=\"wp-block-group__inner-container is-layout-flow wp-block-group-is-layout-flow\">\n<p class=\"has-text-align-center\">Ir de camping es una vivencia que te llena de recuerdos inolvidables, una vez lo pruebes, \u00a1no lo podr\u00e1s dejar! Y para hacerte vivir momentos incre\u00edbles, los Campings de Girona ponen a tu disposici\u00f3n su conocimiento y la pasi\u00f3n por el territorio, con una gran variedad de experiencias que te har\u00e1n vivir el destino desde diferentes perspectivas. Encuentra las que m\u00e1s se ajusten a tus gustos y deja que los campings de la Costa Brava y el Pirineo de Girona, te ayuden a vivir experiencias inolvidables en un territorio sorprenderte.<\/p>\n<\/div><\/div>\n\n\n<style type=\"text\/css\">\n.wp-block-experiencias{max-width:1332px;padding-left:50px;padding-right:50px;margin-left:auto;margin-right:auto}.wp-block-experiencias .experiencias::after{visibility:hidden;display:block;content:\"\";clear:both;height:0}.wp-block-experiencias .experiencias .experiencia{position:relative}.wp-block-experiencias .experiencias .experiencia img{width:64px;height:64px;display:block;margin-bottom:15px}.wp-block-experiencias .experiencias .experiencia h2{color:#fff;font-size:20px;line-height:24px;text-shadow:0 4px 4px rgba(0,0,0,0.25);font-family:'Montserrat',sans-serif;font-weight:700}.wp-block-experiencias .experiencias .experiencia .veil{position:absolute;top:0;left:0;right:0;bottom:0;opacity:.2;transition:opacity .3s}.wp-block-experiencias .experiencias .experiencia .content{position:relative;z-index:2;display:flex;flex-direction:column;align-items:center}.wp-block-experiencias .experiencias .experiencia span{display:flex;align-items:center;justify-content:center;text-decoration:none;background-size:cover;background-repeat:repeat;background-position:center center;position:absolute;top:0;left:0;right:0;bottom:0;margin:8px}.wp-block-experiencias .experiencias .experiencia span:hover .veil{opacity:1}.wp-block-experiencias .experiencias .experiencia.experiencia-1{width:50%;float:left;padding-bottom:30%}.wp-block-experiencias .experiencias .experiencia.experiencia-2,.wp-block-experiencias .experiencias .experiencia.experiencia-3{width:50%;float:right;padding-bottom:19%}.wp-block-experiencias .experiencias .experiencia.experiencia-4,.wp-block-experiencias .experiencias .experiencia.experiencia-5{width:25%;float:left;padding-bottom:33%}.wp-block-experiencias .experiencias .experiencia.experiencia-6,.wp-block-experiencias .experiencias .experiencia.experiencia-7{width:25%;float:right;padding-bottom:25%}.wp-block-experiencias .experiencias .experiencia.experiencia-8{clear:both}.wp-block-experiencias .experiencias .experiencia.experiencia-8,.wp-block-experiencias .experiencias .experiencia.experiencia-9,.wp-block-experiencias .experiencias .experiencia.experiencia-10,.wp-block-experiencias .experiencias .experiencia.experiencia-11{width:25%;float:left;padding-bottom:25%}\n<\/style>\n<div id=\"experiencias-block_4576e6a4380df0389f8fc6a9b95de62e\" class=\"wp-block-group wp-block-experiencias separador-superior page-wrapper\">\n        <div class=\"experiencias \">\n                <div class=\"experiencia experiencia-1\">\n            <a href=\"https:\/\/campingsingirona.com\/es\/experiencias\/green-life\/\" style=\"background-image:url(https:\/\/campingsingirona.com\/wp-content\/uploads\/2023\/08\/GreenLife.webp)\">\n                <div class=\"veil\" style=\"background-color:#55af39\"><\/div>\n                <div class=\"content\">\n                    <img decoding=\"async\" src=\"https:\/\/campingsingirona.com\/wp-content\/uploads\/2023\/08\/GreenLife.svg\" \/>\n                    <h2>Green Life<\/h2>\n                <\/div>\n            <\/a>\n        <\/div>\n                <div class=\"experiencia experiencia-2\">\n            <a href=\"https:\/\/campingsingirona.com\/es\/experiencias\/pet-friendly\/\" style=\"background-image:url(https:\/\/campingsingirona.com\/wp-content\/uploads\/2021\/04\/pauline-loroy-U3aF7hgUSrk-unsplash-1-scaled.jpg)\">\n                <div class=\"veil\" style=\"background-color:#ffd600\"><\/div>\n                <div class=\"content\">\n                    <img decoding=\"async\" src=\"https:\/\/campingsingirona.com\/wp-content\/uploads\/2021\/02\/pet.svg\" \/>\n                    <h2>Pet Friendly<\/h2>\n                <\/div>\n            <\/a>\n        <\/div>\n                <div class=\"experiencia experiencia-3\">\n            <a href=\"https:\/\/campingsingirona.com\/es\/experiencias\/wellness-friendly\/\" style=\"background-image:url(https:\/\/campingsingirona.com\/wp-content\/uploads\/2021\/05\/LEscala.-Javi-Cabrera.-Arxiu-Imatges-PTCBG-2.jpg)\">\n                <div class=\"veil\" style=\"background-color:#006a9e\"><\/div>\n                <div class=\"content\">\n                    <img decoding=\"async\" src=\"https:\/\/campingsingirona.com\/wp-content\/uploads\/2021\/02\/wellness.svg\" \/>\n                    <h2>Wellness<\/h2>\n                <\/div>\n            <\/a>\n        <\/div>\n                <div class=\"experiencia experiencia-4\">\n            <a href=\"https:\/\/campingsingirona.com\/es\/experiencias\/vinicultural\/\" style=\"background-image:url(https:\/\/campingsingirona.com\/wp-content\/uploads\/2021\/02\/wine.jpg)\">\n                <div class=\"veil\" style=\"background-color:#7f0541\"><\/div>\n                <div class=\"content\">\n                    <img decoding=\"async\" src=\"https:\/\/campingsingirona.com\/wp-content\/uploads\/2021\/02\/wine.svg\" \/>\n                    <h2>Land of Wines<\/h2>\n                <\/div>\n            <\/a>\n        <\/div>\n                <div class=\"experiencia experiencia-5\">\n            <a href=\"https:\/\/campingsingirona.com\/es\/experiencias\/pure-camping\/\" style=\"background-image:url(https:\/\/campingsingirona.com\/wp-content\/uploads\/2024\/11\/Pure_Camping.jpg)\">\n                <div class=\"veil\" style=\"background-color:#f19308\"><\/div>\n                <div class=\"content\">\n                    <img decoding=\"async\" src=\"https:\/\/campingsingirona.com\/wp-content\/uploads\/2024\/11\/Pure-Camping-Sello-.svg\" \/>\n                    <h2>Pure Camping<\/h2>\n                <\/div>\n            <\/a>\n        <\/div>\n                <div class=\"experiencia experiencia-6\">\n            <a href=\"https:\/\/campingsingirona.com\/es\/experiencias\/bed-bike\/\" style=\"background-image:url(https:\/\/campingsingirona.com\/wp-content\/uploads\/2021\/04\/02-1-scaled.jpg)\">\n                <div class=\"veil\" style=\"background-color:#afca0b\"><\/div>\n                <div class=\"content\">\n                    <img decoding=\"async\" src=\"https:\/\/campingsingirona.com\/wp-content\/uploads\/2021\/02\/bike.svg\" \/>\n                    <h2>Bed&#038;Bike<\/h2>\n                <\/div>\n            <\/a>\n        <\/div>\n                <div class=\"experiencia experiencia-7\">\n            <a href=\"https:\/\/campingsingirona.com\/es\/experiencias\/wheelchair-friendly\/\" style=\"background-image:url(https:\/\/campingsingirona.com\/wp-content\/uploads\/2021\/04\/Banner_pet-1-01-1.jpg)\">\n                <div class=\"veil\" style=\"background-color:#e40521\"><\/div>\n                <div class=\"content\">\n                    <img decoding=\"async\" src=\"https:\/\/campingsingirona.com\/wp-content\/uploads\/2021\/02\/wheelchair.svg\" \/>\n                    <h2>Wheelchair Friendly<\/h2>\n                <\/div>\n            <\/a>\n        <\/div>\n                <div class=\"experiencia experiencia-8\">\n            <a href=\"https:\/\/campingsingirona.com\/es\/experiencias\/family-friendly\/\" style=\"background-image:url(https:\/\/campingsingirona.com\/wp-content\/uploads\/2021\/04\/Banner_family-1.jpg)\">\n                <div class=\"veil\" style=\"background-color:#e6007e\"><\/div>\n                <div class=\"content\">\n                    <img decoding=\"async\" src=\"https:\/\/campingsingirona.com\/wp-content\/uploads\/2023\/08\/Kids-Fun.svg\" \/>\n                    <h2>Kids &#038; Fun<\/h2>\n                <\/div>\n            <\/a>\n        <\/div>\n                <div class=\"experiencia experiencia-9\">\n            <a href=\"https:\/\/campingsingirona.com\/es\/experiencias\/glamping\/\" style=\"background-image:url(https:\/\/campingsingirona.com\/wp-content\/uploads\/2021\/04\/Banner_Glamping-1.jpg)\">\n                <div class=\"veil\" style=\"background-color:#b38d42\"><\/div>\n                <div class=\"content\">\n                    <img decoding=\"async\" src=\"https:\/\/campingsingirona.com\/wp-content\/uploads\/2021\/02\/glamping.svg\" \/>\n                    <h2>Glamping<\/h2>\n                <\/div>\n            <\/a>\n        <\/div>\n                <div class=\"experiencia experiencia-10\">\n            <a href=\"https:\/\/campingsingirona.com\/es\/experiencias\/sports\/\" style=\"background-image:url(https:\/\/campingsingirona.com\/wp-content\/uploads\/2023\/08\/Sports.webp)\">\n                <div class=\"veil\" style=\"background-color:#005437\"><\/div>\n                <div class=\"content\">\n                    <img decoding=\"async\" src=\"https:\/\/campingsingirona.com\/wp-content\/uploads\/2023\/08\/Sports.svg\" \/>\n                    <h2>Sports<\/h2>\n                <\/div>\n            <\/a>\n        <\/div>\n                <div class=\"experiencia experiencia-11\">\n            <a href=\"https:\/\/campingsingirona.com\/es\/experiencias\/open-365\/\" style=\"background-image:url(https:\/\/campingsingirona.com\/wp-content\/uploads\/2021\/10\/Open-365.svg)\">\n                <div class=\"veil\" style=\"background-color:#14d2e0\"><\/div>\n                <div class=\"content\">\n                    <img decoding=\"async\" src=\"https:\/\/campingsingirona.com\/wp-content\/uploads\/2021\/10\/Open-365.svg\" \/>\n                    <h2>Open 365<\/h2>\n                <\/div>\n            <\/a>\n        <\/div>\n                <div class=\"experiencia experiencia-12\">\n            <a href=\"https:\/\/campingsingirona.com\/es\/experiencias\/campgo\/\" style=\"background-image:url(https:\/\/campingsingirona.com\/wp-content\/uploads\/2021\/05\/Camp-go-copia.svg)\">\n                <div class=\"veil\" style=\"background-color:#14d2e0\"><\/div>\n                <div class=\"content\">\n                    <img decoding=\"async\" src=\"https:\/\/campingsingirona.com\/wp-content\/uploads\/2021\/05\/Camp-go-copia.svg\" \/>\n                    <h2>Camp&#038;Go<\/h2>\n                <\/div>\n            <\/a>\n        <\/div>\n            <\/div>\n    <\/div>\n\n\n<div class=\"wp-block-group page-wrapper\"><div class=\"wp-block-group__inner-container is-layout-flow wp-block-group-is-layout-flow\">\n<div class=\"wp-block-columns special-experiences is-layout-flex wp-container-core-columns-is-layout-9d6595d7 wp-block-columns-is-layout-flex\">\n<div class=\"wp-block-column is-layout-flow wp-block-column-is-layout-flow\"><div id=\"campgo-block_f359170ea10523cb788dee93e37d63f0\" class=\"wp-block-group wp-block-campgo\" style=\"background-image:url(https:\/\/campingsingirona.com\/wp-content\/uploads\/2021\/04\/vasilios-muselimis-tKnWdagXQLE-unsplash-3-scaled.jpg)\">\n    <a href=\"https:\/\/campingsingirona.com\/es\/experiencias\/campgo\/\">\n        <div class=\"content\">\n            <div class=\"logo\"><\/div>\n            <p>Camp &#038; Go<\/p>\n        <\/div>\n    <\/a>\n<\/div><\/div>\n\n\n\n<div class=\"wp-block-column no-margin is-layout-flow wp-block-column-is-layout-flow\"><div id=\"open365-block_ecfbf45ca005f089b16a146eb297cd5f\" class=\"wp-block-group wp-block-open365\" style=\"background-image:url(https:\/\/campingsingirona.com\/wp-content\/uploads\/2021\/10\/open365.png)\">\n    <a href=\"https:\/\/campingsingirona.com\/es\/experiencias\/open-365\/\">\n        <div class=\"content\">\n            <div class=\"logo\"><\/div>\n            <p>C\u00e0mpings 365<\/p>\n        <\/div>\n    <\/a>\n<\/div><\/div>\n<\/div>\n<\/div><\/div>\n\n\n\n<div style=\"height:50px\" aria-hidden=\"true\" class=\"wp-block-spacer\"><\/div>\n","protected":false},"excerpt":{"rendered":"<p>Ir de camping es una vivencia que te llena de recuerdos inolvidables, una vez lo pruebes, \u00a1no lo podr\u00e1s dejar! Y para hacerte vivir momentos incre\u00edbles, los Campings de Girona ponen a tu disposici\u00f3n su conocimiento y la pasi\u00f3n por el territorio, con una gran variedad de experiencias que te har\u00e1n vivir el destino desde [&hellip;]<\/p>\n","protected":false},"author":1,"featured_media":0,"parent":0,"menu_order":0,"comment_status":"closed","ping_status":"closed","template":"","meta":{"_acf_changed":false,"footnotes":""},"class_list":["post-15827","page","type-page","status-publish","hentry"],"acf":[],"_links":{"self":[{"href":"https:\/\/campingsingirona.com\/es\/wp-json\/wp\/v2\/pages\/15827","targetHints":{"allow":["GET"]}}],"collection":[{"href":"https:\/\/campingsingirona.com\/es\/wp-json\/wp\/v2\/pages"}],"about":[{"href":"https:\/\/campingsingirona.com\/es\/wp-json\/wp\/v2\/types\/page"}],"author":[{"embeddable":true,"href":"https:\/\/campingsingirona.com\/es\/wp-json\/wp\/v2\/users\/1"}],"replies":[{"embeddable":true,"href":"https:\/\/campingsingirona.com\/es\/wp-json\/wp\/v2\/comments?post=15827"}],"version-history":[{"count":5,"href":"https:\/\/campingsingirona.com\/es\/wp-json\/wp\/v2\/pages\/15827\/revisions"}],"predecessor-version":[{"id":121725,"href":"https:\/\/campingsingirona.com\/es\/wp-json\/wp\/v2\/pages\/15827\/revisions\/121725"}],"wp:attachment":[{"href":"https:\/\/campingsingirona.com\/es\/wp-json\/wp\/v2\/media?parent=15827"}],"curies":[{"name":"wp","href":"https:\/\/api.w.org\/{rel}","templated":true}]}}