{"id":15822,"date":"2021-02-18T14:43:10","date_gmt":"2021-02-18T14:43:10","guid":{"rendered":"https:\/\/campingsingirona.com\/playas-parques-mascotas\/"},"modified":"2021-04-17T17:18:13","modified_gmt":"2021-04-17T17:18:13","slug":"mascotas","status":"publish","type":"page","link":"https:\/\/campingsingirona.com\/es\/puntos-interes\/mascotas\/","title":{"rendered":"Mascotas"},"content":{"rendered":"\n<p class=\"has-text-align-center\">Viajar con mascotas no siempre es f\u00e1cil, por eso los Campings de Girona te presentamos los puntos de inter\u00e9s m\u00e1s destacados de la Costa Brava y los Pirineos para poder ir de vacaciones con tu perro. Descubre todas las playas accesibles con perros, excursiones y visitas que podr\u00e1s hacer con tu fiel amigo de cuatro patas.<\/p>\n","protected":false},"excerpt":{"rendered":"<p>Viajar con mascotas no siempre es f\u00e1cil, por eso los Campings de Girona te presentamos los puntos de inter\u00e9s m\u00e1s destacados de la Costa Brava y los Pirineos para poder ir de vacaciones con tu perro. Descubre todas las playas accesibles con perros, excursiones y visitas que podr\u00e1s hacer con tu fiel amigo de cuatro [&hellip;]<\/p>\n","protected":false},"author":1,"featured_media":15819,"parent":15834,"menu_order":0,"comment_status":"closed","ping_status":"closed","template":"template-tipo-destino.php","meta":{"_acf_changed":false,"footnotes":""},"class_list":["post-15822","page","type-page","status-publish","has-post-thumbnail","hentry"],"acf":[],"_links":{"self":[{"href":"https:\/\/campingsingirona.com\/es\/wp-json\/wp\/v2\/pages\/15822","targetHints":{"allow":["GET"]}}],"collection":[{"href":"https:\/\/campingsingirona.com\/es\/wp-json\/wp\/v2\/pages"}],"about":[{"href":"https:\/\/campingsingirona.com\/es\/wp-json\/wp\/v2\/types\/page"}],"author":[{"embeddable":true,"href":"https:\/\/campingsingirona.com\/es\/wp-json\/wp\/v2\/users\/1"}],"replies":[{"embeddable":true,"href":"https:\/\/campingsingirona.com\/es\/wp-json\/wp\/v2\/comments?post=15822"}],"version-history":[{"count":3,"href":"https:\/\/campingsingirona.com\/es\/wp-json\/wp\/v2\/pages\/15822\/revisions"}],"predecessor-version":[{"id":16620,"href":"https:\/\/campingsingirona.com\/es\/wp-json\/wp\/v2\/pages\/15822\/revisions\/16620"}],"up":[{"embeddable":true,"href":"https:\/\/campingsingirona.com\/es\/wp-json\/wp\/v2\/pages\/15834"}],"wp:featuredmedia":[{"embeddable":true,"href":"https:\/\/campingsingirona.com\/es\/wp-json\/wp\/v2\/media\/15819"}],"wp:attachment":[{"href":"https:\/\/campingsingirona.com\/es\/wp-json\/wp\/v2\/media?parent=15822"}],"curies":[{"name":"wp","href":"https:\/\/api.w.org\/{rel}","templated":true}]}}