{"id":15794,"date":"2021-02-18T14:42:12","date_gmt":"2021-02-18T14:42:12","guid":{"rendered":"https:\/\/campingsingirona.com\/caminos-y-rutas\/"},"modified":"2021-04-30T11:53:11","modified_gmt":"2021-04-30T11:53:11","slug":"naturaleza","status":"publish","type":"page","link":"https:\/\/campingsingirona.com\/es\/puntos-interes\/naturaleza\/","title":{"rendered":"Naturaleza"},"content":{"rendered":"\n<p class=\"has-text-align-center\">\u00a1Mires donde mires, encontrar\u00e1s espacios naturales para hacer excursiones y disfrutar de la naturaleza! Descubre los 8 Parques Naturales de la Costa Brava y los Pirineos; adem\u00e1s de un sinf\u00edn de senderos, v\u00edas verdes y caminos de ronda que te llevaran a fan\u00e1ticos parajes naturales de mar, interior y la monta\u00f1a. \u00a1Te los presentamos todos!<\/p>\n","protected":false},"excerpt":{"rendered":"<p>\u00a1Mires donde mires, encontrar\u00e1s espacios naturales para hacer excursiones y disfrutar de la naturaleza! Descubre los 8 Parques Naturales de la Costa Brava y los Pirineos; adem\u00e1s de un sinf\u00edn de senderos, v\u00edas verdes y caminos de ronda que te llevaran a fan\u00e1ticos parajes naturales de mar, interior y la monta\u00f1a. \u00a1Te los presentamos todos!<\/p>\n","protected":false},"author":1,"featured_media":15792,"parent":15834,"menu_order":0,"comment_status":"closed","ping_status":"closed","template":"template-tipo-destino.php","meta":{"_acf_changed":false,"footnotes":""},"class_list":["post-15794","page","type-page","status-publish","has-post-thumbnail","hentry"],"acf":[],"_links":{"self":[{"href":"https:\/\/campingsingirona.com\/es\/wp-json\/wp\/v2\/pages\/15794","targetHints":{"allow":["GET"]}}],"collection":[{"href":"https:\/\/campingsingirona.com\/es\/wp-json\/wp\/v2\/pages"}],"about":[{"href":"https:\/\/campingsingirona.com\/es\/wp-json\/wp\/v2\/types\/page"}],"author":[{"embeddable":true,"href":"https:\/\/campingsingirona.com\/es\/wp-json\/wp\/v2\/users\/1"}],"replies":[{"embeddable":true,"href":"https:\/\/campingsingirona.com\/es\/wp-json\/wp\/v2\/comments?post=15794"}],"version-history":[{"count":5,"href":"https:\/\/campingsingirona.com\/es\/wp-json\/wp\/v2\/pages\/15794\/revisions"}],"predecessor-version":[{"id":17597,"href":"https:\/\/campingsingirona.com\/es\/wp-json\/wp\/v2\/pages\/15794\/revisions\/17597"}],"up":[{"embeddable":true,"href":"https:\/\/campingsingirona.com\/es\/wp-json\/wp\/v2\/pages\/15834"}],"wp:featuredmedia":[{"embeddable":true,"href":"https:\/\/campingsingirona.com\/es\/wp-json\/wp\/v2\/media\/15792"}],"wp:attachment":[{"href":"https:\/\/campingsingirona.com\/es\/wp-json\/wp\/v2\/media?parent=15794"}],"curies":[{"name":"wp","href":"https:\/\/api.w.org\/{rel}","templated":true}]}}