{"id":15767,"date":"2021-02-18T14:41:19","date_gmt":"2021-02-18T14:41:19","guid":{"rendered":"https:\/\/campingsingirona.com\/zonas-de-deporte-y-aventura\/"},"modified":"2021-04-17T17:12:52","modified_gmt":"2021-04-17T17:12:52","slug":"deporte-aventura","status":"publish","type":"page","link":"https:\/\/campingsingirona.com\/es\/puntos-interes\/deporte-aventura\/","title":{"rendered":"Deportes y aventura"},"content":{"rendered":"\n<p class=\"has-text-align-center\">\u00a1En la Costa Brava y los Pirineos podr\u00e1s practicar tus deportes favoritos entre paisajes de ensue\u00f1o! Descubre todas las posibilidades que te ofrece este territorio para la pr\u00e1ctica de la actividad f\u00edsica y los deportes de aventura m\u00e1s espectaculares.<\/p>\n","protected":false},"excerpt":{"rendered":"<p>\u00a1En la Costa Brava y los Pirineos podr\u00e1s practicar tus deportes favoritos entre paisajes de ensue\u00f1o! Descubre todas las posibilidades que te ofrece este territorio para la pr\u00e1ctica de la actividad f\u00edsica y los deportes de aventura m\u00e1s espectaculares.<\/p>\n","protected":false},"author":1,"featured_media":15764,"parent":15834,"menu_order":0,"comment_status":"closed","ping_status":"closed","template":"template-tipo-destino.php","meta":{"_acf_changed":false,"footnotes":""},"class_list":["post-15767","page","type-page","status-publish","has-post-thumbnail","hentry"],"acf":[],"_links":{"self":[{"href":"https:\/\/campingsingirona.com\/es\/wp-json\/wp\/v2\/pages\/15767","targetHints":{"allow":["GET"]}}],"collection":[{"href":"https:\/\/campingsingirona.com\/es\/wp-json\/wp\/v2\/pages"}],"about":[{"href":"https:\/\/campingsingirona.com\/es\/wp-json\/wp\/v2\/types\/page"}],"author":[{"embeddable":true,"href":"https:\/\/campingsingirona.com\/es\/wp-json\/wp\/v2\/users\/1"}],"replies":[{"embeddable":true,"href":"https:\/\/campingsingirona.com\/es\/wp-json\/wp\/v2\/comments?post=15767"}],"version-history":[{"count":3,"href":"https:\/\/campingsingirona.com\/es\/wp-json\/wp\/v2\/pages\/15767\/revisions"}],"predecessor-version":[{"id":16617,"href":"https:\/\/campingsingirona.com\/es\/wp-json\/wp\/v2\/pages\/15767\/revisions\/16617"}],"up":[{"embeddable":true,"href":"https:\/\/campingsingirona.com\/es\/wp-json\/wp\/v2\/pages\/15834"}],"wp:featuredmedia":[{"embeddable":true,"href":"https:\/\/campingsingirona.com\/es\/wp-json\/wp\/v2\/media\/15764"}],"wp:attachment":[{"href":"https:\/\/campingsingirona.com\/es\/wp-json\/wp\/v2\/media?parent=15767"}],"curies":[{"name":"wp","href":"https:\/\/api.w.org\/{rel}","templated":true}]}}