{"id":15755,"date":"2021-02-18T14:40:34","date_gmt":"2021-02-18T14:40:34","guid":{"rendered":"https:\/\/campingsingirona.com\/zonas-de-relajacion\/"},"modified":"2021-04-17T18:15:00","modified_gmt":"2021-04-17T18:15:00","slug":"zonas-relax","status":"publish","type":"page","link":"https:\/\/campingsingirona.com\/es\/puntos-interes\/zonas-relax\/","title":{"rendered":"Zonas de relax"},"content":{"rendered":"\n<p class=\"has-text-align-center\">\u00a1Chsss! Disfruta del silencio, la paz y el oasis de tranquilidad que rodea la Costa Brava y los Pirineos, un destino ideal para hacer una pausa de la rutina diaria y reencontrarse con uno mismo. En las comarcas de Girona encontrar\u00e1s centros de Spa, clases de yoga y ayurveda en la playa, retiros, talleres de alimentaci\u00f3n consciente y mucho m\u00e1s. \u00bfTe lo vas a perder?<\/p>\n","protected":false},"excerpt":{"rendered":"<p>\u00a1Chsss! Disfruta del silencio, la paz y el oasis de tranquilidad que rodea la Costa Brava y los Pirineos, un destino ideal para hacer una pausa de la rutina diaria y reencontrarse con uno mismo. En las comarcas de Girona encontrar\u00e1s centros de Spa, clases de yoga y ayurveda en la playa, retiros, talleres de [&hellip;]<\/p>\n","protected":false},"author":1,"featured_media":15750,"parent":15834,"menu_order":0,"comment_status":"closed","ping_status":"closed","template":"template-tipo-destino.php","meta":{"_acf_changed":false,"footnotes":""},"class_list":["post-15755","page","type-page","status-publish","has-post-thumbnail","hentry"],"acf":[],"_links":{"self":[{"href":"https:\/\/campingsingirona.com\/es\/wp-json\/wp\/v2\/pages\/15755","targetHints":{"allow":["GET"]}}],"collection":[{"href":"https:\/\/campingsingirona.com\/es\/wp-json\/wp\/v2\/pages"}],"about":[{"href":"https:\/\/campingsingirona.com\/es\/wp-json\/wp\/v2\/types\/page"}],"author":[{"embeddable":true,"href":"https:\/\/campingsingirona.com\/es\/wp-json\/wp\/v2\/users\/1"}],"replies":[{"embeddable":true,"href":"https:\/\/campingsingirona.com\/es\/wp-json\/wp\/v2\/comments?post=15755"}],"version-history":[{"count":3,"href":"https:\/\/campingsingirona.com\/es\/wp-json\/wp\/v2\/pages\/15755\/revisions"}],"predecessor-version":[{"id":16637,"href":"https:\/\/campingsingirona.com\/es\/wp-json\/wp\/v2\/pages\/15755\/revisions\/16637"}],"up":[{"embeddable":true,"href":"https:\/\/campingsingirona.com\/es\/wp-json\/wp\/v2\/pages\/15834"}],"wp:featuredmedia":[{"embeddable":true,"href":"https:\/\/campingsingirona.com\/es\/wp-json\/wp\/v2\/media\/15750"}],"wp:attachment":[{"href":"https:\/\/campingsingirona.com\/es\/wp-json\/wp\/v2\/media?parent=15755"}],"curies":[{"name":"wp","href":"https:\/\/api.w.org\/{rel}","templated":true}]}}