{"id":15715,"date":"2021-02-18T14:39:35","date_gmt":"2021-02-18T14:39:35","guid":{"rendered":"https:\/\/campingsingirona.com\/etnomogia-gastronomia\/"},"modified":"2021-04-17T17:02:33","modified_gmt":"2021-04-17T17:02:33","slug":"enogastronomia","status":"publish","type":"page","link":"https:\/\/campingsingirona.com\/es\/puntos-interes\/enogastronomia\/","title":{"rendered":"Enogastronom\u00eda"},"content":{"rendered":"\n<p>Ven a descubrir la cultura gastron\u00f3mica y enotur\u00edstica de la Costa Brava y los Pirineos. De gran reclamo internacional por sus toques que combinan tradici\u00f3n y modernidad con producto de proximidad, mezclando sabores del mar y la monta\u00f1a.<\/p>\n","protected":false},"excerpt":{"rendered":"<p>Ven a descubrir la cultura gastron\u00f3mica y enotur\u00edstica de la Costa Brava y los Pirineos. De gran reclamo internacional por sus toques que combinan tradici\u00f3n y modernidad con producto de proximidad, mezclando sabores del mar y la monta\u00f1a.<\/p>\n","protected":false},"author":1,"featured_media":15723,"parent":15834,"menu_order":0,"comment_status":"closed","ping_status":"closed","template":"template-tipo-destino.php","meta":{"_acf_changed":false,"footnotes":""},"class_list":["post-15715","page","type-page","status-publish","has-post-thumbnail","hentry"],"acf":[],"_links":{"self":[{"href":"https:\/\/campingsingirona.com\/es\/wp-json\/wp\/v2\/pages\/15715","targetHints":{"allow":["GET"]}}],"collection":[{"href":"https:\/\/campingsingirona.com\/es\/wp-json\/wp\/v2\/pages"}],"about":[{"href":"https:\/\/campingsingirona.com\/es\/wp-json\/wp\/v2\/types\/page"}],"author":[{"embeddable":true,"href":"https:\/\/campingsingirona.com\/es\/wp-json\/wp\/v2\/users\/1"}],"replies":[{"embeddable":true,"href":"https:\/\/campingsingirona.com\/es\/wp-json\/wp\/v2\/comments?post=15715"}],"version-history":[{"count":2,"href":"https:\/\/campingsingirona.com\/es\/wp-json\/wp\/v2\/pages\/15715\/revisions"}],"predecessor-version":[{"id":16613,"href":"https:\/\/campingsingirona.com\/es\/wp-json\/wp\/v2\/pages\/15715\/revisions\/16613"}],"up":[{"embeddable":true,"href":"https:\/\/campingsingirona.com\/es\/wp-json\/wp\/v2\/pages\/15834"}],"wp:featuredmedia":[{"embeddable":true,"href":"https:\/\/campingsingirona.com\/es\/wp-json\/wp\/v2\/media\/15723"}],"wp:attachment":[{"href":"https:\/\/campingsingirona.com\/es\/wp-json\/wp\/v2\/media?parent=15715"}],"curies":[{"name":"wp","href":"https:\/\/api.w.org\/{rel}","templated":true}]}}