{"id":15710,"date":"2021-02-15T23:10:01","date_gmt":"2021-02-15T23:10:01","guid":{"rendered":"https:\/\/campingsingirona.com\/glamping\/"},"modified":"2022-02-14T08:01:40","modified_gmt":"2022-02-14T08:01:40","slug":"glamping","status":"publish","type":"page","link":"https:\/\/campingsingirona.com\/es\/experiencias\/glamping\/","title":{"rendered":"Glamping"},"content":{"rendered":"\n<h2 class=\"wp-block-heading\" id=\"campings-de-lujo-en-girona\">Campings de lujo en Girona<\/h2>\n\n\n\n<p>Gracias a la variada oferta de campings con el sello Glamping, podr\u00e1s disfrutar de unas vacaciones rodeadas de la belleza natural que caracteriza la Costa Brava y los Pirineos, sin renunciar al confort. La evoluci\u00f3n del sector campista ha permitido incorporar nuevos tipos de alojamientos que con el paso del tiempo se han ido adaptando a los campistas m\u00e1s exigentes que quieren disfrutar del aire libre y el entorno natural de los campings, sin renunciar a la comodidad y el lujo.<\/p>\n\n\n\n<p>Los Campings de Girona ofrecen un total de diecis\u00e9is campings de lujo certificados con el sello Glaming Friendly, que te regalar\u00e1n unas vacaciones inolvidables en el magn\u00edfico entorno de la Costa Brava y los Pirineos. Algunos de estos campings, aparte de c\u00f3modos alojamientos, tambi\u00e9n ofrecen actividades como el alquiler de bicicletas el\u00e9ctricas, spa, servicios de est\u00e9tica, campos de golf, casinos, conciertos y mucho m\u00e1s.<\/p>\n\n\n\n<p>Con los campings Glaming ya no tienes excusa para salir a disfrutar del magn\u00edfico entorno natural de la Costa Brava y los Pirineos. Los alojamientos Glamping con servicios exclusivos te har\u00e1n sentir como en casa.<\/p>\n","protected":false},"excerpt":{"rendered":"<p>Campings de lujo en Girona Gracias a la variada oferta de campings con el sello Glamping, podr\u00e1s disfrutar de unas vacaciones rodeadas de la belleza natural que caracteriza la Costa Brava y los Pirineos, sin renunciar al confort. La evoluci\u00f3n del sector campista ha permitido incorporar nuevos tipos de alojamientos que con el paso del [&hellip;]<\/p>\n","protected":false},"author":1,"featured_media":16154,"parent":15827,"menu_order":0,"comment_status":"closed","ping_status":"closed","template":"template-experiencia.php","meta":{"_acf_changed":false,"footnotes":""},"class_list":["post-15710","page","type-page","status-publish","has-post-thumbnail","hentry"],"acf":[],"_links":{"self":[{"href":"https:\/\/campingsingirona.com\/es\/wp-json\/wp\/v2\/pages\/15710","targetHints":{"allow":["GET"]}}],"collection":[{"href":"https:\/\/campingsingirona.com\/es\/wp-json\/wp\/v2\/pages"}],"about":[{"href":"https:\/\/campingsingirona.com\/es\/wp-json\/wp\/v2\/types\/page"}],"author":[{"embeddable":true,"href":"https:\/\/campingsingirona.com\/es\/wp-json\/wp\/v2\/users\/1"}],"replies":[{"embeddable":true,"href":"https:\/\/campingsingirona.com\/es\/wp-json\/wp\/v2\/comments?post=15710"}],"version-history":[{"count":5,"href":"https:\/\/campingsingirona.com\/es\/wp-json\/wp\/v2\/pages\/15710\/revisions"}],"predecessor-version":[{"id":31018,"href":"https:\/\/campingsingirona.com\/es\/wp-json\/wp\/v2\/pages\/15710\/revisions\/31018"}],"up":[{"embeddable":true,"href":"https:\/\/campingsingirona.com\/es\/wp-json\/wp\/v2\/pages\/15827"}],"wp:featuredmedia":[{"embeddable":true,"href":"https:\/\/campingsingirona.com\/es\/wp-json\/wp\/v2\/media\/16154"}],"wp:attachment":[{"href":"https:\/\/campingsingirona.com\/es\/wp-json\/wp\/v2\/media?parent=15710"}],"curies":[{"name":"wp","href":"https:\/\/api.w.org\/{rel}","templated":true}]}}