{"id":15700,"date":"2021-02-15T23:15:04","date_gmt":"2021-02-15T23:15:04","guid":{"rendered":"https:\/\/campingsingirona.com\/family-friendly\/"},"modified":"2023-08-01T10:49:26","modified_gmt":"2023-08-01T10:49:26","slug":"family-friendly","status":"publish","type":"page","link":"https:\/\/campingsingirona.com\/es\/experiencias\/family-friendly\/","title":{"rendered":"Kids &#038; Fun"},"content":{"rendered":"\n<h2 class=\"wp-block-heading\" id=\"actividades-para-todas-las-edades\">Actividades para todas las edades<\/h2>\n\n\n\n<p>Los Campings de Girona disponen de una gran variedad de campings con certificaci\u00f3n Kids &amp; Fun, enfocando su oferta a las familias con ni\u00f1os de todas las edades. En total podr\u00e1s encontrar 35 campings familiares repartidos por la Costa Brava y los Pirineos. Estos se caracterizan por ofrecer un trato especial a las familias, infraestructuras adaptadas y miles de actividades destinadas a todas las edades; as\u00ed como un entorno natural apto para el disfrute en familia.<\/p>\n\n\n\n<p>Tanto si eleg\u00eds una destinaci\u00f3n de mar o una de monta\u00f1a, vais a poder disfrutar de unas fant\u00e1sticas vacaciones en familia, rodeados de naturaleza y aire libre. Los servicios y actividades que ofrecen los campings Kids &amp; Fun son muy variados, pero entre los m\u00e1s demandados destacamos: La animaci\u00f3n infantil, pistas de f\u00fatbol y b\u00e1squet, piscinas y parques acu\u00e1ticos, restaurantes con men\u00fa infantil, guarder\u00eda, fiestas para adultos y ni\u00f1os, entre muchas otras actividades que se combinan entre el gozo en fam\u00edlia y la libertad de cada miembro de la fam\u00edlia.<\/p>\n\n\n\n<p>Adem\u00e1s, los campings Kids &amp; Fun son un lugar m\u00e1gico para los ni\u00f1os y ni\u00f1as de todas las edades, porque van a poder hacer amigos de diferentes nacionalidades, conocer\u00e1n otras culturas y podr\u00e1n desarrollar sus habilidades sociales en un entorno seguro y sano. Las actividades dirigidas por animadores de los campings har\u00e1n que los m\u00e1s peque\u00f1os no se quieran ir nunca del camping y el pr\u00f3ximo a\u00f1o querr\u00e1n repetir para volver a disfrutar con sus amigos y amigas.<\/p>\n\n\n\n<h2 class=\"wp-block-heading\" id=\"campings-con-ninos-en-girona\">Campings con ni\u00f1os en Girona<\/h2>\n\n\n\n<p>Cabe destacar que muchos de los campings Kids &amp; Fun est\u00e1n ubicados en municipios certificados con el Sello de Turismo Familiar, que otorgan una identificaci\u00f3n a todos aquellos Es importante destacar que muchos de los campings Kids &amp; Fun est\u00e1n ubicados en municipios certificados con el Sello de Turismo Familiar. Este sello otorga una identificaci\u00f3n a todos aquellos municipios que est\u00e1n especializados en el trato hacia las familias, poniendo facilidades al turismo familiar. Los destinos de Turismo Familiar de la Costa Brava y el Pirineo de Girona son: Blanes, Lloret de Mar, Torroella de Montgr\u00ed, Calonge-Sant Antoni, Roses, Castell &#8211; Platja d\u2019Aro, Sant Feliu de Gu\u00edxols, Sant Pere Pescador y la Vall d\u2019en Bas &#8211; Les Preses. En algunos de estos pueblos tambi\u00e9n encontrar\u00e1s <a href=\"https:\/\/campingsingirona.com\/inspirat\/es\/7-platges-per-gaudir-en-familia\/\">playas ideales para disfrutar en familia.<\/a><\/p>\n","protected":false},"excerpt":{"rendered":"<p>Actividades para todas las edades Los Campings de Girona disponen de una gran variedad de campings con certificaci\u00f3n Kids &amp; Fun, enfocando su oferta a las familias con ni\u00f1os de todas las edades. En total podr\u00e1s encontrar 35 campings familiares repartidos por la Costa Brava y los Pirineos. Estos se caracterizan por ofrecer un trato [&hellip;]<\/p>\n","protected":false},"author":1,"featured_media":16139,"parent":15827,"menu_order":0,"comment_status":"closed","ping_status":"closed","template":"template-experiencia.php","meta":{"_acf_changed":false,"footnotes":""},"class_list":["post-15700","page","type-page","status-publish","has-post-thumbnail","hentry"],"acf":[],"_links":{"self":[{"href":"https:\/\/campingsingirona.com\/es\/wp-json\/wp\/v2\/pages\/15700","targetHints":{"allow":["GET"]}}],"collection":[{"href":"https:\/\/campingsingirona.com\/es\/wp-json\/wp\/v2\/pages"}],"about":[{"href":"https:\/\/campingsingirona.com\/es\/wp-json\/wp\/v2\/types\/page"}],"author":[{"embeddable":true,"href":"https:\/\/campingsingirona.com\/es\/wp-json\/wp\/v2\/users\/1"}],"replies":[{"embeddable":true,"href":"https:\/\/campingsingirona.com\/es\/wp-json\/wp\/v2\/comments?post=15700"}],"version-history":[{"count":5,"href":"https:\/\/campingsingirona.com\/es\/wp-json\/wp\/v2\/pages\/15700\/revisions"}],"predecessor-version":[{"id":103637,"href":"https:\/\/campingsingirona.com\/es\/wp-json\/wp\/v2\/pages\/15700\/revisions\/103637"}],"up":[{"embeddable":true,"href":"https:\/\/campingsingirona.com\/es\/wp-json\/wp\/v2\/pages\/15827"}],"wp:featuredmedia":[{"embeddable":true,"href":"https:\/\/campingsingirona.com\/es\/wp-json\/wp\/v2\/media\/16139"}],"wp:attachment":[{"href":"https:\/\/campingsingirona.com\/es\/wp-json\/wp\/v2\/media?parent=15700"}],"curies":[{"name":"wp","href":"https:\/\/api.w.org\/{rel}","templated":true}]}}