{"id":15692,"date":"2021-02-15T23:18:25","date_gmt":"2021-02-15T23:18:25","guid":{"rendered":"https:\/\/campingsingirona.com\/wheelchair-friendly\/"},"modified":"2022-02-14T07:59:43","modified_gmt":"2022-02-14T07:59:43","slug":"wheelchair-friendly","status":"publish","type":"page","link":"https:\/\/campingsingirona.com\/es\/experiencias\/wheelchair-friendly\/","title":{"rendered":"Wheelchair Friendly"},"content":{"rendered":"\n<h2 class=\"wp-block-heading\" id=\"campings-para-todos\">Campings para todos<\/h2>\n\n\n\n<p>Si est\u00e1s buscando un camping accesible en la Costa Brava o los Pirineos, libre de barreras arquitect\u00f3nicas y con servicios exclusivos para personas con movilidad reducida; te recomendamos escoger un camping que cuente con el sello Wheelchair Friendly. Gracias a esta insignia, identificar\u00e1s con facilidad los campings accesibles de las comarcas de Girona que facilitan a los campistas con discapacidad, unas vacaciones sin l\u00edmites y con servicios y actividades inclusivas.<\/p>\n\n\n\n<p>Los campings Wheelchair Friendly cumplen con los requisitos de accesibilidad, eliminando cualquier barrera arquitect\u00f3nica, a la vez que ofrecen servicios dise\u00f1ados para mejorar la estancia de las personas con movilidad reducida. Algunos de estos servicios son piscinas con rampas de acceso o sillas hidr\u00e1ulicas, rampas para acceder a los alojamientos y las zonas comunes, actividades de animaci\u00f3n en clave inclusiva, entre muchas otras facilidades.<\/p>\n\n\n\n<p>Adem\u00e1s, algunos de los campings ponen a la disposici\u00f3n de los campistas propuestas de actividades accesibles para realizar en el territorio, adem\u00e1s de material como bicicletas para personas con discapacidad, etc.<\/p>\n","protected":false},"excerpt":{"rendered":"<p>Campings para todos Si est\u00e1s buscando un camping accesible en la Costa Brava o los Pirineos, libre de barreras arquitect\u00f3nicas y con servicios exclusivos para personas con movilidad reducida; te recomendamos escoger un camping que cuente con el sello Wheelchair Friendly. Gracias a esta insignia, identificar\u00e1s con facilidad los campings accesibles de las comarcas de [&hellip;]<\/p>\n","protected":false},"author":1,"featured_media":16209,"parent":15827,"menu_order":0,"comment_status":"closed","ping_status":"closed","template":"template-experiencia.php","meta":{"_acf_changed":false,"footnotes":""},"class_list":["post-15692","page","type-page","status-publish","has-post-thumbnail","hentry"],"acf":[],"_links":{"self":[{"href":"https:\/\/campingsingirona.com\/es\/wp-json\/wp\/v2\/pages\/15692","targetHints":{"allow":["GET"]}}],"collection":[{"href":"https:\/\/campingsingirona.com\/es\/wp-json\/wp\/v2\/pages"}],"about":[{"href":"https:\/\/campingsingirona.com\/es\/wp-json\/wp\/v2\/types\/page"}],"author":[{"embeddable":true,"href":"https:\/\/campingsingirona.com\/es\/wp-json\/wp\/v2\/users\/1"}],"replies":[{"embeddable":true,"href":"https:\/\/campingsingirona.com\/es\/wp-json\/wp\/v2\/comments?post=15692"}],"version-history":[{"count":5,"href":"https:\/\/campingsingirona.com\/es\/wp-json\/wp\/v2\/pages\/15692\/revisions"}],"predecessor-version":[{"id":31012,"href":"https:\/\/campingsingirona.com\/es\/wp-json\/wp\/v2\/pages\/15692\/revisions\/31012"}],"up":[{"embeddable":true,"href":"https:\/\/campingsingirona.com\/es\/wp-json\/wp\/v2\/pages\/15827"}],"wp:featuredmedia":[{"embeddable":true,"href":"https:\/\/campingsingirona.com\/es\/wp-json\/wp\/v2\/media\/16209"}],"wp:attachment":[{"href":"https:\/\/campingsingirona.com\/es\/wp-json\/wp\/v2\/media?parent=15692"}],"curies":[{"name":"wp","href":"https:\/\/api.w.org\/{rel}","templated":true}]}}