{"id":15664,"date":"2021-02-15T23:14:15","date_gmt":"2021-02-15T23:14:15","guid":{"rendered":"https:\/\/campingsingirona.com\/wine\/"},"modified":"2023-08-01T12:09:02","modified_gmt":"2023-08-01T12:09:02","slug":"vinicultural","status":"publish","type":"page","link":"https:\/\/campingsingirona.com\/es\/experiencias\/vinicultural\/","title":{"rendered":"Land of Wines"},"content":{"rendered":"\n<h2 class=\"wp-block-heading\" id=\"una-tierra-de-vinos-y-vinedos\">Una tierra de vinos y vi\u00f1edos<\/h2>\n\n\n\n<p>L\u2019Empord\u00e0 es la zona vin\u00edcola por excelencia de la Costa Brava y un rinc\u00f3n de gran belleza paisaj\u00edstica marcado por el car\u00e1cter de la Tramuntana, el viento m\u00e1s caracter\u00edstico de la zona. Gracias al sello Land of Wines, podr\u00e1s encontrar campings que promueven la cultura del vino de l\u2019Empord\u00e0 a trav\u00e9s de la venta de vinos locales, visitas guiadas a las bodegas y las vi\u00f1as, catas de vinos D.O. Empord\u00e0 en el restaurante del camping y mucho m\u00e1s.<\/p>\n\n\n\n<p>En la actualidad la D.O. Empord\u00e0 representa un total de <strong>44 bodegas de peque\u00f1os y medianos productores locales<\/strong> que elaboran vinos inspirados en el encanto de un territorio excepcional.&nbsp;<\/p>\n\n\n\n<p>Por lo que hace a los campings, el sello Land of Wines, representa un total de cinco campings entre los que encontramos el C\u00e0mping Begur, situado en el coraz\u00f3n de la Costa Brava y cerca de la bodega Mas Oller; el Camping Cadaqu\u00e9s, ubicado en uno de los pueblos m\u00e1s bonitos de la Costa Brava y al lado de la Bodega Mart\u00ed Faix\u00f3 que cuenta con vi\u00f1edos con espectaculares vistas al mar; el Camping Port de la Selva que se encuentra cerca del majestuoso monasterio de Sant Pere de Rodes y la bodega Mas Estela; y por \u00faltimo el Camping Jonca Mar en Roses, que ofrece catas de vinos locales durante todo el a\u00f1o. \u00bfOs apunt\u00e1is a brindar con un buen vino de la D.O. Empord\u00e0?<\/p>\n","protected":false},"excerpt":{"rendered":"<p>Una tierra de vinos y vi\u00f1edos L\u2019Empord\u00e0 es la zona vin\u00edcola por excelencia de la Costa Brava y un rinc\u00f3n de gran belleza paisaj\u00edstica marcado por el car\u00e1cter de la Tramuntana, el viento m\u00e1s caracter\u00edstico de la zona. Gracias al sello Land of Wines, podr\u00e1s encontrar campings que promueven la cultura del vino de l\u2019Empord\u00e0 [&hellip;]<\/p>\n","protected":false},"author":1,"featured_media":16161,"parent":15827,"menu_order":0,"comment_status":"closed","ping_status":"closed","template":"template-experiencia.php","meta":{"_acf_changed":false,"footnotes":""},"class_list":["post-15664","page","type-page","status-publish","has-post-thumbnail","hentry"],"acf":[],"_links":{"self":[{"href":"https:\/\/campingsingirona.com\/es\/wp-json\/wp\/v2\/pages\/15664","targetHints":{"allow":["GET"]}}],"collection":[{"href":"https:\/\/campingsingirona.com\/es\/wp-json\/wp\/v2\/pages"}],"about":[{"href":"https:\/\/campingsingirona.com\/es\/wp-json\/wp\/v2\/types\/page"}],"author":[{"embeddable":true,"href":"https:\/\/campingsingirona.com\/es\/wp-json\/wp\/v2\/users\/1"}],"replies":[{"embeddable":true,"href":"https:\/\/campingsingirona.com\/es\/wp-json\/wp\/v2\/comments?post=15664"}],"version-history":[{"count":5,"href":"https:\/\/campingsingirona.com\/es\/wp-json\/wp\/v2\/pages\/15664\/revisions"}],"predecessor-version":[{"id":103674,"href":"https:\/\/campingsingirona.com\/es\/wp-json\/wp\/v2\/pages\/15664\/revisions\/103674"}],"up":[{"embeddable":true,"href":"https:\/\/campingsingirona.com\/es\/wp-json\/wp\/v2\/pages\/15827"}],"wp:featuredmedia":[{"embeddable":true,"href":"https:\/\/campingsingirona.com\/es\/wp-json\/wp\/v2\/media\/16161"}],"wp:attachment":[{"href":"https:\/\/campingsingirona.com\/es\/wp-json\/wp\/v2\/media?parent=15664"}],"curies":[{"name":"wp","href":"https:\/\/api.w.org\/{rel}","templated":true}]}}