{"id":15651,"date":"2021-02-15T23:15:33","date_gmt":"2021-02-15T23:15:33","guid":{"rendered":"https:\/\/campingsingirona.com\/wellness\/"},"modified":"2023-06-23T07:00:20","modified_gmt":"2023-06-23T07:00:20","slug":"wellness-friendly","status":"publish","type":"page","link":"https:\/\/campingsingirona.com\/es\/experiencias\/wellness-friendly\/","title":{"rendered":"Wellness"},"content":{"rendered":"\n<h2 class=\"wp-block-heading\" id=\"campings-tranquilos-en-girona\">Campings tranquilos en Girona<\/h2>\n\n\n\n<p>Bajo el sello Wellnes Friendly, los Campings de Girona con esta identificaci\u00f3n se centran en la salud y el bienestar de sus clientes ofreciendo <strong>servicios y tratamientos wellbeing<\/strong>. Descubre el amplio abanico de servicios de estos campings donde podr\u00e1s disfrutar desde instalaciones con <strong>Spa, jacuzzis, saunas, piscinas climatizadas y masajes<\/strong>; a <strong>clases de yoga<\/strong> o <strong>meditaci\u00f3n<\/strong> y s<strong>esiones de ayurveda<\/strong> en la playa.<\/p>\n\n\n\n<p>En la actualidad encontrar\u00e1s 5 campings Wellness Friendly con servicios exclusivos de salud y bienestar. Todos ellos situados en un magn\u00edfico entorno que te transportar\u00e1 a un oasis de desconexi\u00f3n para liberarte de tus preocupaciones diarias y a reconectar con tu paz interior.&nbsp;<\/p>\n","protected":false},"excerpt":{"rendered":"<p>Campings tranquilos en Girona Bajo el sello Wellnes Friendly, los Campings de Girona con esta identificaci\u00f3n se centran en la salud y el bienestar de sus clientes ofreciendo servicios y tratamientos wellbeing. Descubre el amplio abanico de servicios de estos campings donde podr\u00e1s disfrutar desde instalaciones con Spa, jacuzzis, saunas, piscinas climatizadas y masajes; a [&hellip;]<\/p>\n","protected":false},"author":1,"featured_media":18578,"parent":15827,"menu_order":0,"comment_status":"closed","ping_status":"closed","template":"template-experiencia.php","meta":{"_acf_changed":false,"footnotes":""},"class_list":["post-15651","page","type-page","status-publish","has-post-thumbnail","hentry"],"acf":[],"_links":{"self":[{"href":"https:\/\/campingsingirona.com\/es\/wp-json\/wp\/v2\/pages\/15651","targetHints":{"allow":["GET"]}}],"collection":[{"href":"https:\/\/campingsingirona.com\/es\/wp-json\/wp\/v2\/pages"}],"about":[{"href":"https:\/\/campingsingirona.com\/es\/wp-json\/wp\/v2\/types\/page"}],"author":[{"embeddable":true,"href":"https:\/\/campingsingirona.com\/es\/wp-json\/wp\/v2\/users\/1"}],"replies":[{"embeddable":true,"href":"https:\/\/campingsingirona.com\/es\/wp-json\/wp\/v2\/comments?post=15651"}],"version-history":[{"count":5,"href":"https:\/\/campingsingirona.com\/es\/wp-json\/wp\/v2\/pages\/15651\/revisions"}],"predecessor-version":[{"id":101802,"href":"https:\/\/campingsingirona.com\/es\/wp-json\/wp\/v2\/pages\/15651\/revisions\/101802"}],"up":[{"embeddable":true,"href":"https:\/\/campingsingirona.com\/es\/wp-json\/wp\/v2\/pages\/15827"}],"wp:featuredmedia":[{"embeddable":true,"href":"https:\/\/campingsingirona.com\/es\/wp-json\/wp\/v2\/media\/18578"}],"wp:attachment":[{"href":"https:\/\/campingsingirona.com\/es\/wp-json\/wp\/v2\/media?parent=15651"}],"curies":[{"name":"wp","href":"https:\/\/api.w.org\/{rel}","templated":true}]}}