{"id":15643,"date":"2021-02-15T23:17:51","date_gmt":"2021-02-15T23:17:51","guid":{"rendered":"https:\/\/campingsingirona.com\/pet-friendly\/"},"modified":"2023-05-29T12:21:14","modified_gmt":"2023-05-29T12:21:14","slug":"pet-friendly","status":"publish","type":"page","link":"https:\/\/campingsingirona.com\/es\/experiencias\/pet-friendly\/","title":{"rendered":"Pet Friendly"},"content":{"rendered":"\n<h2 class=\"wp-block-heading\" id=\"una-experiencia-inolvidable\">Una experiencia inolvidable<\/h2>\n\n\n\n<p>Aparte de servicios exclusivos para nuestras mascotas como duchas, casetas, entre otros; los campings Pet Friendly te obsequiaran con inolvidables experiencias al lado de tu colega de cuatro patas. Podr\u00e1s encontrar desde cartas restaurante para tu mascota, a entornos id\u00edlicos para salir a dar paseos o excursiones, rodeados de naturaleza por el bosque, cerca del mar y playas para perros como la Playa de la Rubina, Playa del Mol\u00ed o la Playa de Sant Jordi en Llan\u00e7\u00e0.<\/p>\n\n\n\n<h2 class=\"wp-block-heading\" id=\"campings-en-la-costa-brava-que-admiten-perros\">Campings en la Costa Brava que admiten perros<\/h2>\n\n\n\n<p>Si est\u00e1s buscando un camping Pet Friendly para pasar unas vacaciones disfrutando de la compa\u00f1\u00eda de tu fiel compa\u00f1ero, debes echar un vistazo a los campings Pet Friendly de la Costa Brava y los Pirineos que admiten perros.&nbsp;<\/p>\n","protected":false},"excerpt":{"rendered":"<p>Una experiencia inolvidable Aparte de servicios exclusivos para nuestras mascotas como duchas, casetas, entre otros; los campings Pet Friendly te obsequiaran con inolvidables experiencias al lado de tu colega de cuatro patas. Podr\u00e1s encontrar desde cartas restaurante para tu mascota, a entornos id\u00edlicos para salir a dar paseos o excursiones, rodeados de naturaleza por el [&hellip;]<\/p>\n","protected":false},"author":1,"featured_media":15819,"parent":15827,"menu_order":0,"comment_status":"closed","ping_status":"closed","template":"template-experiencia.php","meta":{"_acf_changed":false,"footnotes":""},"class_list":["post-15643","page","type-page","status-publish","has-post-thumbnail","hentry"],"acf":[],"_links":{"self":[{"href":"https:\/\/campingsingirona.com\/es\/wp-json\/wp\/v2\/pages\/15643","targetHints":{"allow":["GET"]}}],"collection":[{"href":"https:\/\/campingsingirona.com\/es\/wp-json\/wp\/v2\/pages"}],"about":[{"href":"https:\/\/campingsingirona.com\/es\/wp-json\/wp\/v2\/types\/page"}],"author":[{"embeddable":true,"href":"https:\/\/campingsingirona.com\/es\/wp-json\/wp\/v2\/users\/1"}],"replies":[{"embeddable":true,"href":"https:\/\/campingsingirona.com\/es\/wp-json\/wp\/v2\/comments?post=15643"}],"version-history":[{"count":5,"href":"https:\/\/campingsingirona.com\/es\/wp-json\/wp\/v2\/pages\/15643\/revisions"}],"predecessor-version":[{"id":99675,"href":"https:\/\/campingsingirona.com\/es\/wp-json\/wp\/v2\/pages\/15643\/revisions\/99675"}],"up":[{"embeddable":true,"href":"https:\/\/campingsingirona.com\/es\/wp-json\/wp\/v2\/pages\/15827"}],"wp:featuredmedia":[{"embeddable":true,"href":"https:\/\/campingsingirona.com\/es\/wp-json\/wp\/v2\/media\/15819"}],"wp:attachment":[{"href":"https:\/\/campingsingirona.com\/es\/wp-json\/wp\/v2\/media?parent=15643"}],"curies":[{"name":"wp","href":"https:\/\/api.w.org\/{rel}","templated":true}]}}