{"id":117500,"date":"2024-12-19T11:28:01","date_gmt":"2024-12-19T11:28:01","guid":{"rendered":"https:\/\/campingsingirona.com\/?page_id=117500"},"modified":"2024-12-19T12:10:50","modified_gmt":"2024-12-19T12:10:50","slug":"pure-camping","status":"publish","type":"page","link":"https:\/\/campingsingirona.com\/es\/experiencias\/pure-camping\/","title":{"rendered":"Pure Camping"},"content":{"rendered":"\n<h2 class=\"wp-block-heading\">Lo tradicional, el aut\u00e9ntico placer de la acampada.<\/h2>\n\n\n\n<p>Estos campings preservan con dedicaci\u00f3n lo m\u00e1s tradicional de la acampada, dando especial prioridad a las parcelas ya todos los servicios necesarios para que los campistas disfruten de una estancia c\u00f3moda y aut\u00e9ntica. Con una capacidad limitada para asegurar la intimidad y la tranquilidad, los campings Pure se alinean con los valores del slow tourism, preservando la esencia de la aut\u00e9ntica acampada. Aqu\u00ed, cada detalle se cuida para fomentar una experiencia relajada y sin prisas: zonas de descanso con sof\u00e1s exteriores y espacios de lectura invitan a detenerse y disfrutar de cada momento.<\/p>\n\n\n\n<p>Adem\u00e1s, el sello Pure Camping apuesta por una gastronom\u00eda local, saludable y sostenible, que permite saborear los sabores de la tierra con calma y autenticidad.<\/p>\n","protected":false},"excerpt":{"rendered":"<p>Lo tradicional, el aut\u00e9ntico placer de la acampada. Estos campings preservan con dedicaci\u00f3n lo m\u00e1s tradicional de la acampada, dando especial prioridad a las parcelas ya todos los servicios necesarios para que los campistas disfruten de una estancia c\u00f3moda y aut\u00e9ntica. Con una capacidad limitada para asegurar la intimidad y la tranquilidad, los campings Pure [&hellip;]<\/p>\n","protected":false},"author":1,"featured_media":117808,"parent":15827,"menu_order":0,"comment_status":"closed","ping_status":"closed","template":"template-experiencia.php","meta":{"_acf_changed":false,"footnotes":""},"class_list":["post-117500","page","type-page","status-publish","has-post-thumbnail","hentry"],"acf":[],"_links":{"self":[{"href":"https:\/\/campingsingirona.com\/es\/wp-json\/wp\/v2\/pages\/117500","targetHints":{"allow":["GET"]}}],"collection":[{"href":"https:\/\/campingsingirona.com\/es\/wp-json\/wp\/v2\/pages"}],"about":[{"href":"https:\/\/campingsingirona.com\/es\/wp-json\/wp\/v2\/types\/page"}],"author":[{"embeddable":true,"href":"https:\/\/campingsingirona.com\/es\/wp-json\/wp\/v2\/users\/1"}],"replies":[{"embeddable":true,"href":"https:\/\/campingsingirona.com\/es\/wp-json\/wp\/v2\/comments?post=117500"}],"version-history":[{"count":5,"href":"https:\/\/campingsingirona.com\/es\/wp-json\/wp\/v2\/pages\/117500\/revisions"}],"predecessor-version":[{"id":119755,"href":"https:\/\/campingsingirona.com\/es\/wp-json\/wp\/v2\/pages\/117500\/revisions\/119755"}],"up":[{"embeddable":true,"href":"https:\/\/campingsingirona.com\/es\/wp-json\/wp\/v2\/pages\/15827"}],"wp:featuredmedia":[{"embeddable":true,"href":"https:\/\/campingsingirona.com\/es\/wp-json\/wp\/v2\/media\/117808"}],"wp:attachment":[{"href":"https:\/\/campingsingirona.com\/es\/wp-json\/wp\/v2\/media?parent=117500"}],"curies":[{"name":"wp","href":"https:\/\/api.w.org\/{rel}","templated":true}]}}