{"id":103711,"date":"2023-08-01T12:22:50","date_gmt":"2023-08-01T12:22:50","guid":{"rendered":"https:\/\/campingsingirona.com\/?page_id=103711"},"modified":"2023-08-03T10:47:18","modified_gmt":"2023-08-03T10:47:18","slug":"sports","status":"publish","type":"page","link":"https:\/\/campingsingirona.com\/es\/experiencias\/sports\/","title":{"rendered":"Sports"},"content":{"rendered":"\n<p>Estos <em>campings<\/em> garantizan unas vacaciones rodeadas de naturaleza y muchas facilidades para practicar cualquier tipo de actividad al aire libre, ya sean de aventura o disfrute de la naturaleza. Si decides alojarte en un <em>camping<\/em> Sports, \u00a1no parar\u00e1s quieto! Disfruta con las rutas de senderismo, ciclismo, kayak, vuelos en globo, excursiones a caballo o esqu\u00ed alpino, esqu\u00ed n\u00f3rdico o raquetas de nieve en las estaciones invernales de esqu\u00ed \u2013 La Masella, La Molina, Vallter 2000, Vall de N\u00faria y Guils Fontanera \u2013 entre muchas otras actividades.<\/p>\n\n\n\n<p>La Costa Brava es tambi\u00e9n un para\u00edso fant\u00e1stico para los amantes del mar y los deportes de aventura. M\u00e1s de 200 km de playas y calas hacen de este peque\u00f1o rinc\u00f3n del mediterr\u00e1neo un enclave perfecto para disfrutar de gran variedad de deportes acu\u00e1ticos. Por esta raz\u00f3n, los Campings de Girona destacados con el sello Water Sport, marcan a los campings apasionados por los deportes acu\u00e1ticos. En ellos podr\u00e1s disfrutar de unas vacaciones al lado del mar mientras practicas tu deporte favorito en las id\u00edlicas playas de la Costa Brava.<\/p>\n\n\n\n<p>Adem\u00e1s, en la Costa Brava podr\u00e1s encontrar magn\u00edficos<strong> campos de golf y Pitch &amp; Putt<\/strong> rodeados de naturaleza con paisajes incre\u00edbles. \u00bfTe imaginas jugar con el Montgr\u00ed o los Pirineos nevados de fondo? \u00a1En las comarcas de Girona es posible!<\/p>\n","protected":false},"excerpt":{"rendered":"<p>Estos campings garantizan unas vacaciones rodeadas de naturaleza y muchas facilidades para practicar cualquier tipo de actividad al aire libre, ya sean de aventura o disfrute de la naturaleza. Si decides alojarte en un camping Sports, \u00a1no parar\u00e1s quieto! Disfruta con las rutas de senderismo, ciclismo, kayak, vuelos en globo, excursiones a caballo o esqu\u00ed [&hellip;]<\/p>\n","protected":false},"author":1,"featured_media":103703,"parent":15827,"menu_order":0,"comment_status":"closed","ping_status":"closed","template":"template-experiencia.php","meta":{"_acf_changed":false,"footnotes":""},"class_list":["post-103711","page","type-page","status-publish","has-post-thumbnail","hentry"],"acf":[],"_links":{"self":[{"href":"https:\/\/campingsingirona.com\/es\/wp-json\/wp\/v2\/pages\/103711","targetHints":{"allow":["GET"]}}],"collection":[{"href":"https:\/\/campingsingirona.com\/es\/wp-json\/wp\/v2\/pages"}],"about":[{"href":"https:\/\/campingsingirona.com\/es\/wp-json\/wp\/v2\/types\/page"}],"author":[{"embeddable":true,"href":"https:\/\/campingsingirona.com\/es\/wp-json\/wp\/v2\/users\/1"}],"replies":[{"embeddable":true,"href":"https:\/\/campingsingirona.com\/es\/wp-json\/wp\/v2\/comments?post=103711"}],"version-history":[{"count":5,"href":"https:\/\/campingsingirona.com\/es\/wp-json\/wp\/v2\/pages\/103711\/revisions"}],"predecessor-version":[{"id":103865,"href":"https:\/\/campingsingirona.com\/es\/wp-json\/wp\/v2\/pages\/103711\/revisions\/103865"}],"up":[{"embeddable":true,"href":"https:\/\/campingsingirona.com\/es\/wp-json\/wp\/v2\/pages\/15827"}],"wp:featuredmedia":[{"embeddable":true,"href":"https:\/\/campingsingirona.com\/es\/wp-json\/wp\/v2\/media\/103703"}],"wp:attachment":[{"href":"https:\/\/campingsingirona.com\/es\/wp-json\/wp\/v2\/media?parent=103711"}],"curies":[{"name":"wp","href":"https:\/\/api.w.org\/{rel}","templated":true}]}}