{"id":16300,"date":"2021-02-15T23:17:51","date_gmt":"2021-02-15T23:17:51","guid":{"rendered":"https:\/\/campingsingirona.com\/experiences\/pet-friendly\/"},"modified":"2023-05-29T12:26:44","modified_gmt":"2023-05-29T12:26:44","slug":"pet-friendly","status":"publish","type":"page","link":"https:\/\/campingsingirona.com\/en\/experiences\/pet-friendly\/","title":{"rendered":"Pet Friendly"},"content":{"rendered":"\n<h2 class=\"wp-block-heading\" id=\"an-unforgettable-experience\">An unforgettable experience<\/h2>\n\n\n\n<p>In addition to exclusive services for pets including showers, kennels, etc., Pet Friendly campsites create unforgettable experiences with your four-legged chum. Restaurant menus for pets, idyllic spots for walks and excursions surrounded by nature in the forest, hugging the coastline, and dog-friendly beaches such as Playa de la Rubina, Playa del Mol\u00ed and Playa de Sant Jordi in Llan\u00e7\u00e0.<\/p>\n\n\n\n<h2 class=\"wp-block-heading\" id=\"dog-friendly-campsites-on-the-costa-brava\">Dog-friendly campsites on the Costa Brava<\/h2>\n\n\n\n<p>If you\u2019re after a Pet Friendly campsite for a holiday with your loyal companion, check out the Pet Friendly campsites in the Costa Brava and the Pyrenees region where dogs are allowed.<\/p>\n","protected":false},"excerpt":{"rendered":"<p>An unforgettable experience In addition to exclusive services for pets including showers, kennels, etc., Pet Friendly campsites create unforgettable experiences with your four-legged chum. Restaurant menus for pets, idyllic spots for walks and excursions surrounded by nature in the forest, hugging the coastline, and dog-friendly beaches such as Playa de la Rubina, Playa del Mol\u00ed [&hellip;]<\/p>\n","protected":false},"author":1,"featured_media":15816,"parent":15907,"menu_order":0,"comment_status":"closed","ping_status":"closed","template":"template-experiencia.php","meta":{"_acf_changed":false,"footnotes":""},"class_list":["post-16300","page","type-page","status-publish","has-post-thumbnail","hentry"],"acf":[],"_links":{"self":[{"href":"https:\/\/campingsingirona.com\/en\/wp-json\/wp\/v2\/pages\/16300","targetHints":{"allow":["GET"]}}],"collection":[{"href":"https:\/\/campingsingirona.com\/en\/wp-json\/wp\/v2\/pages"}],"about":[{"href":"https:\/\/campingsingirona.com\/en\/wp-json\/wp\/v2\/types\/page"}],"author":[{"embeddable":true,"href":"https:\/\/campingsingirona.com\/en\/wp-json\/wp\/v2\/users\/1"}],"replies":[{"embeddable":true,"href":"https:\/\/campingsingirona.com\/en\/wp-json\/wp\/v2\/comments?post=16300"}],"version-history":[{"count":5,"href":"https:\/\/campingsingirona.com\/en\/wp-json\/wp\/v2\/pages\/16300\/revisions"}],"predecessor-version":[{"id":99677,"href":"https:\/\/campingsingirona.com\/en\/wp-json\/wp\/v2\/pages\/16300\/revisions\/99677"}],"up":[{"embeddable":true,"href":"https:\/\/campingsingirona.com\/en\/wp-json\/wp\/v2\/pages\/15907"}],"wp:featuredmedia":[{"embeddable":true,"href":"https:\/\/campingsingirona.com\/en\/wp-json\/wp\/v2\/media\/15816"}],"wp:attachment":[{"href":"https:\/\/campingsingirona.com\/en\/wp-json\/wp\/v2\/media?parent=16300"}],"curies":[{"name":"wp","href":"https:\/\/api.w.org\/{rel}","templated":true}]}}