{"id":27651,"date":"2021-10-27T08:00:25","date_gmt":"2021-10-27T08:00:25","guid":{"rendered":"https:\/\/campingsingirona.com\/erfahrungem\/open-365\/"},"modified":"2021-11-08T08:43:32","modified_gmt":"2021-11-08T08:43:32","slug":"open-365","status":"publish","type":"page","link":"https:\/\/campingsingirona.com\/de\/erfahrungen\/open-365\/","title":{"rendered":"Open 365"},"content":{"rendered":"\n<h2 class=\"wp-block-heading\">Die Campingpl\u00e4tze von Girona sind das ganze Jahr \u00fcber ein Erlebnis<\/h2>\n\n\n\n<p>Ein Campingurlaub eignet sich hervorragend, um die Costa Brava und die Pyren\u00e4en zu entdecken &#8211; und zwar zu jeder Jahreszeit.<\/p>\n\n\n\n<p>Auf den Campingpl\u00e4tzen von Girona kannst du 365 Tage im Jahr bleiben, tausend Abenteuer erleben und die Umgebung auf tausend verschiendene Arten entdecken. Du liebst den Sommer und gehst gern im Swimmingpool oder im Meer baden? Oder gehst du gern in magisch-bunten Herbstw\u00e4ldern spazieren? Worauf wartest du \u2013 du kannst campen gehen, wann immer dir danach ist.<\/p>\n\n\n\n<p>Au\u00dferdem bieten die Campingpl\u00e4tze der Costa Brava und in den Pyren\u00e4en, die ganzj\u00e4hrig ge\u00f6ffnet sind, <strong>komfortable, klimatisierte Unterk\u00fcnfte mit Zusatzleistungen aller Art<\/strong>, sodass du dich wie zu Hause f\u00fchlen kannst.<\/p>\n\n\n\n<p>Hast du jetzt Lust auf Campingurlaub bekommen? Entdecke die 365 Tage im Jahr f\u00fcr dich ge\u00f6ffneten Campingpl\u00e4tze und komm uns besuchen, wann immer du willst!<\/p>\n","protected":false},"excerpt":{"rendered":"<p>Die Campingpl\u00e4tze von Girona sind das ganze Jahr \u00fcber ein Erlebnis Ein Campingurlaub eignet sich hervorragend, um die Costa Brava und die Pyren\u00e4en zu entdecken &#8211; und zwar zu jeder Jahreszeit. Auf den Campingpl\u00e4tzen von Girona kannst du 365 Tage im Jahr bleiben, tausend Abenteuer erleben und die Umgebung auf tausend verschiendene Arten entdecken. Du [&hellip;]<\/p>\n","protected":false},"author":1,"featured_media":26077,"parent":15905,"menu_order":0,"comment_status":"closed","ping_status":"closed","template":"template-experiencia.php","meta":{"_acf_changed":false,"footnotes":""},"class_list":["post-27651","page","type-page","status-publish","has-post-thumbnail","hentry"],"acf":[],"_links":{"self":[{"href":"https:\/\/campingsingirona.com\/de\/wp-json\/wp\/v2\/pages\/27651","targetHints":{"allow":["GET"]}}],"collection":[{"href":"https:\/\/campingsingirona.com\/de\/wp-json\/wp\/v2\/pages"}],"about":[{"href":"https:\/\/campingsingirona.com\/de\/wp-json\/wp\/v2\/types\/page"}],"author":[{"embeddable":true,"href":"https:\/\/campingsingirona.com\/de\/wp-json\/wp\/v2\/users\/1"}],"replies":[{"embeddable":true,"href":"https:\/\/campingsingirona.com\/de\/wp-json\/wp\/v2\/comments?post=27651"}],"version-history":[{"count":3,"href":"https:\/\/campingsingirona.com\/de\/wp-json\/wp\/v2\/pages\/27651\/revisions"}],"predecessor-version":[{"id":27673,"href":"https:\/\/campingsingirona.com\/de\/wp-json\/wp\/v2\/pages\/27651\/revisions\/27673"}],"up":[{"embeddable":true,"href":"https:\/\/campingsingirona.com\/de\/wp-json\/wp\/v2\/pages\/15905"}],"wp:featuredmedia":[{"embeddable":true,"href":"https:\/\/campingsingirona.com\/de\/wp-json\/wp\/v2\/media\/26077"}],"wp:attachment":[{"href":"https:\/\/campingsingirona.com\/de\/wp-json\/wp\/v2\/media?parent=27651"}],"curies":[{"name":"wp","href":"https:\/\/api.w.org\/{rel}","templated":true}]}}