{"id":16782,"date":"2021-02-18T14:42:38","date_gmt":"2021-02-18T14:42:38","guid":{"rendered":"https:\/\/campingsingirona.com\/destinos\/points-accessibles\/"},"modified":"2021-04-19T21:11:24","modified_gmt":"2021-04-19T21:11:24","slug":"zugangliche-orte","status":"publish","type":"page","link":"https:\/\/campingsingirona.com\/de\/sehenswurdigkeiten\/zugangliche-orte\/","title":{"rendered":"Zug\u00e4ngliche Orte"},"content":{"rendered":"\n<p class=\"has-text-align-center\">Spa\u00df ohne Einschr\u00e4nkungen! Entdecken Sie die Orte f\u00fcr Personen mit eingeschr\u00e4nkter Mobilit\u00e4t und nutzen Sie die speziellen Angebote f\u00fcr Str\u00e4nde, Wege oder Museen f\u00fcr barrierefreien Urlaub. Alle entdecken!<\/p>\n","protected":false},"excerpt":{"rendered":"<p>Spa\u00df ohne Einschr\u00e4nkungen! Entdecken Sie die Orte f\u00fcr Personen mit eingeschr\u00e4nkter Mobilit\u00e4t und nutzen Sie die speziellen Angebote f\u00fcr Str\u00e4nde, Wege oder Museen f\u00fcr barrierefreien Urlaub. Alle entdecken!<\/p>\n","protected":false},"author":1,"featured_media":15807,"parent":15924,"menu_order":0,"comment_status":"closed","ping_status":"closed","template":"template-tipo-destino.php","meta":{"_acf_changed":false,"footnotes":""},"class_list":["post-16782","page","type-page","status-publish","has-post-thumbnail","hentry"],"acf":[],"_links":{"self":[{"href":"https:\/\/campingsingirona.com\/de\/wp-json\/wp\/v2\/pages\/16782","targetHints":{"allow":["GET"]}}],"collection":[{"href":"https:\/\/campingsingirona.com\/de\/wp-json\/wp\/v2\/pages"}],"about":[{"href":"https:\/\/campingsingirona.com\/de\/wp-json\/wp\/v2\/types\/page"}],"author":[{"embeddable":true,"href":"https:\/\/campingsingirona.com\/de\/wp-json\/wp\/v2\/users\/1"}],"replies":[{"embeddable":true,"href":"https:\/\/campingsingirona.com\/de\/wp-json\/wp\/v2\/comments?post=16782"}],"version-history":[{"count":1,"href":"https:\/\/campingsingirona.com\/de\/wp-json\/wp\/v2\/pages\/16782\/revisions"}],"predecessor-version":[{"id":16784,"href":"https:\/\/campingsingirona.com\/de\/wp-json\/wp\/v2\/pages\/16782\/revisions\/16784"}],"up":[{"embeddable":true,"href":"https:\/\/campingsingirona.com\/de\/wp-json\/wp\/v2\/pages\/15924"}],"wp:featuredmedia":[{"embeddable":true,"href":"https:\/\/campingsingirona.com\/de\/wp-json\/wp\/v2\/media\/15807"}],"wp:attachment":[{"href":"https:\/\/campingsingirona.com\/de\/wp-json\/wp\/v2\/media?parent=16782"}],"curies":[{"name":"wp","href":"https:\/\/api.w.org\/{rel}","templated":true}]}}