{"id":16770,"date":"2021-02-18T14:42:12","date_gmt":"2021-02-18T14:42:12","guid":{"rendered":"https:\/\/campingsingirona.com\/destinos\/caminos-y-rutas\/"},"modified":"2021-04-22T08:00:13","modified_gmt":"2021-04-22T08:00:13","slug":"natur","status":"publish","type":"page","link":"https:\/\/campingsingirona.com\/de\/sehenswurdigkeiten\/natur\/","title":{"rendered":"Natur"},"content":{"rendered":"\n<p class=\"has-text-align-center\">Egal, wo man hinsieht, \u00fcberall gibt es reichlich Naturparadiese f\u00fcr spektakul\u00e4re Ausfl\u00fcge. 8 Naturparks, endlose Pfade, gr\u00fcne Wege und Rundwege entf\u00fchren Sie in spektakul\u00e4re Landschaften von Meer, Innenland und Bergen. Das d\u00fcrfen Sie nicht verpassen!<\/p>\n","protected":false},"excerpt":{"rendered":"<p>Egal, wo man hinsieht, \u00fcberall gibt es reichlich Naturparadiese f\u00fcr spektakul\u00e4re Ausfl\u00fcge. 8 Naturparks, endlose Pfade, gr\u00fcne Wege und Rundwege entf\u00fchren Sie in spektakul\u00e4re Landschaften von Meer, Innenland und Bergen. Das d\u00fcrfen Sie nicht verpassen!<\/p>\n","protected":false},"author":1,"featured_media":15791,"parent":15924,"menu_order":0,"comment_status":"closed","ping_status":"closed","template":"template-tipo-destino.php","meta":{"_acf_changed":false,"footnotes":""},"class_list":["post-16770","page","type-page","status-publish","has-post-thumbnail","hentry"],"acf":[],"_links":{"self":[{"href":"https:\/\/campingsingirona.com\/de\/wp-json\/wp\/v2\/pages\/16770","targetHints":{"allow":["GET"]}}],"collection":[{"href":"https:\/\/campingsingirona.com\/de\/wp-json\/wp\/v2\/pages"}],"about":[{"href":"https:\/\/campingsingirona.com\/de\/wp-json\/wp\/v2\/types\/page"}],"author":[{"embeddable":true,"href":"https:\/\/campingsingirona.com\/de\/wp-json\/wp\/v2\/users\/1"}],"replies":[{"embeddable":true,"href":"https:\/\/campingsingirona.com\/de\/wp-json\/wp\/v2\/comments?post=16770"}],"version-history":[{"count":3,"href":"https:\/\/campingsingirona.com\/de\/wp-json\/wp\/v2\/pages\/16770\/revisions"}],"predecessor-version":[{"id":17145,"href":"https:\/\/campingsingirona.com\/de\/wp-json\/wp\/v2\/pages\/16770\/revisions\/17145"}],"up":[{"embeddable":true,"href":"https:\/\/campingsingirona.com\/de\/wp-json\/wp\/v2\/pages\/15924"}],"wp:featuredmedia":[{"embeddable":true,"href":"https:\/\/campingsingirona.com\/de\/wp-json\/wp\/v2\/media\/15791"}],"wp:attachment":[{"href":"https:\/\/campingsingirona.com\/de\/wp-json\/wp\/v2\/media?parent=16770"}],"curies":[{"name":"wp","href":"https:\/\/api.w.org\/{rel}","templated":true}]}}