{"id":16740,"date":"2021-02-18T14:41:19","date_gmt":"2021-02-18T14:41:19","guid":{"rendered":"https:\/\/campingsingirona.com\/sehenswurdigkeiten\/deporte-aventura\/"},"modified":"2021-04-19T20:18:52","modified_gmt":"2021-04-19T20:18:52","slug":"sport-abenteuer","status":"publish","type":"page","link":"https:\/\/campingsingirona.com\/de\/sehenswurdigkeiten\/sport-abenteuer\/","title":{"rendered":"Sport und Abenteuer"},"content":{"rendered":"\n<p class=\"has-text-align-center\">Gehen Sie Ihrem Lieblingssport inmitten einer traumhaften Landschaft nach! Entdecken Sie die spektakul\u00e4ren Sport- und Abenteuerm\u00f6glichkeiten an der Costa Brava und in den Pyren\u00e4en.<\/p>\n","protected":false},"excerpt":{"rendered":"<p>Gehen Sie Ihrem Lieblingssport inmitten einer traumhaften Landschaft nach! Entdecken Sie die spektakul\u00e4ren Sport- und Abenteuerm\u00f6glichkeiten an der Costa Brava und in den Pyren\u00e4en.<\/p>\n","protected":false},"author":1,"featured_media":15763,"parent":15924,"menu_order":0,"comment_status":"closed","ping_status":"closed","template":"template-tipo-destino.php","meta":{"_acf_changed":false,"footnotes":""},"class_list":["post-16740","page","type-page","status-publish","has-post-thumbnail","hentry"],"acf":[],"_links":{"self":[{"href":"https:\/\/campingsingirona.com\/de\/wp-json\/wp\/v2\/pages\/16740","targetHints":{"allow":["GET"]}}],"collection":[{"href":"https:\/\/campingsingirona.com\/de\/wp-json\/wp\/v2\/pages"}],"about":[{"href":"https:\/\/campingsingirona.com\/de\/wp-json\/wp\/v2\/types\/page"}],"author":[{"embeddable":true,"href":"https:\/\/campingsingirona.com\/de\/wp-json\/wp\/v2\/users\/1"}],"replies":[{"embeddable":true,"href":"https:\/\/campingsingirona.com\/de\/wp-json\/wp\/v2\/comments?post=16740"}],"version-history":[{"count":1,"href":"https:\/\/campingsingirona.com\/de\/wp-json\/wp\/v2\/pages\/16740\/revisions"}],"predecessor-version":[{"id":16742,"href":"https:\/\/campingsingirona.com\/de\/wp-json\/wp\/v2\/pages\/16740\/revisions\/16742"}],"up":[{"embeddable":true,"href":"https:\/\/campingsingirona.com\/de\/wp-json\/wp\/v2\/pages\/15924"}],"wp:featuredmedia":[{"embeddable":true,"href":"https:\/\/campingsingirona.com\/de\/wp-json\/wp\/v2\/media\/15763"}],"wp:attachment":[{"href":"https:\/\/campingsingirona.com\/de\/wp-json\/wp\/v2\/media?parent=16740"}],"curies":[{"name":"wp","href":"https:\/\/api.w.org\/{rel}","templated":true}]}}