{"id":16653,"date":"2021-03-09T01:32:50","date_gmt":"2021-03-09T01:32:50","guid":{"rendered":"https:\/\/campingsingirona.com\/contacto\/"},"modified":"2022-02-15T10:53:43","modified_gmt":"2022-02-15T10:53:43","slug":"kontakt","status":"publish","type":"page","link":"https:\/\/campingsingirona.com\/de\/kontakt\/","title":{"rendered":"Kontakt"},"content":{"rendered":"\n<div class=\"wp-block-group page-wrapper\"><div class=\"wp-block-group__inner-container is-layout-flow wp-block-group-is-layout-flow\">\n<h1 class=\"wp-block-heading\" id=\"kontakt\">Kontakt<\/h1>\n\n\n\n<div class=\"wp-block-columns is-layout-flex wp-container-core-columns-is-layout-9d6595d7 wp-block-columns-is-layout-flex\">\n<div class=\"wp-block-column datos-contacto is-layout-flow wp-block-column-is-layout-flow\">\n<p>M\u00f6chten Sie die Associaci\u00f3 de C\u00e0mpings de Girona kontaktieren? Senden Sie uns eine Nachricht oder rufen Sie uns Uhr werktags an.<meta charset=\"utf-8\"><\/p>\n\n\n\n<div style=\"height:30px\" aria-hidden=\"true\" class=\"wp-block-spacer\"><\/div>\n\n\n\n<p><img decoding=\"async\" src=\"\/wp-content\/uploads\/2021\/07\/telefono.svg\" style=\"width:30px;height:30px;vertical-align:middle;\"> <a href=\"tel:+34972215534\">972 21 55 34<\/a><\/p>\n\n\n\n<div style=\"height:15px\" aria-hidden=\"true\" class=\"wp-block-spacer\"><\/div>\n\n\n\n<p><img decoding=\"async\" src=\"\/wp-content\/uploads\/2021\/02\/mail-circle.svg\" style=\"width:30px;height:30px;vertical-align:middle;\"> <a href=\"mailto: info@campingsingirona.com\" data-type=\"URL\">info@campingsingirona.com<\/a><\/p>\n<\/div>\n\n\n\n<div class=\"wp-block-column is-layout-flow wp-block-column-is-layout-flow\">\n<div class=\"wpcf7 no-js\" id=\"wpcf7-f16663-o1\" lang=\"es-ES\" dir=\"ltr\" data-wpcf7-id=\"16663\">\n<div class=\"screen-reader-response\"><p role=\"status\" aria-live=\"polite\" aria-atomic=\"true\"><\/p> <ul><\/ul><\/div>\n<form action=\"\/de\/wp-json\/wp\/v2\/pages\/16653#wpcf7-f16663-o1\" method=\"post\" class=\"wpcf7-form init\" aria-label=\"Formulario de contacto\" novalidate=\"novalidate\" data-status=\"init\">\n<fieldset class=\"hidden-fields-container\"><input type=\"hidden\" name=\"_wpcf7\" value=\"16663\" \/><input type=\"hidden\" name=\"_wpcf7_version\" value=\"6.1.5\" \/><input type=\"hidden\" name=\"_wpcf7_locale\" value=\"es_ES\" \/><input type=\"hidden\" name=\"_wpcf7_unit_tag\" value=\"wpcf7-f16663-o1\" \/><input type=\"hidden\" name=\"_wpcf7_container_post\" value=\"0\" \/><input type=\"hidden\" name=\"_wpcf7_posted_data_hash\" value=\"\" \/><input type=\"hidden\" name=\"_wpcf7_recaptcha_response\" value=\"\" \/>\n<\/fieldset>\n<a name=\"contactar\"><\/a>\n<div class=\"wrapper-formulario\">\n<div class=\"fields\">\n  <div class=\"field field-nombre\">\n    <span class=\"wpcf7-form-control-wrap\" data-name=\"field-nombre\"><input size=\"40\" maxlength=\"400\" class=\"wpcf7-form-control wpcf7-text wpcf7-validates-as-required\" aria-required=\"true\" aria-invalid=\"false\" placeholder=\"Name\" value=\"\" type=\"text\" name=\"field-nombre\" \/><\/span>\n  <\/div>\n  <div class=\"field field-email\">\n    <span class=\"wpcf7-form-control-wrap\" data-name=\"field-email\"><input size=\"40\" maxlength=\"400\" class=\"wpcf7-form-control wpcf7-email wpcf7-validates-as-required wpcf7-text wpcf7-validates-as-email\" aria-required=\"true\" aria-invalid=\"false\" placeholder=\"E-mail\" value=\"\" type=\"email\" name=\"field-email\" \/><\/span>\n  <\/div>   \n  <div class=\"field field-mensaje\">\n    <span class=\"wpcf7-form-control-wrap\" data-name=\"field-mensaje\"><textarea cols=\"40\" rows=\"10\" maxlength=\"2000\" class=\"wpcf7-form-control wpcf7-textarea wpcf7-validates-as-required\" aria-required=\"true\" aria-invalid=\"false\" placeholder=\"Schreibe deine Nachricht\" name=\"field-mensaje\"><\/textarea><\/span>\n  <\/div>      \n  <div class=\"field field-grpd\">\n<span class=\"wpcf7-form-control-wrap\" data-name=\"field-grpd\"><span class=\"wpcf7-form-control wpcf7-acceptance\"><span class=\"wpcf7-list-item\"><label><input type=\"checkbox\" name=\"field-grpd\" value=\"1\" aria-invalid=\"false\" \/><span class=\"wpcf7-list-item-label\">Ich akzeptiere <a href=\"\/politica-privacidad\/\" target=\"_blank\">die Datenschutzrichtlinie<\/a>.<\/span><\/label><\/span><\/span><\/span>\n  <\/div>  \n<div class=\"field field-grpd\">\n<span class=\"wpcf7-form-control-wrap\" data-name=\"field-tratamiento-datos\"><span class=\"wpcf7-form-control wpcf7-acceptance optional\"><span class=\"wpcf7-list-item\"><label><input type=\"checkbox\" name=\"field-tratamiento-datos\" value=\"1\" aria-invalid=\"false\" \/><span class=\"wpcf7-list-item-label\">Ich bin damit einverstanden, Informationen<br> \u00fcber Aktivit\u00e4ten, Dienstleistungen und Produkte<br> von l'Asociaci\u00f3 de C\u00e0mpings de Girona zu<br> erhalten. <a href=\"https:\/\/campingsingirona.com\/en\/data-protection\/\" target=\"_blank\">Informationen \u00fcber die Behandlung<br> Ihrer Daten.<\/a><\/span><\/label><\/span><\/span><\/span>  \n  <\/div>\n<\/div>\n<div class=\"buttons\">\n  <input class=\"wpcf7-form-control wpcf7-submit has-spinner boton\" type=\"submit\" value=\"Senden\" \/>\n<\/div>\n<\/div><div class=\"wpcf7-response-output\" aria-hidden=\"true\"><\/div>\n<\/form>\n<\/div>\n\n<\/div>\n<\/div>\n<\/div><\/div>\n\n\n\n<p><\/p>\n","protected":false},"excerpt":{"rendered":"<p>Kontakt M\u00f6chten Sie die Associaci\u00f3 de C\u00e0mpings de Girona kontaktieren? Senden Sie uns eine Nachricht oder rufen Sie uns Uhr werktags an. 972 21 55 34 info@campingsingirona.com<\/p>\n","protected":false},"author":1,"featured_media":0,"parent":0,"menu_order":0,"comment_status":"closed","ping_status":"closed","template":"","meta":{"_acf_changed":false,"footnotes":""},"class_list":["post-16653","page","type-page","status-publish","hentry"],"acf":[],"_links":{"self":[{"href":"https:\/\/campingsingirona.com\/de\/wp-json\/wp\/v2\/pages\/16653","targetHints":{"allow":["GET"]}}],"collection":[{"href":"https:\/\/campingsingirona.com\/de\/wp-json\/wp\/v2\/pages"}],"about":[{"href":"https:\/\/campingsingirona.com\/de\/wp-json\/wp\/v2\/types\/page"}],"author":[{"embeddable":true,"href":"https:\/\/campingsingirona.com\/de\/wp-json\/wp\/v2\/users\/1"}],"replies":[{"embeddable":true,"href":"https:\/\/campingsingirona.com\/de\/wp-json\/wp\/v2\/comments?post=16653"}],"version-history":[{"count":5,"href":"https:\/\/campingsingirona.com\/de\/wp-json\/wp\/v2\/pages\/16653\/revisions"}],"predecessor-version":[{"id":31094,"href":"https:\/\/campingsingirona.com\/de\/wp-json\/wp\/v2\/pages\/16653\/revisions\/31094"}],"wp:attachment":[{"href":"https:\/\/campingsingirona.com\/de\/wp-json\/wp\/v2\/media?parent=16653"}],"curies":[{"name":"wp","href":"https:\/\/api.w.org\/{rel}","templated":true}]}}