{"id":16421,"date":"2021-04-09T08:43:54","date_gmt":"2021-04-09T08:43:54","guid":{"rendered":"https:\/\/campingsingirona.com\/campgo\/"},"modified":"2021-05-28T14:04:53","modified_gmt":"2021-05-28T14:04:53","slug":"campgo","status":"publish","type":"page","link":"https:\/\/campingsingirona.com\/de\/erfahrungen\/campgo\/","title":{"rendered":"Camp&#038;Go"},"content":{"rendered":"\n<h2 class=\"wp-block-heading\">Entdecken Sie die Vorteile einer Reise mit dem Wohnmobil<\/h2>\n\n\n\n<p>Genie\u00dfen Sie nach einem Reisetag eine komfortable \u00dcbernachtung. Tanken Sie Energie und genie\u00dfen Sie dabei einen tollen Ausblick von Ihrem Wohnmobil! Bereiten Sie sich in einer ruhigen und sicheren Umgebung ein leckeres Abendessen zu!<\/p>\n\n\n\n<p>Dank des innovativen Camp&amp;Go-Angebots f\u00fcr Wohnmobile ist dies auf Gironas Campingpl\u00e4tzen m\u00f6glich! \u00dcbernachten Sie zu verg\u00fcnstigten Preisen auf speziellen Campingpl\u00e4tzen f\u00fcr Wohnmobile.<\/p>\n\n\n\n<p>Entdecken Sie unsere Camp&amp;Go-Campingpl\u00e4tze f\u00fcr einen noch sch\u00f6neren und komfortableren Urlaub.<\/p>\n\n\n\n<p>*Erfahren Sie die speziellen Camp&amp;Go-Konditionen der einzelnen Campingpl\u00e4tze.<\/p>\n","protected":false},"excerpt":{"rendered":"<p>Entdecken Sie die Vorteile einer Reise mit dem Wohnmobil Genie\u00dfen Sie nach einem Reisetag eine komfortable \u00dcbernachtung. Tanken Sie Energie und genie\u00dfen Sie dabei einen tollen Ausblick von Ihrem Wohnmobil! Bereiten Sie sich in einer ruhigen und sicheren Umgebung ein leckeres Abendessen zu! Dank des innovativen Camp&amp;Go-Angebots f\u00fcr Wohnmobile ist dies auf Gironas Campingpl\u00e4tzen m\u00f6glich! [&hellip;]<\/p>\n","protected":false},"author":1,"featured_media":15856,"parent":15905,"menu_order":0,"comment_status":"closed","ping_status":"closed","template":"template-experiencia.php","meta":{"_acf_changed":false,"footnotes":""},"class_list":["post-16421","page","type-page","status-publish","has-post-thumbnail","hentry"],"acf":[],"_links":{"self":[{"href":"https:\/\/campingsingirona.com\/de\/wp-json\/wp\/v2\/pages\/16421","targetHints":{"allow":["GET"]}}],"collection":[{"href":"https:\/\/campingsingirona.com\/de\/wp-json\/wp\/v2\/pages"}],"about":[{"href":"https:\/\/campingsingirona.com\/de\/wp-json\/wp\/v2\/types\/page"}],"author":[{"embeddable":true,"href":"https:\/\/campingsingirona.com\/de\/wp-json\/wp\/v2\/users\/1"}],"replies":[{"embeddable":true,"href":"https:\/\/campingsingirona.com\/de\/wp-json\/wp\/v2\/comments?post=16421"}],"version-history":[{"count":5,"href":"https:\/\/campingsingirona.com\/de\/wp-json\/wp\/v2\/pages\/16421\/revisions"}],"predecessor-version":[{"id":18713,"href":"https:\/\/campingsingirona.com\/de\/wp-json\/wp\/v2\/pages\/16421\/revisions\/18713"}],"up":[{"embeddable":true,"href":"https:\/\/campingsingirona.com\/de\/wp-json\/wp\/v2\/pages\/15905"}],"wp:featuredmedia":[{"embeddable":true,"href":"https:\/\/campingsingirona.com\/de\/wp-json\/wp\/v2\/media\/15856"}],"wp:attachment":[{"href":"https:\/\/campingsingirona.com\/de\/wp-json\/wp\/v2\/media?parent=16421"}],"curies":[{"name":"wp","href":"https:\/\/api.w.org\/{rel}","templated":true}]}}