{"id":16371,"date":"2021-02-15T23:15:04","date_gmt":"2021-02-15T23:15:04","guid":{"rendered":"https:\/\/campingsingirona.com\/erfahrungem\/family-friendly\/"},"modified":"2023-08-01T11:08:57","modified_gmt":"2023-08-01T11:08:57","slug":"family-friendly","status":"publish","type":"page","link":"https:\/\/campingsingirona.com\/de\/erfahrungen\/family-friendly\/","title":{"rendered":"Kids &#038; Fun"},"content":{"rendered":"\n<h2 class=\"wp-block-heading\">Unternehmungen f\u00fcr alle Altersgruppen<\/h2>\n\n\n\n<p>In Girona gibt es zahlreiche Campingpl\u00e4tze mit dem Kennzeichen Kids&amp;Fun f\u00fcr Familien mit Kindern aller Altersgruppen. Insgesamt gibt es an der Costa Brava und in den Pyren\u00e4en 35 Familiencampingpl\u00e4tze. Diese verf\u00fcgen \u00fcber ein besonderes Angebot f\u00fcr Familien, die geeignete Infrastruktur, unz\u00e4hlige Unternehmungen f\u00fcr alle Altersgruppen und eine traumhafte Naturlandschaft f\u00fcr Unternehmungen mit der Familie.<\/p>\n\n\n\n<p>Sowohl am Meer als auch in den Bergen gibt es zahlreiche Aktivit\u00e4ten f\u00fcr einen unvergesslichen Familienurlaub an der frischen Luft und mitten in der Natur. Die Angebote und Aktivit\u00e4ten der Campingpl\u00e4tze mit dem Kennzeichen Kids&amp;Fun sind \u00e4u\u00dferst vielf\u00e4ltig, besonders erw\u00e4hnenswert sind jedoch: Kinderanimation, Fu\u00dfball- und Basketballpl\u00e4tze, Swimmingpools und Wasserparks, Restaurants mit Kindergerichten, Kinderbetreuung, Partys f\u00fcr Kinder und Erwachsene und viele andere Aktivit\u00e4ten, die Sie zusammen mit Ihrer Familie oder auch alleine aus\u00fcben k\u00f6nnen.<\/p>\n\n\n\n<p>Die Campingpl\u00e4tze mit dem Kennzeichen Kids&amp;Fun sind der perfekte Ferienort f\u00fcr Kinder aller Altersgruppen, da sie hier Freunde aus anderen L\u00e4nder finden, unterschiedliche Kulturen kennenlernen und ihre sozialen F\u00e4higkeiten in einer sicheren und gesunden Umgebung weiterentwickeln k\u00f6nnen. Dank der Kinderanimation wollen die Kinder den Campingplatz gar nicht mehr verlassen und im n\u00e4chsten Jahr gleich wiederkommen, um ihre neuen Freunde wieder zu sehen.<\/p>\n\n\n\n<h2 class=\"wp-block-heading\"><strong><strong><strong>Camping mit Kindern in Girona<\/strong><\/strong><\/strong><\/h2>\n\n\n\n<p>Viele der Campingpl\u00e4tze mit dem Kennzeichen Kids&amp;Fun liegen in mit dem Siegel f\u00fcr Familientourismus zertifizierten Orten. Dieses Siegel wird an Gemeinden verliehen, die auf Familientourismus spezialisiert sind und entsprechende Angebote bieten. An der Costa Brava und in den Pyren\u00e4en gibt es folgende f\u00fcr Familientourismus zertifizierte Orte: Blanes, Lloret de Mar, Torroella de Montgr\u00ed, Calonge-Sant Antoni, Roses, Castell &#8211; Platja d\u2019Aro, Sant Feliu de Gu\u00edxols, Sant Pere Pescador und Vall d\u2019en Bas &#8211; Les Preses. In manchen D\u00f6rfern finden Sie auch <a href=\"https:\/\/campingsingirona.com\/inspirat\/en\/7-platges-per-gaudir-en-familia\/\">ideale Str\u00e4nde f\u00fcr den Familienurlaub<\/a>.<\/p>\n","protected":false},"excerpt":{"rendered":"<p>Unternehmungen f\u00fcr alle Altersgruppen In Girona gibt es zahlreiche Campingpl\u00e4tze mit dem Kennzeichen Kids&amp;Fun f\u00fcr Familien mit Kindern aller Altersgruppen. Insgesamt gibt es an der Costa Brava und in den Pyren\u00e4en 35 Familiencampingpl\u00e4tze. Diese verf\u00fcgen \u00fcber ein besonderes Angebot f\u00fcr Familien, die geeignete Infrastruktur, unz\u00e4hlige Unternehmungen f\u00fcr alle Altersgruppen und eine traumhafte Naturlandschaft f\u00fcr Unternehmungen [&hellip;]<\/p>\n","protected":false},"author":1,"featured_media":16138,"parent":15905,"menu_order":0,"comment_status":"closed","ping_status":"closed","template":"template-experiencia.php","meta":{"_acf_changed":false,"footnotes":""},"class_list":["post-16371","page","type-page","status-publish","has-post-thumbnail","hentry"],"acf":[],"_links":{"self":[{"href":"https:\/\/campingsingirona.com\/de\/wp-json\/wp\/v2\/pages\/16371","targetHints":{"allow":["GET"]}}],"collection":[{"href":"https:\/\/campingsingirona.com\/de\/wp-json\/wp\/v2\/pages"}],"about":[{"href":"https:\/\/campingsingirona.com\/de\/wp-json\/wp\/v2\/types\/page"}],"author":[{"embeddable":true,"href":"https:\/\/campingsingirona.com\/de\/wp-json\/wp\/v2\/users\/1"}],"replies":[{"embeddable":true,"href":"https:\/\/campingsingirona.com\/de\/wp-json\/wp\/v2\/comments?post=16371"}],"version-history":[{"count":5,"href":"https:\/\/campingsingirona.com\/de\/wp-json\/wp\/v2\/pages\/16371\/revisions"}],"predecessor-version":[{"id":103645,"href":"https:\/\/campingsingirona.com\/de\/wp-json\/wp\/v2\/pages\/16371\/revisions\/103645"}],"up":[{"embeddable":true,"href":"https:\/\/campingsingirona.com\/de\/wp-json\/wp\/v2\/pages\/15905"}],"wp:featuredmedia":[{"embeddable":true,"href":"https:\/\/campingsingirona.com\/de\/wp-json\/wp\/v2\/media\/16138"}],"wp:attachment":[{"href":"https:\/\/campingsingirona.com\/de\/wp-json\/wp\/v2\/media?parent=16371"}],"curies":[{"name":"wp","href":"https:\/\/api.w.org\/{rel}","templated":true}]}}