{"id":16346,"date":"2021-02-15T23:10:01","date_gmt":"2021-02-15T23:10:01","guid":{"rendered":"https:\/\/campingsingirona.com\/erfahrungem\/glamping\/"},"modified":"2021-05-05T11:18:09","modified_gmt":"2021-05-05T11:18:09","slug":"glamping","status":"publish","type":"page","link":"https:\/\/campingsingirona.com\/de\/erfahrungen\/glamping\/","title":{"rendered":"Glamping"},"content":{"rendered":"\n<h2 class=\"wp-block-heading\">Luxuscampingpl\u00e4tze in Girona<\/h2>\n\n\n\n<p>Auf den Campingpl\u00e4tzen mit dem Kennzeichen Glamping Friendly k\u00f6nnen Sie Ihren Urlaub in der Sch\u00f6nheit der Natur der Costa Brava und der Pyren\u00e4en verbringen, ohne dabei auf Komfort verzichten zu m\u00fcssen. Im Laufe der Jahre entwickelten sich beim Camping auch neuere Unterkunftsformen f\u00fcr anspruchsvolle Camper, die einerseits die frische Luft und Natur der Campingpl\u00e4tze genie\u00dfen, gleichzeitig aber auch nicht auf Komfort und Luxus verzichten wollen.&nbsp;&nbsp;<\/p>\n\n\n\n<p>Unter Gironas Campingpl\u00e4tzen finden sich sechzehn Luxuscampingpl\u00e4tze mit dem Kennzeichen Glamping Friendly, die Ihnen einen unvergesslichen Urlaub in der wundersch\u00f6nen Natur der Costa Brava und der Pyren\u00e4en bieten. Neben luxuri\u00f6sen Unterk\u00fcnften bieten einige dieser Campingpl\u00e4tze auch Aktivit\u00e4ten wie beispielsweise E-Bike-Verleih, Spa, Sch\u00f6nheitsbehandlungen, Golfpl\u00e4tze, Kasinos oder Konzerte.&nbsp;&nbsp;&nbsp;&nbsp;<\/p>\n\n\n\n<p>Dank der Campingpl\u00e4tze mit dem Kennzeichen Glamping Friendly spricht nun nichts mehr gegen einen Urlaub in der traumhaften Natur der Costa Brava und der Pyren\u00e4en. In den Glamping-Unterk\u00fcnften mit exklusiven Leistungen f\u00fchlen Sie sich wie zu Hause!<\/p>\n","protected":false},"excerpt":{"rendered":"<p>Luxuscampingpl\u00e4tze in Girona Auf den Campingpl\u00e4tzen mit dem Kennzeichen Glamping Friendly k\u00f6nnen Sie Ihren Urlaub in der Sch\u00f6nheit der Natur der Costa Brava und der Pyren\u00e4en verbringen, ohne dabei auf Komfort verzichten zu m\u00fcssen. Im Laufe der Jahre entwickelten sich beim Camping auch neuere Unterkunftsformen f\u00fcr anspruchsvolle Camper, die einerseits die frische Luft und Natur [&hellip;]<\/p>\n","protected":false},"author":1,"featured_media":16153,"parent":15905,"menu_order":0,"comment_status":"closed","ping_status":"closed","template":"template-experiencia.php","meta":{"_acf_changed":false,"footnotes":""},"class_list":["post-16346","page","type-page","status-publish","has-post-thumbnail","hentry"],"acf":[],"_links":{"self":[{"href":"https:\/\/campingsingirona.com\/de\/wp-json\/wp\/v2\/pages\/16346","targetHints":{"allow":["GET"]}}],"collection":[{"href":"https:\/\/campingsingirona.com\/de\/wp-json\/wp\/v2\/pages"}],"about":[{"href":"https:\/\/campingsingirona.com\/de\/wp-json\/wp\/v2\/types\/page"}],"author":[{"embeddable":true,"href":"https:\/\/campingsingirona.com\/de\/wp-json\/wp\/v2\/users\/1"}],"replies":[{"embeddable":true,"href":"https:\/\/campingsingirona.com\/de\/wp-json\/wp\/v2\/comments?post=16346"}],"version-history":[{"count":3,"href":"https:\/\/campingsingirona.com\/de\/wp-json\/wp\/v2\/pages\/16346\/revisions"}],"predecessor-version":[{"id":17713,"href":"https:\/\/campingsingirona.com\/de\/wp-json\/wp\/v2\/pages\/16346\/revisions\/17713"}],"up":[{"embeddable":true,"href":"https:\/\/campingsingirona.com\/de\/wp-json\/wp\/v2\/pages\/15905"}],"wp:featuredmedia":[{"embeddable":true,"href":"https:\/\/campingsingirona.com\/de\/wp-json\/wp\/v2\/media\/16153"}],"wp:attachment":[{"href":"https:\/\/campingsingirona.com\/de\/wp-json\/wp\/v2\/media?parent=16346"}],"curies":[{"name":"wp","href":"https:\/\/api.w.org\/{rel}","templated":true}]}}