{"id":16327,"date":"2021-02-15T23:15:33","date_gmt":"2021-02-15T23:15:33","guid":{"rendered":"https:\/\/campingsingirona.com\/erfahrungem\/wellness\/"},"modified":"2021-08-03T05:45:43","modified_gmt":"2021-08-03T05:45:43","slug":"wellness","status":"publish","type":"page","link":"https:\/\/campingsingirona.com\/de\/erfahrungen\/wellness\/","title":{"rendered":"Wellness"},"content":{"rendered":"\n<h2 class=\"wp-block-heading\">Ruhige Campingpl\u00e4tze in Girona&nbsp;<\/h2>\n\n\n\n<p>Gironas Campingpl\u00e4tze mit dem Kennzeichen Wellness Friendly konzentrieren sich auf Gesundheit und Wohlbefinden Ihrer G\u00e4ste und bieten diesen daf\u00fcr spezielle Wellness- und Wohlf\u00fchlbehandlungen. Entdecken Sie die umfassenden Angebote dieser Campingpl\u00e4tze, darunter beispielsweise Spa-Bereiche, Jacuzzi, Saunen, beheizte Schwimmbecken, Massagen, Yoga- und Meditationsstunden oder Ayurvedabehandlungen am Strand.&nbsp;<\/p>\n\n\n\n<p>Derzeit gibt es f\u00fcnf Campingpl\u00e4tze mit dem Kennzeichen Wellness Friendly und exklusiven Angeboten f\u00fcr Gesundheit und Wohlbefinden. Alle befinden sich in einer traumhaften Umgebung, was sie zu einer wahren Oase der Zur\u00fcckgezogenheit macht, in der Sie Ihre Alltagssorgen vergessen und Ihren inneren Frieden wiederfinden k\u00f6nnen.<\/p>\n","protected":false},"excerpt":{"rendered":"<p>Ruhige Campingpl\u00e4tze in Girona&nbsp; Gironas Campingpl\u00e4tze mit dem Kennzeichen Wellness Friendly konzentrieren sich auf Gesundheit und Wohlbefinden Ihrer G\u00e4ste und bieten diesen daf\u00fcr spezielle Wellness- und Wohlf\u00fchlbehandlungen. Entdecken Sie die umfassenden Angebote dieser Campingpl\u00e4tze, darunter beispielsweise Spa-Bereiche, Jacuzzi, Saunen, beheizte Schwimmbecken, Massagen, Yoga- und Meditationsstunden oder Ayurvedabehandlungen am Strand.&nbsp; Derzeit gibt es f\u00fcnf Campingpl\u00e4tze mit [&hellip;]<\/p>\n","protected":false},"author":1,"featured_media":18577,"parent":15905,"menu_order":0,"comment_status":"closed","ping_status":"closed","template":"template-experiencia.php","meta":{"_acf_changed":false,"footnotes":""},"class_list":["post-16327","page","type-page","status-publish","has-post-thumbnail","hentry"],"acf":[],"_links":{"self":[{"href":"https:\/\/campingsingirona.com\/de\/wp-json\/wp\/v2\/pages\/16327","targetHints":{"allow":["GET"]}}],"collection":[{"href":"https:\/\/campingsingirona.com\/de\/wp-json\/wp\/v2\/pages"}],"about":[{"href":"https:\/\/campingsingirona.com\/de\/wp-json\/wp\/v2\/types\/page"}],"author":[{"embeddable":true,"href":"https:\/\/campingsingirona.com\/de\/wp-json\/wp\/v2\/users\/1"}],"replies":[{"embeddable":true,"href":"https:\/\/campingsingirona.com\/de\/wp-json\/wp\/v2\/comments?post=16327"}],"version-history":[{"count":5,"href":"https:\/\/campingsingirona.com\/de\/wp-json\/wp\/v2\/pages\/16327\/revisions"}],"predecessor-version":[{"id":21328,"href":"https:\/\/campingsingirona.com\/de\/wp-json\/wp\/v2\/pages\/16327\/revisions\/21328"}],"up":[{"embeddable":true,"href":"https:\/\/campingsingirona.com\/de\/wp-json\/wp\/v2\/pages\/15905"}],"wp:featuredmedia":[{"embeddable":true,"href":"https:\/\/campingsingirona.com\/de\/wp-json\/wp\/v2\/media\/18577"}],"wp:attachment":[{"href":"https:\/\/campingsingirona.com\/de\/wp-json\/wp\/v2\/media?parent=16327"}],"curies":[{"name":"wp","href":"https:\/\/api.w.org\/{rel}","templated":true}]}}