{"id":16284,"date":"2021-02-15T23:17:23","date_gmt":"2021-02-15T23:17:23","guid":{"rendered":"https:\/\/campingsingirona.com\/erfahrungem\/bedbike\/"},"modified":"2021-05-05T11:02:53","modified_gmt":"2021-05-05T11:02:53","slug":"bed-bike","status":"publish","type":"page","link":"https:\/\/campingsingirona.com\/de\/erfahrungen\/bed-bike\/","title":{"rendered":"Bed&#038;Bike"},"content":{"rendered":"\n<h2 class=\"wp-block-heading\">Das Vergn\u00fcgen einer Reise mit dem Fahrrad<\/h2>\n\n\n\n<p>Die Costa Brava und die Pyren\u00e4en sind ein weithin bekanntes Reiseziel f\u00fcr Radfahrer aus aller Welt. Das liegt an der vielf\u00e4ltigen Landschaft und den Wegen und Stra\u00dfen, die wie f\u00fcr diesen Sport gemacht scheinen. Hier einige der beliebtesten Fahrradtouren:&nbsp;<\/p>\n\n\n\n<ul class=\"wp-block-list\"><li><a href=\"https:\/\/www.viesverdes.cat\/es\/\" target=\"_blank\" rel=\"noopener\">V\u00edas Verdes de Catalunya.<\/a><\/li><li><a href=\"https:\/\/www.catalunya.com\/vias-verdes-ruta-pirinexus-24-1-527094?language=es\" target=\"_blank\" rel=\"noopener\">Ruta Pirinexus de Catalunya<\/a><\/li><li><a href=\"https:\/\/en.eurovelo.com\/\" target=\"_blank\" rel=\"noopener\">Pirineos EuroVelo 8.<\/a><\/li><li><a href=\"https:\/\/www.ciclisme.cat\/\" target=\"_blank\" rel=\"noopener\">Generales Ciclismo Ruta Campings.<\/a><\/li><li><a href=\"http:\/\/www.gironabikerides.com\/tria-la-teva-ruta\/?lang=es\" target=\"_blank\" rel=\"noopener\">Crea tu ruta a medida.<\/a><\/li><\/ul>\n\n\n\n<p>Wenn Sie eine Fahrradtour an der Costa Brava oder in den Pyren\u00e4en planen, dann sind die Campingpl\u00e4tze mit dem Kennzeichen Bed&amp;Bike in Girona mit ihren speziellen Unterkunftsangeboten f\u00fcr Radfahrer genau das Richtige F\u00fcr Sie! Diese bieten: Abstellr\u00e4ume f\u00fcr Fahrr\u00e4der, Reparaturwerkzeug, Ersatzreifen, einen Bereich zum Trocknen der Kleidung, gef\u00fchrte Fahrradtouren, einen Fahrradverleih und Radwege. Bei einer Fahrradtour mit unterschiedlichen Stationen bieten Ihnen die Campingpl\u00e4tze mit dem Kennzeichen Bed&amp;Bike Friendly in Girona die M\u00f6glichkeit, nur eine \u00dcbernachtung zu buchen.&nbsp;&nbsp;<\/p>\n\n\n\n<p>Genie\u00dfen Sie eine Fahrradtour durch Girona. Die entsprechenden Campingpl\u00e4tze finden Sie sowohl an der K\u00fcste, als auch im Landesinneren. F\u00fcr all jene, die lieber auf der Stra\u00dfe fahren, empfehlen wir eine Tour durch die Pyren\u00e4en oder vorbei an den mittelalterlichen D\u00f6rfern der Costa Brava mit einem unglaublichen Ausblick auf das Kloster von Sant Pere de Rodes oder einen der zahlreichen Wege rund um die Fahrradhauptstadt Girona. F\u00fcr Mountainbiker empfiehlt sich eine Tour entlang des Sees Lago de Banyoles oder \u00fcber die kilometerlangen Wege durch die Natur der Costa Brava und der Pyren\u00e4en. Dieses phantastische Erlebnis sollten Sie sich nicht entgehen lassen!<\/p>\n","protected":false},"excerpt":{"rendered":"<p>Das Vergn\u00fcgen einer Reise mit dem Fahrrad Die Costa Brava und die Pyren\u00e4en sind ein weithin bekanntes Reiseziel f\u00fcr Radfahrer aus aller Welt. Das liegt an der vielf\u00e4ltigen Landschaft und den Wegen und Stra\u00dfen, die wie f\u00fcr diesen Sport gemacht scheinen. Hier einige der beliebtesten Fahrradtouren:&nbsp; V\u00edas Verdes de Catalunya. Ruta Pirinexus de Catalunya Pirineos [&hellip;]<\/p>\n","protected":false},"author":1,"featured_media":16190,"parent":15905,"menu_order":0,"comment_status":"closed","ping_status":"closed","template":"template-experiencia.php","meta":{"_acf_changed":false,"footnotes":""},"class_list":["post-16284","page","type-page","status-publish","has-post-thumbnail","hentry"],"acf":[],"_links":{"self":[{"href":"https:\/\/campingsingirona.com\/de\/wp-json\/wp\/v2\/pages\/16284","targetHints":{"allow":["GET"]}}],"collection":[{"href":"https:\/\/campingsingirona.com\/de\/wp-json\/wp\/v2\/pages"}],"about":[{"href":"https:\/\/campingsingirona.com\/de\/wp-json\/wp\/v2\/types\/page"}],"author":[{"embeddable":true,"href":"https:\/\/campingsingirona.com\/de\/wp-json\/wp\/v2\/users\/1"}],"replies":[{"embeddable":true,"href":"https:\/\/campingsingirona.com\/de\/wp-json\/wp\/v2\/comments?post=16284"}],"version-history":[{"count":3,"href":"https:\/\/campingsingirona.com\/de\/wp-json\/wp\/v2\/pages\/16284\/revisions"}],"predecessor-version":[{"id":17692,"href":"https:\/\/campingsingirona.com\/de\/wp-json\/wp\/v2\/pages\/16284\/revisions\/17692"}],"up":[{"embeddable":true,"href":"https:\/\/campingsingirona.com\/de\/wp-json\/wp\/v2\/pages\/15905"}],"wp:featuredmedia":[{"embeddable":true,"href":"https:\/\/campingsingirona.com\/de\/wp-json\/wp\/v2\/media\/16190"}],"wp:attachment":[{"href":"https:\/\/campingsingirona.com\/de\/wp-json\/wp\/v2\/media?parent=16284"}],"curies":[{"name":"wp","href":"https:\/\/api.w.org\/{rel}","templated":true}]}}