{"id":15994,"date":"2021-02-10T23:35:55","date_gmt":"2021-02-10T23:35:55","guid":{"rendered":"https:\/\/campingsingirona.com\/home\/"},"modified":"2026-02-10T16:11:46","modified_gmt":"2026-02-10T16:11:46","slug":"home","status":"publish","type":"page","link":"https:\/\/campingsingirona.com\/de\/","title":{"rendered":"Home"},"content":{"rendered":"\n<div class=\"wp-block-cover cabecera con-scroll\"><img loading=\"lazy\" decoding=\"async\" width=\"1440\" height=\"864\" class=\"wp-block-cover__image-background wp-image-12544\" alt=\"\" src=\"https:\/\/campingsingirona.com\/wp-content\/uploads\/2021\/03\/home.jpg\" data-object-fit=\"cover\" srcset=\"https:\/\/campingsingirona.com\/wp-content\/uploads\/2021\/03\/home.jpg 1440w, https:\/\/campingsingirona.com\/wp-content\/uploads\/2021\/03\/home-1024x614.jpg 1024w, https:\/\/campingsingirona.com\/wp-content\/uploads\/2021\/03\/home-768x461.jpg 768w\" sizes=\"auto, (max-width: 1440px) 100vw, 1440px\" \/><span aria-hidden=\"true\" class=\"wp-block-cover__background has-background-dim-0 has-background-dim\"><\/span><div class=\"wp-block-cover__inner-container is-layout-flow wp-block-cover-is-layout-flow\">\n<h1 class=\"wp-block-heading has-text-align-center\">Entdecken Sie die Campingpl\u00e4tze an der Costa Brava und in den Pyren\u00e4en<\/h1>\n\n\n<div id=\"botones-block_6c9bb63e315e0ff16a9effad0e176087\" class=\"wp-block-group wp-block-botones\">\n        <ul class=\"botones\">\n                <li>\n            <a href=\"https:\/\/campingsingirona.com\/de\/erfahrungem\/\" class=\"boton boton1\">\n                Erfahrungen sammeln            <\/a>\n        <\/li>\n                <li>\n            <a href=\"https:\/\/campingsingirona.com\/de\/sehenswurdigkeiten\/\" class=\"boton boton2\">\n                Das Reiseziel kennen            <\/a>\n        <\/li>\n                <li>\n            <a href=\"https:\/\/campingsingirona.com\/de\/campingplatze\/\" class=\"boton boton3\">\n                Entdecken Sie die Campingpl\u00e4tze            <\/a>\n        <\/li>\n            <\/ul>\n    <\/div><\/div><\/div>\n\n\n\n<div class=\"wp-block-group page-wrapper separador-superior\"><div class=\"wp-block-group__inner-container is-layout-flow wp-block-group-is-layout-flow\">\n<h2 class=\"wp-block-heading has-text-align-center\"><strong>Warum sollten Sie einen <\/strong><\/h2>\n\n\n\n<h2 class=\"wp-block-heading has-text-align-center\"><strong>Campingplatz in Girona besuchen?<\/strong><\/h2>\n\n\n\n<p class=\"has-text-align-center separador-superior\">Die Campingpl\u00e4tze in Girona geh\u00f6ren zu den besten Urlaubsm\u00f6glichkeiten, um die Costa Brava und die Pyren\u00e4en zu erkunden.&nbsp;&nbsp;Sie bieten Unterk\u00fcnfte jeglicher Art in einer Region voller M\u00f6glichkeiten inmitten der Natur.&nbsp;<\/p>\n<\/div><\/div>\n\n\n<style type=\"text\/css\">\n\n<\/style>\n<div id=\"mapa-block_0fae8ff6742c37e4933d0e6368bff72e\" class=\"wp-block-group wp-block-mapa separador-inferior page-wrapper\">\n    <div class=\"mapa\">\n        <img decoding=\"async\" src=\"https:\/\/campingsingirona.com\/wp-content\/uploads\/2021\/03\/mapa.svg\" class=\"desktop\" \/>\n        <img decoding=\"async\" src=\"https:\/\/campingsingirona.com\/wp-content\/uploads\/2021\/04\/mapa-mobile.svg\" class=\"mobile\" \/>\n        <ul class=\"bolas\">\n                <li class=\"bola bola-0\">\n            <div class=\"titulo\">\n                <h2>Natur<\/h2>\n                <img decoding=\"async\" src=\"https:\/\/campingsingirona.com\/wp-content\/uploads\/2021\/03\/naturaleza.jpg\" \/>\n            <\/div>\n            <div class=\"html\">\n                <span><b>1.000 Landschaftsgebiete.<\/b>\r\n\r\nStr\u00e4nde und Buchten mit kristallklarem Wasser, umgeben von steilen Felsh\u00e4ngen, Ebenen, W\u00e4lder und hohe Berge vereinen sich zu einem herrlichen Naturgebiet.<\/span>\n            <\/div>\n        <\/li>\n                <li class=\"bola bola-1\">\n            <div class=\"titulo\">\n                <h2>Berge<\/h2>\n                <img decoding=\"async\" src=\"https:\/\/campingsingirona.com\/wp-content\/uploads\/2021\/03\/montana.jpg\" \/>\n            <\/div>\n            <div class=\"html\">\n                <span>Die Pyren\u00e4en sind ein magischer Ort mit hohen Bergen und traumhaften T\u00e4lern f\u00fcr Unternehmungen an der frischen Luft wie Ski fahren, Wandern oder Fahrradtouren.<\/span>\n            <\/div>\n        <\/li>\n                <li class=\"bola bola-2\">\n            <div class=\"titulo\">\n                <h2>D\u00f6rfer<\/h2>\n                <img decoding=\"async\" src=\"https:\/\/campingsingirona.com\/wp-content\/uploads\/2021\/03\/pueblos.jpg\" \/>\n            <\/div>\n            <div class=\"html\">\n                <span>Entdecken Sie sch\u00f6ne D\u00f6rfer, mittelalterliche Villen und St\u00e4dte mit Geschichte.  Bei einem Besuch der einzelnen D\u00f6rfer lernen Sie die Region und ihre freundlichen Menschen am besten kennen.<\/span>\n            <\/div>\n        <\/li>\n                <li class=\"bola bola-3\">\n            <div class=\"titulo\">\n                <h2>Kultur<\/h2>\n                <img decoding=\"async\" src=\"https:\/\/campingsingirona.com\/wp-content\/uploads\/2021\/03\/cultura.jpg\" \/>\n            <\/div>\n            <div class=\"html\">\n                <span>Tauchen Sie ein in die Geschichte einer Region, deren Kultur durch verschiedene Volksgruppen gepr\u00e4gt wurden, die zahlreichen K\u00fcnstlern als Inspiration diente und deren Traditionen von den Menschen nach wie vor bewahrt werden.<\/span>\n            <\/div>\n        <\/li>\n                <li class=\"bola bola-4\">\n            <div class=\"titulo\">\n                <h2>Meer<\/h2>\n                <img decoding=\"async\" src=\"https:\/\/campingsingirona.com\/wp-content\/uploads\/2021\/03\/mar.jpg\" \/>\n            <\/div>\n            <div class=\"html\">\n                <span>Die Costa Brava ist ein wahres Juwel unter den Str\u00e4nden Kataloniens. Hier k\u00f6nnen Sie an idyllischen Str\u00e4nden und Buchten mit kristallklarem Wasser das Mittelmeer in seiner reinsten Form erleben.<\/span>\n            <\/div>\n        <\/li>\n                <li class=\"bola bola-5\">\n            <div class=\"titulo\">\n                <h2>Gastrotomie<\/h2>\n                <img decoding=\"async\" src=\"https:\/\/campingsingirona.com\/wp-content\/uploads\/2021\/03\/gastronomia.jpg\" \/>\n            <\/div>\n            <div class=\"html\">\n                <span>Genie\u00dfen Sie Gironas Speisen und Weine, die international f\u00fcr den Geschmack des Meeres und der Berge bekannt sind.   Kosten Sie die typischen Produkte der einzelnen Regionen und entdecken Sie die Bedeutung regionaler Produkte.<\/span>\n            <\/div>\n        <\/li>\n                <\/ul>\n    <\/div>\n<\/div>\n\n\n<figure class=\"extendedwopts-md-center wp-block-embed is-type-video is-provider-youtube wp-block-embed-youtube wp-embed-aspect-16-9 wp-has-aspect-ratio\"><div class=\"wp-block-embed__wrapper\">\n<iframe loading=\"lazy\" title=\"Campingsingirona &amp; Family\" width=\"500\" height=\"281\" src=\"https:\/\/www.youtube.com\/embed\/XQqxcnYcX04?feature=oembed\" frameborder=\"0\" allow=\"accelerometer; autoplay; clipboard-write; encrypted-media; gyroscope; picture-in-picture; web-share\" referrerpolicy=\"strict-origin-when-cross-origin\" allowfullscreen><\/iframe>\n<\/div><\/figure>\n\n\n\n<div class=\"wp-block-group grfolleto is-nowrap is-layout-flex wp-container-core-group-is-layout-64989fb1 wp-block-group-is-layout-flex\">\n<figure class=\"wp-block-image size-full\"><img loading=\"lazy\" decoding=\"async\" width=\"1577\" height=\"1961\" src=\"https:\/\/campingsingirona.com\/wp-content\/uploads\/2025\/01\/Folleto_campingsingirona.jpg\" alt=\"\" class=\"wp-image-121597\" style=\"object-fit:cover\" srcset=\"https:\/\/campingsingirona.com\/wp-content\/uploads\/2025\/01\/Folleto_campingsingirona.jpg 1577w, https:\/\/campingsingirona.com\/wp-content\/uploads\/2025\/01\/Folleto_campingsingirona-823x1024.jpg 823w, https:\/\/campingsingirona.com\/wp-content\/uploads\/2025\/01\/Folleto_campingsingirona-768x955.jpg 768w, https:\/\/campingsingirona.com\/wp-content\/uploads\/2025\/01\/Folleto_campingsingirona-1235x1536.jpg 1235w\" sizes=\"auto, (max-width: 1577px) 100vw, 1577px\" \/><\/figure>\n\n\n\n<div class=\"wp-block-group\"><div class=\"wp-block-group__inner-container is-layout-constrained wp-block-group-is-layout-constrained\">\n<div style=\"height:61px\" aria-hidden=\"true\" class=\"wp-block-spacer\"><\/div>\n\n\n\n<h2 class=\"wp-block-heading\">Laden Sie die Brosch\u00fcre von Campings in Girona herunter<\/h2>\n\n\n\n<div style=\"height:29px\" aria-hidden=\"true\" class=\"wp-block-spacer\"><\/div>\n\n\n\n<p>Entdecken Sie alles, was die Campingpl\u00e4tze in Girona zu bieten haben! Laden Sie die Brosch\u00fcre herunter und erfahren Sie, warum sie die ideale Wahl sind, um die Natur, die Freiheit und einen Urlaub voller Abenteuer und Entspannung in einer Region zu genie\u00dfen, die unendliche M\u00f6glichkeiten f\u00fcr einzigartige Erlebnisse bietet.<\/p>\n\n\n\n<p class=\"extendedwopts-md-left boton alt\"><a href=\"https:\/\/campingsingirona.com\/wp-content\/uploads\/2025\/01\/Campings-In-Girona-ENG.pdf\" target=\"_blank\" rel=\"noreferrer noopener\">Lade es hier herunter<\/a><\/p>\n<\/div><\/div>\n<\/div>\n\n\n<div id=\"noticias-block_537f316d8318a3bd004a69743cfd75a3\" class=\"wp-block-group wp-block-noticias separador-superior separador-inferior\">\n    <div class=\"page-wrapper\">\n        <div class=\"cabecera-contenido\">\n            <h2>Be Inspired<\/h2>\n        <\/div>\n        <div class=\"descripcion-bloque-noticias html\">\n            <p>Willkommen beim Blog Be Inspired, einem Blog voller origineller Ideen f\u00fcr Ihren Urlaub an der Costa Brava und in den Pyren\u00e4en. Hier finden Sie die besten Ideen f\u00fcr einen Urlaub in dieser Region, Reisetipps, Touren, Ausfl\u00fcge, Sehensw\u00fcrdigkeiten, Erlebnisse und vieles mehr. Das d\u00fcrfen Sie nicht verpassen!<\/p>\n        <\/div>\n                <ul class=\"noticias noticias-destacadas\">\n            <li class=\"noticia noticia1 con-thumbnail\"  style=\"background-image:url(https:\/\/campingsingirona.com\/wp-content\/uploads\/2021\/07\/4048585Master.jpeg)\" >\n    <a href=\"https:\/\/campingsingirona.com\/de\/2024\/07\/die-10-besten-naturbaeder-in-girona\/\">\n                <div class=\"texto\">\n            <h3>Die 10 besten Naturb\u00e4der in Girona<\/h3>\n            <div class=\"fecha\">26 de Juli de 2024<\/div>\n        <\/div>\n    <\/a>\n<\/li><li class=\"noticia noticia2 con-thumbnail\"  style=\"background-image:url(https:\/\/campingsingirona.com\/wp-content\/uploads\/2024\/05\/Camping-nens.jpg)\" >\n    <a href=\"https:\/\/campingsingirona.com\/de\/2024\/05\/give-your-children-a-return-to-the-essence-of-childhood\/\">\n                <div class=\"texto\">\n            <h3>Give your children a return to the essence of childhood<\/h3>\n            <div class=\"fecha\">3 de Mai de 2024<\/div>\n        <\/div>\n    <\/a>\n<\/li><li class=\"noticia noticia3 con-thumbnail\"  style=\"background-image:url(https:\/\/campingsingirona.com\/wp-content\/uploads\/2023\/05\/Mas-Oller.-Torrent.-Joan-Divi-Figueras.-Arxiu-Imatges-PTCBG-3.webp)\" >\n    <a href=\"https:\/\/campingsingirona.com\/de\/2023\/04\/entdeckung-der-weinkeller-der-do-emporda\/\">\n                <div class=\"texto\">\n            <h3>Entdeckung der Weinkeller der DO Empord\u00e0<\/h3>\n            <div class=\"fecha\">28 de April de 2023<\/div>\n        <\/div>\n    <\/a>\n<\/li><li class=\"noticia noticia4 con-thumbnail\"  style=\"background-image:url(https:\/\/campingsingirona.com\/wp-content\/uploads\/2023\/03\/Teatre-Museu-Dali-Figueres.-Josep-Algans.-Arxiu-Imatges-PTCBG.jpg)\" >\n    <a href=\"https:\/\/campingsingirona.com\/de\/2023\/03\/dali-theatre-museum-jewel-surrealism\/\">\n                <div class=\"texto\">\n            <h3><strong>The Dal\u00ed Theatre &#8211; Museum, the jewel of surrealism<\/strong><\/h3>\n            <div class=\"fecha\">23 de M\u00e4rz de 2023<\/div>\n        <\/div>\n    <\/a>\n<\/li><li class=\"noticia noticia5 con-thumbnail\"  style=\"background-image:url(https:\/\/campingsingirona.com\/wp-content\/uploads\/2022\/08\/Cadaque\u0301s.-Ajuntament-de-Cadaque\u0301s.-Arxiu-Imatges-PTCBG-min.jpg)\" >\n    <a href=\"https:\/\/campingsingirona.com\/de\/2022\/08\/ruta-por-los-faros-de-la-costa-brava\/\">\n                <div class=\"texto\">\n            <h3>Costa Brava Leuchtturm-Route<\/h3>\n            <div class=\"fecha\">22 de August de 2022<\/div>\n        <\/div>\n    <\/a>\n<\/li><li class=\"noticia noticia6 con-thumbnail\"  style=\"background-image:url(https:\/\/campingsingirona.com\/wp-content\/uploads\/2023\/03\/PG-83.jpeg)\" >\n    <a href=\"https:\/\/campingsingirona.com\/de\/2023\/01\/what-to-do-in-la-garrotxa-with-children\/\">\n                <div class=\"texto\">\n            <h3><strong>What to do in La Garrotxa with children<\/strong><\/h3>\n            <div class=\"fecha\">27 de Januar de 2023<\/div>\n        <\/div>\n    <\/a>\n<\/li>        <\/ul>\n                <div class=\"ver-mas\">\n            <a class=\"boton alt\" href=\"https:\/\/campingsingirona.com\/de\/beinspired\/\">Mehr erfahren<\/a>\n        <\/div>\n    <\/div>\n<\/div>\n\n\n<p><\/p>\n\n\n\n<div class=\"wp-block-group page-wrapper\"><div class=\"wp-block-group__inner-container is-layout-flow wp-block-group-is-layout-flow\">\n<div class=\"wp-block-columns separador-superior is-layout-flex wp-container-core-columns-is-layout-9d6595d7 wp-block-columns-is-layout-flex\">\n<div class=\"wp-block-column is-layout-flow wp-block-column-is-layout-flow\"><style type=\"text\/css\">\n\n<\/style>\n<div id=\"logos-block_7ee22d9e79d5847b306b030903ab3e8c\" class=\"wp-block-group wp-block-logos\">\n    <h2>Sponsors<\/h2>\n        <ul class=\"logos\">\n                <li class=\"logo\">\n                        <a href=\"https:\/\/www.llagosnet.com\/es\/\" style=\"background-image:url(https:\/\/campingsingirona.com\/wp-content\/uploads\/2022\/03\/Logo_Llagosnet_bestline_negatiu_blau.jpg)\" target=\"_blank\" rel=\"noopener\"><\/a>\n                    <\/li>\n                <li class=\"logo\">\n                        <a href=\"https:\/\/serviturheinze.com\/\" style=\"background-image:url(https:\/\/campingsingirona.com\/wp-content\/uploads\/2021\/10\/Heinze-2.jpg)\" target=\"_blank\" rel=\"noopener\"><\/a>\n                    <\/li>\n                <li class=\"logo\">\n                        <a href=\"https:\/\/www.septeo.com\/es\/hospitality\" style=\"background-image:url(https:\/\/campingsingirona.com\/wp-content\/uploads\/2026\/02\/logo-septeo-hospitality-rgb_logo-Septeo-Hospitality-verti-dark.png)\" target=\"_blank\" rel=\"noopener\"><\/a>\n                    <\/li>\n                <li class=\"logo\">\n                        <a href=\"http:\/\/www.llort-tarradas.com\/\" style=\"background-image:url(https:\/\/campingsingirona.com\/wp-content\/uploads\/2025\/01\/llort-tarradas.jpeg)\" target=\"_blank\" rel=\"noopener\"><\/a>\n                    <\/li>\n                <li class=\"logo\">\n                        <a href=\"https:\/\/www.disbesa.com\/ca\/\" style=\"background-image:url(https:\/\/campingsingirona.com\/wp-content\/uploads\/2021\/10\/disbesa-darnes-3-e1635325494301.png)\" target=\"_blank\" rel=\"noopener\"><\/a>\n                    <\/li>\n                <li class=\"logo\">\n                        <a href=\"https:\/\/www.repsol.com\/es\/index.cshtml\" style=\"background-image:url(https:\/\/campingsingirona.com\/wp-content\/uploads\/2021\/07\/Diseno-sin-titulo1.jpg)\" target=\"_blank\" rel=\"noopener\"><\/a>\n                    <\/li>\n                <li class=\"logo\">\n                        <a href=\"https:\/\/www.tematicarquitectura.com\/\" style=\"background-image:url(https:\/\/campingsingirona.com\/wp-content\/uploads\/2024\/09\/TEMATIC.png)\" target=\"_blank\" rel=\"noopener\"><\/a>\n                    <\/li>\n                <li class=\"logo\">\n                        <a href=\"https:\/\/staff.es\/\" style=\"background-image:url(https:\/\/campingsingirona.com\/wp-content\/uploads\/2024\/09\/logo-grupo-vector1.png)\" target=\"_blank\" rel=\"noopener\"><\/a>\n                    <\/li>\n                <li class=\"logo\">\n                        <a href=\"https:\/\/sepesports.com\/\" style=\"background-image:url(https:\/\/campingsingirona.com\/wp-content\/uploads\/2024\/09\/Logo-vect.png)\" target=\"_blank\" rel=\"noopener\"><\/a>\n                    <\/li>\n                <li class=\"logo\">\n                        <a href=\"https:\/\/gapserveisturistics.com\/\" style=\"background-image:url(https:\/\/campingsingirona.com\/wp-content\/uploads\/2024\/09\/logo_gap-1.png)\" target=\"_blank\" rel=\"noopener\"><\/a>\n                    <\/li>\n                <li class=\"logo\">\n                        <a href=\"https:\/\/www.energy-tools.net\/\" style=\"background-image:url(https:\/\/campingsingirona.com\/wp-content\/uploads\/2024\/09\/Energy-Tools.png)\" target=\"_blank\" rel=\"noopener\"><\/a>\n                    <\/li>\n                <li class=\"logo\">\n                        <a href=\"https:\/\/edsunloisirs.com\/es\/\/\" style=\"background-image:url(https:\/\/campingsingirona.com\/wp-content\/uploads\/2024\/09\/LogoEDSUN_Fondbleu_Baseline.png)\" target=\"_blank\" rel=\"noopener\"><\/a>\n                    <\/li>\n                <li class=\"logo\">\n                        <a href=\"https:\/\/www.masiaemporda.com\/\" style=\"background-image:url(https:\/\/campingsingirona.com\/wp-content\/uploads\/2024\/08\/logo-masiaemporda.png)\" target=\"_blank\" rel=\"noopener\"><\/a>\n                    <\/li>\n                <li class=\"logo\">\n                        <a href=\"https:\/\/www.campany.es\/\" style=\"background-image:url(https:\/\/campingsingirona.com\/wp-content\/uploads\/2024\/08\/logo-campany.png)\" target=\"_blank\" rel=\"noopener\"><\/a>\n                    <\/li>\n                <li class=\"logo\">\n                        <a href=\"https:\/\/multivalles.com\/es\/\" style=\"background-image:url(https:\/\/campingsingirona.com\/wp-content\/uploads\/2024\/11\/logo_multiembalajes.png)\" target=\"_blank\" rel=\"noopener\"><\/a>\n                    <\/li>\n                <li class=\"logo\">\n                        <a href=\"https:\/\/www.servei.es\/\" style=\"background-image:url(https:\/\/campingsingirona.com\/wp-content\/uploads\/2024\/12\/logo-servei-sau.png)\" target=\"_blank\" rel=\"noopener\"><\/a>\n                    <\/li>\n                <li class=\"logo\">\n                        <a href=\"https:\/\/www.apliser.com\/\" style=\"background-image:url(https:\/\/campingsingirona.com\/wp-content\/uploads\/2025\/07\/APLISER-logo.png)\" target=\"_blank\" rel=\"noopener\"><\/a>\n                    <\/li>\n                <li class=\"logo\">\n                        <a href=\"https:\/\/addvalue.es\/\" style=\"background-image:url(https:\/\/campingsingirona.com\/wp-content\/uploads\/2026\/01\/Logo-Add-Value.png)\" target=\"_blank\" rel=\"noopener\"><\/a>\n                    <\/li>\n                <li class=\"logo\">\n                        <a href=\"https:\/\/www.controlplagagirona.com\/\" style=\"background-image:url(https:\/\/campingsingirona.com\/wp-content\/uploads\/2026\/02\/Qontrol-Plagas-Ax-vertical.jpg)\" target=\"_blank\" rel=\"noopener\"><\/a>\n                    <\/li>\n            <\/ul>\n    <\/div><\/div>\n\n\n\n<div class=\"wp-block-column is-layout-flow wp-block-column-is-layout-flow\"><style type=\"text\/css\">\n\n<\/style>\n<div id=\"logos-block_4f307bd749c3a65c6c480bdae6d5a036\" class=\"wp-block-group wp-block-logos\">\n    <h2>Unterst\u00fctzer<\/h2>\n        <ul class=\"logos\">\n                <li class=\"logo\">\n                        <a href=\"http:\/\/act.gencat.cat\/\" style=\"background-image:url(https:\/\/campingsingirona.com\/wp-content\/uploads\/2021\/10\/unnamed.gif)\" target=\"_blank\" rel=\"noopener\"><\/a>\n                    <\/li>\n                <li class=\"logo\">\n                        <a href=\"https:\/\/ca.costabrava.org\/\" style=\"background-image:url(https:\/\/campingsingirona.com\/wp-content\/uploads\/2021\/11\/CB_PG_V_P_1TC-scaled.jpg)\" target=\"_blank\" rel=\"noopener\"><\/a>\n                    <\/li>\n                <li class=\"logo\">\n                        <a href=\"https:\/\/www.ddgi.cat\/web\/\" style=\"background-image:url(https:\/\/campingsingirona.com\/wp-content\/uploads\/2021\/11\/DiputacioDeGirona.png)\" target=\"_blank\" rel=\"noopener\"><\/a>\n                    <\/li>\n                <li class=\"logo\">\n                        <a href=\"https:\/\/www.ddgi.cat\/web\/\" style=\"background-image:url(https:\/\/campingsingirona.com\/wp-content\/uploads\/2021\/11\/DDGI-2030-Demarcacio-Sostenible-2.jpg)\" target=\"_blank\" rel=\"noopener\"><\/a>\n                    <\/li>\n                <li class=\"logo\">\n                        <a href=\"http:\/\/www.foeg.cat\/\" style=\"background-image:url(https:\/\/campingsingirona.com\/wp-content\/uploads\/2024\/09\/logo_foeg_nou.jpg)\" target=\"_blank\" rel=\"noopener\"><\/a>\n                    <\/li>\n                <li class=\"logo\">\n                        <a href=\"https:\/\/www.doemporda.cat\/\" style=\"background-image:url(https:\/\/campingsingirona.com\/wp-content\/uploads\/2021\/10\/logo-do-emporda.jpg)\" target=\"_blank\" rel=\"noopener\"><\/a>\n                    <\/li>\n                <li class=\"logo\">\n                        <a href=\"https:\/\/www.enginyersgi.cat\/\" style=\"background-image:url(https:\/\/campingsingirona.com\/wp-content\/uploads\/2021\/10\/logo-1548256638057.jpg)\" target=\"_blank\" rel=\"noopener\"><\/a>\n                    <\/li>\n                <li class=\"logo\">\n                        <a href=\"https:\/\/www.viesverdes.cat\/:\/\/www.google.com\" style=\"background-image:url(https:\/\/campingsingirona.com\/wp-content\/uploads\/2021\/09\/ViesVerdes.jpg)\" target=\"_blank\" rel=\"noopener\"><\/a>\n                    <\/li>\n                <li class=\"logo\">\n                        <a href=\"https:\/\/www.mifas.cat\/es\/\" style=\"background-image:url(https:\/\/campingsingirona.com\/wp-content\/uploads\/2021\/10\/mifas-marcagrafica-grup-positiu-1050666-e1635326711105.jpg)\" target=\"_blank\" rel=\"noopener\"><\/a>\n                    <\/li>\n                <li class=\"logo\">\n                        <a href=\"https:\/\/www.udg.edu\/es\/\" style=\"background-image:url(https:\/\/campingsingirona.com\/wp-content\/uploads\/2021\/10\/logo-girona-e1635324745802.jpg)\" target=\"_blank\" rel=\"noopener\"><\/a>\n                    <\/li>\n                <li class=\"logo\">\n                        <a href=\"https:\/\/www.servei.es\/\" style=\"background-image:url(https:\/\/campingsingirona.com\/wp-content\/uploads\/2024\/12\/logo-servei-sau.png)\" target=\"_blank\" rel=\"noopener\"><\/a>\n                    <\/li>\n            <\/ul>\n    <\/div><\/div>\n<\/div>\n<\/div><\/div>\n\n\n\n<p><\/p>\n","protected":false},"excerpt":{"rendered":"<p>Warum sollten Sie einen Campingplatz in Girona besuchen? Die Campingpl\u00e4tze in Girona geh\u00f6ren zu den besten Urlaubsm\u00f6glichkeiten, um die Costa Brava und die Pyren\u00e4en zu erkunden.&nbsp;&nbsp;Sie bieten Unterk\u00fcnfte jeglicher Art in einer Region voller M\u00f6glichkeiten inmitten der Natur.&nbsp; Laden Sie die Brosch\u00fcre von Campings in Girona herunter Entdecken Sie alles, was die Campingpl\u00e4tze in Girona [&hellip;]<\/p>\n","protected":false},"author":1,"featured_media":0,"parent":0,"menu_order":0,"comment_status":"closed","ping_status":"closed","template":"","meta":{"_acf_changed":false,"footnotes":""},"class_list":["post-15994","page","type-page","status-publish","hentry"],"acf":[],"_links":{"self":[{"href":"https:\/\/campingsingirona.com\/de\/wp-json\/wp\/v2\/pages\/15994","targetHints":{"allow":["GET"]}}],"collection":[{"href":"https:\/\/campingsingirona.com\/de\/wp-json\/wp\/v2\/pages"}],"about":[{"href":"https:\/\/campingsingirona.com\/de\/wp-json\/wp\/v2\/types\/page"}],"author":[{"embeddable":true,"href":"https:\/\/campingsingirona.com\/de\/wp-json\/wp\/v2\/users\/1"}],"replies":[{"embeddable":true,"href":"https:\/\/campingsingirona.com\/de\/wp-json\/wp\/v2\/comments?post=15994"}],"version-history":[{"count":11,"href":"https:\/\/campingsingirona.com\/de\/wp-json\/wp\/v2\/pages\/15994\/revisions"}],"predecessor-version":[{"id":145593,"href":"https:\/\/campingsingirona.com\/de\/wp-json\/wp\/v2\/pages\/15994\/revisions\/145593"}],"wp:attachment":[{"href":"https:\/\/campingsingirona.com\/de\/wp-json\/wp\/v2\/media?parent=15994"}],"curies":[{"name":"wp","href":"https:\/\/api.w.org\/{rel}","templated":true}]}}